{"id":27009,"date":"2025-04-03T09:21:27","date_gmt":"2025-04-03T09:21:27","guid":{"rendered":"https:\/\/esquell.eu\/product\/plaque-de-pression-plaque-de-rouleau-acrylique-transparent-extra-long-1015cm\/"},"modified":"2026-01-31T15:29:58","modified_gmt":"2026-01-31T15:29:58","slug":"plaque-de-pression-plaque-de-rouleau-acrylique-transparent-extra-long-1015cm","status":"publish","type":"product","link":"https:\/\/esquell.eu\/fr\/produit\/plaque-de-pression-plaque-de-rouleau-acrylique-transparent-extra-long-1015cm\/","title":{"rendered":"Plaque de pression, plaque de rouleau acrylique transparent extra long 10*15cm"},"content":{"rendered":"<p>Plaque de pression, plaque de roulement, snakeroller, pour \u00e9taler ou presser l&rsquo;argile uniform\u00e9ment.<\/p>\n<p>Enduisez la plaque d&rsquo;huile d&rsquo;olive ou de formule antiadh\u00e9sive coolslip pour emp\u00eacher l&rsquo;argile de coller \u00e0 la plaque.<\/p>\n","protected":false},"excerpt":{"rendered":"<p>Plaque de pression, plaque de roulement, snakeroller, pour \u00e9taler ou presser l&rsquo;argile uniform\u00e9ment.<\/p>\n<p>Enduisez la plaque d&rsquo;huile d&rsquo;olive ou de <a href=\"?ObjectPath=\/Shops\/83636376\/Products\/AM0007\">formule antiadh\u00e9sive coolslip<\/a> pour emp\u00eacher l&rsquo;argile de coller \u00e0 la plaque.<\/p>\n<p>&nbsp;<\/p>\n","protected":false},"featured_media":7543,"comment_status":"closed","ping_status":"closed","template":"","meta":{"_acf_changed":false,"_seopress_robots_primary_cat":"none","_seopress_titles_title":"","_seopress_titles_desc":"","_seopress_robots_index":""},"more":[],"product_brand":[6398],"product_cat":[7504,7412,7396],"product_tag":[6645,6646,8213,6923,7098,6638,7590,6741,6388,6473,6404,6406,6420,7028,6378,6390,6405,6565,6575,6737,8620,6372,6642,7654,6402,8350,8737,6641,6958,8735,6389,8355,8741,6941,6792,6409,6412,6819,8739,6738,8424,6650,6423,15106,6655,6647,6374,6815,6785,6849,6653,7417,6651,6659,7659,7662,7415,8722,8433,8733,6472,6403,8745,6789,7851,7650,13735,6708,6759,7031,8747,6416,7657,6661,6567,6643,7405,6726,6636,6657,6714,7394,6816,6665,21243,21241,7029,8743,8736,16005,9789,21239,20968,21242,6663,21234,6787,7102,6408,6667],"class_list":{"0":"post-27009","1":"product","2":"type-product","3":"status-publish","4":"has-post-thumbnail","6":"product_brand-l1","7":"product_cat-argile","8":"product_cat-outils-de-base","9":"product_cat-outils-pour-anneaux","10":"product_tag-a","11":"product_tag-acheter","12":"product_tag-agent-de-demoulage","13":"product_tag-amsterdam","14":"product_tag-anneau","15":"product_tag-anneaux","16":"product_tag-argent-malleable-2","17":"product_tag-argile-3","18":"product_tag-argile","19":"product_tag-argile-2","20":"product_tag-argile-argentee","21":"product_tag-argile-aurifere","22":"product_tag-argile-bronze","23":"product_tag-argile-cuivreuse","24":"product_tag-argile-metallique","25":"product_tag-argile-metallique-2","26":"product_tag-artclay","27":"product_tag-atelier","28":"product_tag-ateliers","29":"product_tag-avaler","30":"product_tag-base-de-connaissances","31":"product_tag-bijoux","32":"product_tag-bijoux-2","33":"product_tag-bijoux-5","34":"product_tag-bon-marche","35":"product_tag-boucle-doreille","36":"product_tag-boucle-doreille-2","37":"product_tag-boucles-doreilles","38":"product_tag-boutique","39":"product_tag-boutique-2","40":"product_tag-boutique-en-ligne","41":"product_tag-bouton-doreille","42":"product_tag-bouton-doreille-2","43":"product_tag-brabant","44":"product_tag-bracelet","45":"product_tag-bricolage","46":"product_tag-bronze","47":"product_tag-cernit","48":"product_tag-clous-doreilles-2","49":"product_tag-cool","50":"product_tag-cooltools","51":"product_tag-cuivre","52":"product_tag-de","53":"product_tag-deployer","54":"product_tag-drenthe","55":"product_tag-en-ligne","56":"product_tag-faire","57":"product_tag-fimo","58":"product_tag-flevoland","59":"product_tag-formulaires","60":"product_tag-frise","61":"product_tag-glissiere-de-securite","62":"product_tag-groningue","63":"product_tag-gueldre","64":"product_tag-hollande-du-nord","65":"product_tag-hollande-du-sud","66":"product_tag-huile-dolive","67":"product_tag-internet","68":"product_tag-kits-de-demarrage","69":"product_tag-kits-de-demarrage-2","70":"product_tag-lart","71":"product_tag-lor","72":"product_tag-la-texture","73":"product_tag-limbourg","74":"product_tag-manuel","75":"product_tag-manuels","76":"product_tag-mastic","77":"product_tag-mercerie","78":"product_tag-metal","79":"product_tag-metal-2","80":"product_tag-modeles","81":"product_tag-modelisation","82":"product_tag-nop","83":"product_tag-nord","84":"product_tag-offrir","85":"product_tag-ou","86":"product_tag-outil-2","87":"product_tag-outils-2","88":"product_tag-outils","89":"product_tag-overijssel","90":"product_tag-pack-de-demarrage","91":"product_tag-pack-de-demarrage-2","92":"product_tag-pate-polymere","93":"product_tag-pays-bas-2","94":"product_tag-plaque-a-rouleaux","95":"product_tag-plaque-de-pression","96":"product_tag-pmc","97":"product_tag-poncage","98":"product_tag-presomptueux","99":"product_tag-presse","100":"product_tag-pulveriser-2","101":"product_tag-rouleau-2","102":"product_tag-rouleaux-2","103":"product_tag-snakeroller","104":"product_tag-sud","105":"product_tag-tuyau-2","106":"product_tag-utrecht","107":"product_tag-vasieres","108":"product_tag-vous","109":"product_tag-zelande","110":"product_shipping_class-standard","112":"first","113":"instock","114":"taxable","115":"shipping-taxable","116":"purchasable","117":"product-type-simple"},"acf":[],"_links":{"self":[{"href":"https:\/\/esquell.eu\/fr\/wp-json\/wp\/v2\/product\/27009","targetHints":{"allow":["GET"]}}],"collection":[{"href":"https:\/\/esquell.eu\/fr\/wp-json\/wp\/v2\/product"}],"about":[{"href":"https:\/\/esquell.eu\/fr\/wp-json\/wp\/v2\/types\/product"}],"replies":[{"embeddable":true,"href":"https:\/\/esquell.eu\/fr\/wp-json\/wp\/v2\/comments?post=27009"}],"wp:featuredmedia":[{"embeddable":true,"href":"https:\/\/esquell.eu\/fr\/wp-json\/wp\/v2\/media\/7543"}],"wp:attachment":[{"href":"https:\/\/esquell.eu\/fr\/wp-json\/wp\/v2\/media?parent=27009"}],"wp:term":[{"taxonomy":"more","embeddable":true,"href":"https:\/\/esquell.eu\/fr\/wp-json\/wp\/v2\/more?post=27009"},{"taxonomy":"product_brand","embeddable":true,"href":"https:\/\/esquell.eu\/fr\/wp-json\/wp\/v2\/product_brand?post=27009"},{"taxonomy":"product_cat","embeddable":true,"href":"https:\/\/esquell.eu\/fr\/wp-json\/wp\/v2\/product_cat?post=27009"},{"taxonomy":"product_tag","embeddable":true,"href":"https:\/\/esquell.eu\/fr\/wp-json\/wp\/v2\/product_tag?post=27009"}],"curies":[{"name":"wp","href":"https:\/\/api.w.org\/{rel}","templated":true}]}}