{"id":26998,"date":"2025-04-03T09:21:27","date_gmt":"2025-04-03T09:21:27","guid":{"rendered":"https:\/\/esquell.eu\/product\/plaque-de-pression-plaque-de-rouleau-acrylique-transparent-1010cm\/"},"modified":"2025-12-22T11:09:08","modified_gmt":"2025-12-22T11:09:08","slug":"plaque-de-pression-plaque-de-rouleau-acrylique-transparent-1010cm","status":"publish","type":"product","link":"https:\/\/esquell.eu\/fr\/produit\/plaque-de-pression-plaque-de-rouleau-acrylique-transparent-1010cm\/","title":{"rendered":"Plaque de pression, plaque de rouleau acrylique transparent 10*10cm"},"content":{"rendered":"<p>Plaque de pression, plaque \u00e0 rouler, snakeroller, pour rouler ou presser l&rsquo;argile uniform\u00e9ment.<\/p>\n<p>Utilisation avec de l&rsquo;argile m\u00e9tallique : enduisez la plaque d&rsquo;huile d&rsquo;olive ou de formule antiadh\u00e9sive coolslip pour emp\u00eacher l&rsquo;argile de coller \u00e0 la plaque.<\/p>\n","protected":false},"excerpt":{"rendered":"<p>Plaque de pression, plaque \u00e0 rouler, snakeroller, pour rouler ou presser l&rsquo;argile uniform\u00e9ment.<\/p>\n<p>Utilisation avec de l&rsquo;argile m\u00e9tallique : enduisez la plaque d&rsquo;huile d&rsquo;olive ou de <a href=\"?ObjectPath=\/Shops\/83636376\/Products\/AM0007\">formule antiadh\u00e9sive coolslip<\/a> pour emp\u00eacher l&rsquo;argile de coller \u00e0 la plaque.<\/p>\n<p>&nbsp;<\/p>\n","protected":false},"featured_media":26999,"comment_status":"closed","ping_status":"closed","template":"","meta":{"_acf_changed":false,"_seopress_robots_primary_cat":"none","_seopress_titles_title":"","_seopress_titles_desc":"","_seopress_robots_index":""},"more":[],"product_brand":[6398],"product_cat":[7504,7412],"product_tag":[6645,6646,8213,6923,7098,6638,7590,6388,6473,6741,6404,6406,6420,7028,6378,6390,6405,6565,6575,6737,8620,7654,6372,6642,6402,8350,8737,6641,6958,8735,6389,8355,8741,6941,6792,6409,6412,6819,8739,6738,8424,6650,6423,15106,6655,6647,6374,6815,6785,6849,6653,7417,6651,6659,7659,7662,7415,8722,8433,8733,6472,6403,8745,6789,7851,7650,13735,6708,6759,7031,8747,6416,7657,6661,6567,6643,7405,6636,6726,6657,6714,7394,6816,6665,21243,21241,7029,8743,8736,16005,9789,21239,20968,21242,6663,21234,6787,7102,6408,6667],"class_list":{"0":"post-26998","1":"product","2":"type-product","3":"status-publish","4":"has-post-thumbnail","6":"product_brand-l1","7":"product_cat-argile","8":"product_cat-outils-de-base","9":"product_tag-a","10":"product_tag-acheter","11":"product_tag-agent-de-demoulage","12":"product_tag-amsterdam","13":"product_tag-anneau","14":"product_tag-anneaux","15":"product_tag-argent-malleable-2","16":"product_tag-argile","17":"product_tag-argile-2","18":"product_tag-argile-3","19":"product_tag-argile-argentee","20":"product_tag-argile-aurifere","21":"product_tag-argile-bronze","22":"product_tag-argile-cuivreuse","23":"product_tag-argile-metallique","24":"product_tag-argile-metallique-2","25":"product_tag-artclay","26":"product_tag-atelier","27":"product_tag-ateliers","28":"product_tag-avaler","29":"product_tag-base-de-connaissances","30":"product_tag-bijoux-5","31":"product_tag-bijoux","32":"product_tag-bijoux-2","33":"product_tag-bon-marche","34":"product_tag-boucle-doreille","35":"product_tag-boucle-doreille-2","36":"product_tag-boucles-doreilles","37":"product_tag-boutique","38":"product_tag-boutique-2","39":"product_tag-boutique-en-ligne","40":"product_tag-bouton-doreille","41":"product_tag-bouton-doreille-2","42":"product_tag-brabant","43":"product_tag-bracelet","44":"product_tag-bricolage","45":"product_tag-bronze","46":"product_tag-cernit","47":"product_tag-clous-doreilles-2","48":"product_tag-cool","49":"product_tag-cooltools","50":"product_tag-cuivre","51":"product_tag-de","52":"product_tag-deployer","53":"product_tag-drenthe","54":"product_tag-en-ligne","55":"product_tag-faire","56":"product_tag-fimo","57":"product_tag-flevoland","58":"product_tag-formulaires","59":"product_tag-frise","60":"product_tag-glissiere-de-securite","61":"product_tag-groningue","62":"product_tag-gueldre","63":"product_tag-hollande-du-nord","64":"product_tag-hollande-du-sud","65":"product_tag-huile-dolive","66":"product_tag-internet","67":"product_tag-kits-de-demarrage","68":"product_tag-kits-de-demarrage-2","69":"product_tag-lart","70":"product_tag-lor","71":"product_tag-la-texture","72":"product_tag-limbourg","73":"product_tag-manuel","74":"product_tag-manuels","75":"product_tag-mastic","76":"product_tag-mercerie","77":"product_tag-metal","78":"product_tag-metal-2","79":"product_tag-modeles","80":"product_tag-modelisation","81":"product_tag-nop","82":"product_tag-nord","83":"product_tag-offrir","84":"product_tag-ou","85":"product_tag-outil-2","86":"product_tag-outils","87":"product_tag-outils-2","88":"product_tag-overijssel","89":"product_tag-pack-de-demarrage","90":"product_tag-pack-de-demarrage-2","91":"product_tag-pate-polymere","92":"product_tag-pays-bas-2","93":"product_tag-plaque-a-rouleaux","94":"product_tag-plaque-de-pression","95":"product_tag-pmc","96":"product_tag-poncage","97":"product_tag-presomptueux","98":"product_tag-presse","99":"product_tag-pulveriser-2","100":"product_tag-rouleau-2","101":"product_tag-rouleaux-2","102":"product_tag-snakeroller","103":"product_tag-sud","104":"product_tag-tuyau-2","105":"product_tag-utrecht","106":"product_tag-vasieres","107":"product_tag-vous","108":"product_tag-zelande","109":"product_shipping_class-standard","111":"first","112":"instock","113":"taxable","114":"shipping-taxable","115":"purchasable","116":"product-type-simple"},"acf":[],"_links":{"self":[{"href":"https:\/\/esquell.eu\/fr\/wp-json\/wp\/v2\/product\/26998","targetHints":{"allow":["GET"]}}],"collection":[{"href":"https:\/\/esquell.eu\/fr\/wp-json\/wp\/v2\/product"}],"about":[{"href":"https:\/\/esquell.eu\/fr\/wp-json\/wp\/v2\/types\/product"}],"replies":[{"embeddable":true,"href":"https:\/\/esquell.eu\/fr\/wp-json\/wp\/v2\/comments?post=26998"}],"wp:featuredmedia":[{"embeddable":true,"href":"https:\/\/esquell.eu\/fr\/wp-json\/wp\/v2\/media\/26999"}],"wp:attachment":[{"href":"https:\/\/esquell.eu\/fr\/wp-json\/wp\/v2\/media?parent=26998"}],"wp:term":[{"taxonomy":"more","embeddable":true,"href":"https:\/\/esquell.eu\/fr\/wp-json\/wp\/v2\/more?post=26998"},{"taxonomy":"product_brand","embeddable":true,"href":"https:\/\/esquell.eu\/fr\/wp-json\/wp\/v2\/product_brand?post=26998"},{"taxonomy":"product_cat","embeddable":true,"href":"https:\/\/esquell.eu\/fr\/wp-json\/wp\/v2\/product_cat?post=26998"},{"taxonomy":"product_tag","embeddable":true,"href":"https:\/\/esquell.eu\/fr\/wp-json\/wp\/v2\/product_tag?post=26998"}],"curies":[{"name":"wp","href":"https:\/\/api.w.org\/{rel}","templated":true}]}}