{"id":26985,"date":"2025-04-03T09:21:27","date_gmt":"2025-04-03T09:21:27","guid":{"rendered":"https:\/\/esquell.eu\/product\/stylo-seringue-support-pour-largile-a-pulveriser-ou-les-pates-a-souder\/"},"modified":"2025-04-03T09:21:27","modified_gmt":"2025-04-03T09:21:27","slug":"stylo-seringue-support-pour-largile-a-pulveriser-ou-les-pates-a-souder","status":"publish","type":"product","link":"https:\/\/esquell.eu\/fr\/produit\/stylo-seringue-support-pour-largile-a-pulveriser-ou-les-pates-a-souder\/","title":{"rendered":"Stylo seringue. Support pour l&rsquo;argile \u00e0 pulv\u00e9riser ou les p\u00e2tes \u00e0 souder"},"content":{"rendered":"<p>Epingle \u00e0 seringue<\/p>\n<p>Support pour argile \u00e0 pulv\u00e9riser \/ seringue<\/p>\n<p>Support pour p\u00e2tes \u00e0 souder<\/p>\n","protected":false},"excerpt":{"rendered":"<p>\u00c9pingle \u00e0 seringue<\/p>\n<p>Support pour argile \u00e0 pulv\u00e9riser<\/p>\n<p>Support pour p\u00e2tes \u00e0 souder<\/p>\n","protected":false},"featured_media":7550,"comment_status":"closed","ping_status":"closed","template":"","meta":{"_acf_changed":false,"_seopress_robots_primary_cat":"none","_seopress_titles_title":"","_seopress_titles_desc":"","_seopress_robots_index":""},"more":[],"product_brand":[6521],"product_cat":[7504,10058],"product_tag":[],"class_list":{"0":"post-26985","1":"product","2":"type-product","3":"status-publish","4":"has-post-thumbnail","6":"product_brand-promethee","7":"product_cat-argile","8":"product_cat-soudure","9":"product_shipping_class-standard","11":"first","12":"instock","13":"taxable","14":"shipping-taxable","15":"purchasable","16":"product-type-simple"},"acf":[],"_links":{"self":[{"href":"https:\/\/esquell.eu\/fr\/wp-json\/wp\/v2\/product\/26985","targetHints":{"allow":["GET"]}}],"collection":[{"href":"https:\/\/esquell.eu\/fr\/wp-json\/wp\/v2\/product"}],"about":[{"href":"https:\/\/esquell.eu\/fr\/wp-json\/wp\/v2\/types\/product"}],"replies":[{"embeddable":true,"href":"https:\/\/esquell.eu\/fr\/wp-json\/wp\/v2\/comments?post=26985"}],"wp:featuredmedia":[{"embeddable":true,"href":"https:\/\/esquell.eu\/fr\/wp-json\/wp\/v2\/media\/7550"}],"wp:attachment":[{"href":"https:\/\/esquell.eu\/fr\/wp-json\/wp\/v2\/media?parent=26985"}],"wp:term":[{"taxonomy":"more","embeddable":true,"href":"https:\/\/esquell.eu\/fr\/wp-json\/wp\/v2\/more?post=26985"},{"taxonomy":"product_brand","embeddable":true,"href":"https:\/\/esquell.eu\/fr\/wp-json\/wp\/v2\/product_brand?post=26985"},{"taxonomy":"product_cat","embeddable":true,"href":"https:\/\/esquell.eu\/fr\/wp-json\/wp\/v2\/product_cat?post=26985"},{"taxonomy":"product_tag","embeddable":true,"href":"https:\/\/esquell.eu\/fr\/wp-json\/wp\/v2\/product_tag?post=26985"}],"curies":[{"name":"wp","href":"https:\/\/api.w.org\/{rel}","templated":true}]}}