{"id":26974,"date":"2025-04-03T09:21:27","date_gmt":"2025-04-03T09:21:27","guid":{"rendered":"https:\/\/esquell.eu\/product\/seringue-de-dosage-3ml\/"},"modified":"2025-04-03T09:21:27","modified_gmt":"2025-04-03T09:21:27","slug":"seringue-de-dosage-3ml","status":"publish","type":"product","link":"https:\/\/esquell.eu\/fr\/produit\/seringue-de-dosage-3ml\/","title":{"rendered":"Seringue de dosage 3ml"},"content":{"rendered":"<p>Seringue de dosage 3ml.<br \/>\nEntre autres, tr\u00e8s appropri\u00e9 pour faire des cordes \/ tubes en arguile d&rsquo;argent.<\/p>\n","protected":false},"excerpt":{"rendered":"<p>Seringue de dosage 3ml.<\/p>\n<p>&nbsp;<\/p>\n<p>Id\u00e9al pour fabriquer des cordes et des serpents en arguile d&rsquo;argent.<\/p>\n<p>Astuce : vaporisez avec la formule antiadh\u00e9sive Coolslip. L&rsquo;argile ne colle pas au pulv\u00e9risateur et le slime est tr\u00e8s maniable. Ne colle \u00e0 rien.  <\/p>\n<p>&nbsp;<\/p>\n","protected":false},"featured_media":7101,"comment_status":"closed","ping_status":"closed","template":"","meta":{"_acf_changed":false,"_seopress_robots_primary_cat":"none","_seopress_titles_title":"","_seopress_titles_desc":"","_seopress_robots_index":""},"more":[],"product_brand":[6398],"product_cat":[7504,6364],"product_tag":[6527,6404,6378,6390,6372,21235,15024,18283,21237,21236,7417,9819,12552,21233,10169,6782,18441,21234,8037],"class_list":{"0":"post-26974","1":"product","2":"type-product","3":"status-publish","4":"has-post-thumbnail","6":"product_brand-l1","7":"product_cat-argile","8":"product_cat-materiel-supplementaire","9":"product_tag-anti","10":"product_tag-argile-argentee","11":"product_tag-argile-metallique","12":"product_tag-argile-metallique-2","13":"product_tag-bijoux","14":"product_tag-chaine-5","15":"product_tag-cordes-4","16":"product_tag-decorations","17":"product_tag-faire-des-boucles-doreilles","18":"product_tag-formule","19":"product_tag-glissiere-de-securite","20":"product_tag-pate-3","21":"product_tag-pendentif-oeil-2","22":"product_tag-pulveriser-4","23":"product_tag-seringue-2","24":"product_tag-seringue","25":"product_tag-tuyau","26":"product_tag-tuyau-2","27":"product_tag-yeux","28":"product_shipping_class-standard","30":"first","31":"instock","32":"taxable","33":"shipping-taxable","34":"purchasable","35":"product-type-simple"},"acf":[],"_links":{"self":[{"href":"https:\/\/esquell.eu\/fr\/wp-json\/wp\/v2\/product\/26974","targetHints":{"allow":["GET"]}}],"collection":[{"href":"https:\/\/esquell.eu\/fr\/wp-json\/wp\/v2\/product"}],"about":[{"href":"https:\/\/esquell.eu\/fr\/wp-json\/wp\/v2\/types\/product"}],"replies":[{"embeddable":true,"href":"https:\/\/esquell.eu\/fr\/wp-json\/wp\/v2\/comments?post=26974"}],"wp:featuredmedia":[{"embeddable":true,"href":"https:\/\/esquell.eu\/fr\/wp-json\/wp\/v2\/media\/7101"}],"wp:attachment":[{"href":"https:\/\/esquell.eu\/fr\/wp-json\/wp\/v2\/media?parent=26974"}],"wp:term":[{"taxonomy":"more","embeddable":true,"href":"https:\/\/esquell.eu\/fr\/wp-json\/wp\/v2\/more?post=26974"},{"taxonomy":"product_brand","embeddable":true,"href":"https:\/\/esquell.eu\/fr\/wp-json\/wp\/v2\/product_brand?post=26974"},{"taxonomy":"product_cat","embeddable":true,"href":"https:\/\/esquell.eu\/fr\/wp-json\/wp\/v2\/product_cat?post=26974"},{"taxonomy":"product_tag","embeddable":true,"href":"https:\/\/esquell.eu\/fr\/wp-json\/wp\/v2\/product_tag?post=26974"}],"curies":[{"name":"wp","href":"https:\/\/api.w.org\/{rel}","templated":true}]}}