{"id":26972,"date":"2025-04-03T09:21:27","date_gmt":"2025-04-03T09:21:27","guid":{"rendered":"https:\/\/esquell.eu\/product\/couteau-a-argile-lomer-en-acier-inoxydable-avec-denture\/"},"modified":"2025-04-03T09:21:27","modified_gmt":"2025-04-03T09:21:27","slug":"couteau-a-argile-lomer-en-acier-inoxydable-avec-denture","status":"publish","type":"product","link":"https:\/\/esquell.eu\/fr\/produit\/couteau-a-argile-lomer-en-acier-inoxydable-avec-denture\/","title":{"rendered":"Couteau \u00e0 argile Lomer en acier inoxydable avec denture"},"content":{"rendered":"<p>Lomer, couteau \u00e0 argile en acier inoxydable, flexible. Pour couper fermement l&rsquo;argile m\u00e9tallique et l&rsquo;argile polym\u00e8re.<br \/>\nPour donner de la texture \u00e0 l&rsquo;argile.<br \/>\nLe Lomer est \u00e9galement utile pour d\u00e9placer \/ poser des plaques d&rsquo;argile sur le c\u00f4t\u00e9. <\/p>\n","protected":false},"excerpt":{"rendered":"<p>Lomer, couteau \u00e0 argile en acier inoxydable, flexible. Pour d\u00e9couper finement l&rsquo;argile m\u00e9tallique et l&rsquo;argile polym\u00e8re. <\/p>\n<p>Lomer est \u00e9galement utile pour d\u00e9placer \/ mettre de c\u00f4t\u00e9 des plaques d&rsquo;argile.<\/p>\n","protected":false},"featured_media":4365,"comment_status":"closed","ping_status":"closed","template":"","meta":{"_acf_changed":false,"_seopress_robots_primary_cat":"none","_seopress_titles_title":"","_seopress_titles_desc":"","_seopress_robots_index":""},"more":[],"product_brand":[6398],"product_cat":[7504,7412],"product_tag":[6388,6741,6404,6420,7028,6378,6819,9346,13736,6815,6369,21225,21226,6426,6759,6816,10511,8081,21232],"class_list":{"0":"post-26972","1":"product","2":"type-product","3":"status-publish","4":"has-post-thumbnail","6":"product_brand-l1","7":"product_cat-argile","8":"product_cat-outils-de-base","9":"product_tag-argile","10":"product_tag-argile-3","11":"product_tag-argile-argentee","12":"product_tag-argile-bronze","13":"product_tag-argile-cuivreuse","14":"product_tag-argile-metallique","15":"product_tag-cernit","16":"product_tag-couteau-a-argile","17":"product_tag-couteaux-en-argile","18":"product_tag-fimo","19":"product_tag-largent","20":"product_tag-lomer","21":"product_tag-loomer","22":"product_tag-malleable","23":"product_tag-metal","24":"product_tag-pate-polymere","25":"product_tag-pointu","26":"product_tag-sec","27":"product_tag-serre","28":"product_shipping_class-standard","30":"first","31":"instock","32":"taxable","33":"shipping-taxable","34":"purchasable","35":"product-type-simple"},"acf":[],"_links":{"self":[{"href":"https:\/\/esquell.eu\/fr\/wp-json\/wp\/v2\/product\/26972","targetHints":{"allow":["GET"]}}],"collection":[{"href":"https:\/\/esquell.eu\/fr\/wp-json\/wp\/v2\/product"}],"about":[{"href":"https:\/\/esquell.eu\/fr\/wp-json\/wp\/v2\/types\/product"}],"replies":[{"embeddable":true,"href":"https:\/\/esquell.eu\/fr\/wp-json\/wp\/v2\/comments?post=26972"}],"wp:featuredmedia":[{"embeddable":true,"href":"https:\/\/esquell.eu\/fr\/wp-json\/wp\/v2\/media\/4365"}],"wp:attachment":[{"href":"https:\/\/esquell.eu\/fr\/wp-json\/wp\/v2\/media?parent=26972"}],"wp:term":[{"taxonomy":"more","embeddable":true,"href":"https:\/\/esquell.eu\/fr\/wp-json\/wp\/v2\/more?post=26972"},{"taxonomy":"product_brand","embeddable":true,"href":"https:\/\/esquell.eu\/fr\/wp-json\/wp\/v2\/product_brand?post=26972"},{"taxonomy":"product_cat","embeddable":true,"href":"https:\/\/esquell.eu\/fr\/wp-json\/wp\/v2\/product_cat?post=26972"},{"taxonomy":"product_tag","embeddable":true,"href":"https:\/\/esquell.eu\/fr\/wp-json\/wp\/v2\/product_tag?post=26972"}],"curies":[{"name":"wp","href":"https:\/\/api.w.org\/{rel}","templated":true}]}}