{"id":26962,"date":"2025-04-03T09:21:27","date_gmt":"2025-04-03T09:21:27","guid":{"rendered":"https:\/\/esquell.eu\/product\/lomer-en-acier-inoxydable-kleimes-f0239\/"},"modified":"2025-04-03T09:21:27","modified_gmt":"2025-04-03T09:21:27","slug":"lomer-en-acier-inoxydable-kleimes-f0239","status":"publish","type":"product","link":"https:\/\/esquell.eu\/fr\/produit\/lomer-en-acier-inoxydable-kleimes-f0239\/","title":{"rendered":"Lomer en acier inoxydable Kleimes (F0239)"},"content":{"rendered":"<p>Lomer, couteau \u00e0 argile en acier inoxydable, flexible. Pour couper fermement l&rsquo;argile m\u00e9tallique et l&rsquo;argile polym\u00e8re.<br \/>\nLe Lomer est \u00e9galement utile pour d\u00e9placer \/ poser des plaques d&rsquo;argile sur le c\u00f4t\u00e9. <\/p>\n","protected":false},"excerpt":{"rendered":"<p>Lomer, couteau \u00e0 argile en acier inoxydable, flexible. Pour couper fermement l&rsquo;argile m\u00e9tallique et l&rsquo;argile polym\u00e8re.<br \/>\nLe Lomer est \u00e9galement utile pour d\u00e9placer \/ poser des plaques d&rsquo;argile sur le c\u00f4t\u00e9. <\/p>\n","protected":false},"featured_media":26965,"comment_status":"closed","ping_status":"closed","template":"","meta":{"_acf_changed":false,"_seopress_robots_primary_cat":"none","_seopress_titles_title":"","_seopress_titles_desc":"","_seopress_robots_index":""},"more":[],"product_brand":[6382],"product_cat":[7504,7412,7396],"product_tag":[6386,6388,6741,6404,6378,6390,6396,6706,9346,6743,6635,6401,6381,8220,14054,6559,21225,21226,6400,6636,6816,6391],"class_list":{"0":"post-26962","1":"product","2":"type-product","3":"status-publish","4":"has-post-thumbnail","6":"product_brand-acs","7":"product_cat-argile","8":"product_cat-outils-de-base","9":"product_cat-outils-pour-anneaux","10":"product_tag-aida","11":"product_tag-argile","12":"product_tag-argile-3","13":"product_tag-argile-argentee","14":"product_tag-argile-metallique","15":"product_tag-argile-metallique-2","16":"product_tag-belgique-2","17":"product_tag-commerce-de-gros","18":"product_tag-couteau-a-argile","19":"product_tag-distributeur","20":"product_tag-fournitures","21":"product_tag-france","22":"product_tag-japon","23":"product_tag-leurope","24":"product_tag-lame-de-coupe-2","25":"product_tag-lignes-dartisanat","26":"product_tag-lomer","27":"product_tag-loomer","28":"product_tag-luxembourg","29":"product_tag-outils","30":"product_tag-pate-polymere","31":"product_tag-pays-bas","32":"product_shipping_class-standard","34":"first","35":"instock","36":"taxable","37":"shipping-taxable","38":"purchasable","39":"product-type-simple"},"acf":[],"_links":{"self":[{"href":"https:\/\/esquell.eu\/fr\/wp-json\/wp\/v2\/product\/26962","targetHints":{"allow":["GET"]}}],"collection":[{"href":"https:\/\/esquell.eu\/fr\/wp-json\/wp\/v2\/product"}],"about":[{"href":"https:\/\/esquell.eu\/fr\/wp-json\/wp\/v2\/types\/product"}],"replies":[{"embeddable":true,"href":"https:\/\/esquell.eu\/fr\/wp-json\/wp\/v2\/comments?post=26962"}],"wp:featuredmedia":[{"embeddable":true,"href":"https:\/\/esquell.eu\/fr\/wp-json\/wp\/v2\/media\/26965"}],"wp:attachment":[{"href":"https:\/\/esquell.eu\/fr\/wp-json\/wp\/v2\/media?parent=26962"}],"wp:term":[{"taxonomy":"more","embeddable":true,"href":"https:\/\/esquell.eu\/fr\/wp-json\/wp\/v2\/more?post=26962"},{"taxonomy":"product_brand","embeddable":true,"href":"https:\/\/esquell.eu\/fr\/wp-json\/wp\/v2\/product_brand?post=26962"},{"taxonomy":"product_cat","embeddable":true,"href":"https:\/\/esquell.eu\/fr\/wp-json\/wp\/v2\/product_cat?post=26962"},{"taxonomy":"product_tag","embeddable":true,"href":"https:\/\/esquell.eu\/fr\/wp-json\/wp\/v2\/product_tag?post=26962"}],"curies":[{"name":"wp","href":"https:\/\/api.w.org\/{rel}","templated":true}]}}