{"id":26958,"date":"2025-04-03T09:21:27","date_gmt":"2025-04-03T09:21:27","guid":{"rendered":"https:\/\/esquell.eu\/product\/mini-couteaux-jeu-de-6-micro-couteaux-professionnels-hss\/"},"modified":"2025-04-03T09:21:27","modified_gmt":"2025-04-03T09:21:27","slug":"mini-couteaux-jeu-de-6-micro-couteaux-professionnels-hss","status":"publish","type":"product","link":"https:\/\/esquell.eu\/fr\/produit\/mini-couteaux-jeu-de-6-micro-couteaux-professionnels-hss\/","title":{"rendered":"Mini-couteaux Jeu de 6 micro-couteaux professionnels HSS."},"content":{"rendered":"<div class=\"product-addition-content\">\n<p>Jeu de fraises 6 pi\u00e8ces pour dremel ou autre outil multitool, outil rotatif.<\/p>\n<p>Convient \u00e9galement \u00e0 notre outil multifonction sans fil.<\/p>\n<p>Taille de la tige 3,17 mm<\/p>\n<p>Il peut \u00e9galement \u00eatre utilis\u00e9 comme outil manuel pour l&rsquo;argile s\u00e9ch\u00e9e. Combinez ensuite les fraises avec le mandrin de la perceuse. <\/p>\n<\/div>\n","protected":false},"excerpt":{"rendered":"<p>Jeu de fraises 6 pi\u00e8ces pour dremel ou autre outil multitool, outil rotatif.<\/p>\n<p>Convient \u00e9galement \u00e0 notre <a href=\"?ObjectPath=\/Shops\/83636376\/Products\/TO0128\">outil multifonction sans fil<\/a>.<\/p>\n<p>Taille de la tige 3,17 mm<\/p>\n<p>Il peut \u00e9galement \u00eatre utilis\u00e9 comme outil manuel pour l&rsquo;argile s\u00e9ch\u00e9e. Combinez ensuite les fraises avec le <a href=\"https:\/\/www.esquell.nl\/p\/boorhouder\">mandrin de la perceuse<\/a>. <\/p>\n<p>&nbsp;<\/p>\n","protected":false},"featured_media":7554,"comment_status":"closed","ping_status":"closed","template":"","meta":{"_acf_changed":false,"_seopress_robots_primary_cat":"none","_seopress_titles_title":"","_seopress_titles_desc":"","_seopress_robots_index":""},"more":[],"product_brand":[6398],"product_cat":[7504,6364,10216,6366],"product_tag":[6470,6476,6645,6646,6939,7929,7098,6638,6931,14502,7339,6388,6741,6406,6420,7028,6378,13610,6393,20031,6372,6718,18576,20027,18889,7792,9795,6402,8737,6641,7814,6941,6935,6819,14304,6649,8240,14611,6655,6647,6724,9797,6815,15037,6785,14609,6653,6933,8864,6712,6651,6659,14613,6369,6550,7030,6789,20028,10137,9333,9105,17835,20033,6821,20035,14500,9836,6661,6937,6643,15039,6657,6816,6391,6665,7933,7094,10521,8301,6749,20032,14496,7774,9896,10488,14495,20030,6407,6919,6663,20029,8314,14589,6787,19030,6720],"class_list":{"0":"post-26958","1":"product","2":"type-product","3":"status-publish","4":"has-post-thumbnail","6":"product_brand-l1","7":"product_cat-argile","8":"product_cat-materiel-supplementaire","9":"product_cat-metal","10":"product_cat-poncage-limage-et-polissage","11":"product_tag-6470","12":"product_tag-6476","13":"product_tag-a","14":"product_tag-acheter","15":"product_tag-acheter-2","16":"product_tag-acrylique","17":"product_tag-anneau","18":"product_tag-anneaux","19":"product_tag-anvers","20":"product_tag-arbre-2","21":"product_tag-argent-malleable","22":"product_tag-argile","23":"product_tag-argile-3","24":"product_tag-argile-aurifere","25":"product_tag-argile-bronze","26":"product_tag-argile-cuivreuse","27":"product_tag-argile-metallique","28":"product_tag-asseccoires","29":"product_tag-belgique","30":"product_tag-bible-en-argile-argentee","31":"product_tag-bijoux","32":"product_tag-bijoux-3","33":"product_tag-bijoux-en-epoxy","34":"product_tag-bijoux-en-porcelaine","35":"product_tag-bijoux-en-resine-2","36":"product_tag-bijoux-en-verre","37":"product_tag-bloc-de-metal","38":"product_tag-bon-marche","39":"product_tag-boucle-doreille-2","40":"product_tag-boucles-doreilles","41":"product_tag-boucles-doreilles-2","42":"product_tag-brabant","43":"product_tag-bruxelles","44":"product_tag-cernit","45":"product_tag-clous-doreilles-3","46":"product_tag-commande","47":"product_tag-construction-de-modeles","48":"product_tag-cutter-3","49":"product_tag-drenthe","50":"product_tag-en-ligne","51":"product_tag-envoyer","52":"product_tag-epoxy","53":"product_tag-fimo","54":"product_tag-flandres","55":"product_tag-flevoland","56":"product_tag-fraisage","57":"product_tag-frise","58":"product_tag-gentilhomme","59":"product_tag-goujons","60":"product_tag-gratuit","61":"product_tag-groningue","62":"product_tag-gueldre","63":"product_tag-hss","64":"product_tag-largent","65":"product_tag-largent-2","66":"product_tag-liege","67":"product_tag-limbourg","68":"product_tag-mandrin-de-percage","69":"product_tag-metal-precieux","70":"product_tag-metaux-precieux","71":"product_tag-micro","72":"product_tag-micro-outil","73":"product_tag-micro-outils","74":"product_tag-mini","75":"product_tag-mini-outil","76":"product_tag-minitool","77":"product_tag-multitool","78":"product_tag-nord","79":"product_tag-ostende","80":"product_tag-ou","81":"product_tag-outils-a-main","82":"product_tag-overijssel","83":"product_tag-pate-polymere","84":"product_tag-pays-bas","85":"product_tag-pays-bas-2","86":"product_tag-petit-2","87":"product_tag-pont","88":"product_tag-precis","89":"product_tag-precision","90":"product_tag-professionnel","91":"product_tag-professionnel-6","92":"product_tag-rechargeable-3","93":"product_tag-resine","94":"product_tag-resine-acrylique","95":"product_tag-rotatif","96":"product_tag-sans-fil","97":"product_tag-securise","98":"product_tag-silverclay-co-uk","99":"product_tag-sterling","100":"product_tag-sud","101":"product_tag-travail-3","102":"product_tag-travail-de-precision","103":"product_tag-travaux","104":"product_tag-utrecht","105":"product_tag-zilverklei-be","106":"product_tag-zilverkleinederland","107":"product_shipping_class-standard","109":"first","110":"instock","111":"taxable","112":"shipping-taxable","113":"purchasable","114":"product-type-simple"},"acf":[],"_links":{"self":[{"href":"https:\/\/esquell.eu\/fr\/wp-json\/wp\/v2\/product\/26958","targetHints":{"allow":["GET"]}}],"collection":[{"href":"https:\/\/esquell.eu\/fr\/wp-json\/wp\/v2\/product"}],"about":[{"href":"https:\/\/esquell.eu\/fr\/wp-json\/wp\/v2\/types\/product"}],"replies":[{"embeddable":true,"href":"https:\/\/esquell.eu\/fr\/wp-json\/wp\/v2\/comments?post=26958"}],"wp:featuredmedia":[{"embeddable":true,"href":"https:\/\/esquell.eu\/fr\/wp-json\/wp\/v2\/media\/7554"}],"wp:attachment":[{"href":"https:\/\/esquell.eu\/fr\/wp-json\/wp\/v2\/media?parent=26958"}],"wp:term":[{"taxonomy":"more","embeddable":true,"href":"https:\/\/esquell.eu\/fr\/wp-json\/wp\/v2\/more?post=26958"},{"taxonomy":"product_brand","embeddable":true,"href":"https:\/\/esquell.eu\/fr\/wp-json\/wp\/v2\/product_brand?post=26958"},{"taxonomy":"product_cat","embeddable":true,"href":"https:\/\/esquell.eu\/fr\/wp-json\/wp\/v2\/product_cat?post=26958"},{"taxonomy":"product_tag","embeddable":true,"href":"https:\/\/esquell.eu\/fr\/wp-json\/wp\/v2\/product_tag?post=26958"}],"curies":[{"name":"wp","href":"https:\/\/api.w.org\/{rel}","templated":true}]}}