{"id":26929,"date":"2025-04-03T09:21:16","date_gmt":"2025-04-03T09:21:16","guid":{"rendered":"https:\/\/esquell.eu\/product\/rouleau-dargile-acrylique\/"},"modified":"2025-04-03T09:21:16","modified_gmt":"2025-04-03T09:21:16","slug":"rouleau-dargile-acrylique","status":"publish","type":"product","link":"https:\/\/esquell.eu\/fr\/produit\/rouleau-dargile-acrylique\/","title":{"rendered":"Rouleau d&rsquo;argile acrylique"},"content":{"rendered":"<div class=\"product-addition-content\">\n<p>Rouleau d&rsquo;argile en acrylique transparent.<\/p>\n<p>Gr\u00e2ce \u00e0 son mat\u00e9riau tr\u00e8s lisse, ce rouleau ne laisse pas d&#8217;empreintes ind\u00e9sirables sur l&rsquo;argile.<\/p>\n<p>\u00c9talez l&rsquo;argile entre deux bandes de plastique (intercalaires) d&rsquo;\u00e9paisseur \u00e9gale. L&rsquo;\u00e9paisseur des bandes d\u00e9termine l&rsquo;\u00e9paisseur de votre feuille d&rsquo;argile. <\/p>\n<p>Enduisez le rouleau d&rsquo;argile d&rsquo;huile d&rsquo;olive ou de formule antiadh\u00e9sive coolslip.<\/p>\n<\/div>\n","protected":false},"excerpt":{"rendered":"<p>Rouleau d&rsquo;argile en acrylique transparent.<\/p>\n<p>Gr\u00e2ce \u00e0 son mat\u00e9riau tr\u00e8s lisse, ce rouleau ne laisse pas d&#8217;empreintes ind\u00e9sirables sur l&rsquo;argile.<\/p>\n<p>\u00c9talez l&rsquo;argile entre deux bandes de plastique (intercalaires) d&rsquo;\u00e9paisseur \u00e9gale. L&rsquo;\u00e9paisseur des bandes d\u00e9termine l&rsquo;\u00e9paisseur de votre feuille d&rsquo;argile. <\/p>\n<p>Enduisez le rouleau d&rsquo;argile d&rsquo;huile d&rsquo;olive ou de <a href=\"?ObjectPath=\/Shops\/83636376\/Products\/AM0007\">formule antiadh\u00e9sive coolslip<\/a>.<\/p>\n","protected":false},"featured_media":26930,"comment_status":"closed","ping_status":"closed","template":"","meta":{"_acf_changed":false,"_seopress_robots_primary_cat":"none","_seopress_titles_title":"","_seopress_titles_desc":"","_seopress_robots_index":""},"more":[],"product_brand":[6398],"product_cat":[7504,7412],"product_tag":[6645,6646,7929,6923,7098,6638,7590,6473,6741,6388,6404,6406,6420,7028,6378,6390,6405,8749,6565,6575,8620,6372,6642,7654,6402,8350,8737,6641,6958,8735,6389,8355,8741,6941,6792,6409,6412,6819,8739,6738,8424,6650,15106,6655,6647,14034,6374,6815,6785,6849,6653,6651,6659,7659,7662,8722,8433,8733,6472,6403,8745,6789,7851,7650,13735,15108,6708,6759,7031,10255,8747,6416,7657,6661,6567,6643,7405,21182,6636,6726,8718,6657,6714,7394,6816,6665,7029,8743,7506,8736,21111,18098,21181,6663,6787,7102,6408,6667,6482],"class_list":{"0":"post-26929","1":"product","2":"type-product","3":"status-publish","4":"has-post-thumbnail","6":"product_brand-l1","7":"product_cat-argile","8":"product_cat-outils-de-base","9":"product_tag-a","10":"product_tag-acheter","11":"product_tag-acrylique","12":"product_tag-amsterdam","13":"product_tag-anneau","14":"product_tag-anneaux","15":"product_tag-argent-malleable-2","16":"product_tag-argile-2","17":"product_tag-argile-3","18":"product_tag-argile","19":"product_tag-argile-argentee","20":"product_tag-argile-aurifere","21":"product_tag-argile-bronze","22":"product_tag-argile-cuivreuse","23":"product_tag-argile-metallique","24":"product_tag-argile-metallique-2","25":"product_tag-artclay","26":"product_tag-assecoires","27":"product_tag-atelier","28":"product_tag-ateliers","29":"product_tag-base-de-connaissances","30":"product_tag-bijoux","31":"product_tag-bijoux-2","32":"product_tag-bijoux-5","33":"product_tag-bon-marche","34":"product_tag-boucle-doreille","35":"product_tag-boucle-doreille-2","36":"product_tag-boucles-doreilles","37":"product_tag-boutique","38":"product_tag-boutique-2","39":"product_tag-boutique-en-ligne","40":"product_tag-bouton-doreille","41":"product_tag-bouton-doreille-2","42":"product_tag-brabant","43":"product_tag-bracelet","44":"product_tag-bricolage","45":"product_tag-bronze","46":"product_tag-cernit","47":"product_tag-clous-doreilles-2","48":"product_tag-cool","49":"product_tag-cooltools","50":"product_tag-cuivre","51":"product_tag-deployer","52":"product_tag-drenthe","53":"product_tag-en-ligne","54":"product_tag-entretoise-2","55":"product_tag-faire","56":"product_tag-fimo","57":"product_tag-flevoland","58":"product_tag-formulaires","59":"product_tag-frise","60":"product_tag-groningue","61":"product_tag-gueldre","62":"product_tag-hollande-du-nord","63":"product_tag-hollande-du-sud","64":"product_tag-internet","65":"product_tag-kits-de-demarrage","66":"product_tag-kits-de-demarrage-2","67":"product_tag-lart","68":"product_tag-lor","69":"product_tag-la-texture","70":"product_tag-limbourg","71":"product_tag-manuel","72":"product_tag-manuels","73":"product_tag-mastic","74":"product_tag-meme","75":"product_tag-mercerie","76":"product_tag-metal","77":"product_tag-metal-2","78":"product_tag-mm","79":"product_tag-modeles","80":"product_tag-modelisation","81":"product_tag-nop","82":"product_tag-nord","83":"product_tag-offrir","84":"product_tag-ou","85":"product_tag-outil-2","86":"product_tag-outil-en-argile","87":"product_tag-outils","88":"product_tag-outils-2","89":"product_tag-outils-en-argile","90":"product_tag-overijssel","91":"product_tag-pack-de-demarrage","92":"product_tag-pack-de-demarrage-2","93":"product_tag-pate-polymere","94":"product_tag-pays-bas-2","95":"product_tag-pmc","96":"product_tag-poncage","97":"product_tag-pour","98":"product_tag-presomptueux","99":"product_tag-rouleau","100":"product_tag-rouleau-dargile","101":"product_tag-rouleau-dargile-3","102":"product_tag-sud","103":"product_tag-utrecht","104":"product_tag-vasieres","105":"product_tag-vous","106":"product_tag-zelande","107":"product_tag-zircone","108":"product_shipping_class-standard","110":"first","111":"instock","112":"taxable","113":"shipping-taxable","114":"purchasable","115":"product-type-simple"},"acf":[],"_links":{"self":[{"href":"https:\/\/esquell.eu\/fr\/wp-json\/wp\/v2\/product\/26929","targetHints":{"allow":["GET"]}}],"collection":[{"href":"https:\/\/esquell.eu\/fr\/wp-json\/wp\/v2\/product"}],"about":[{"href":"https:\/\/esquell.eu\/fr\/wp-json\/wp\/v2\/types\/product"}],"replies":[{"embeddable":true,"href":"https:\/\/esquell.eu\/fr\/wp-json\/wp\/v2\/comments?post=26929"}],"wp:featuredmedia":[{"embeddable":true,"href":"https:\/\/esquell.eu\/fr\/wp-json\/wp\/v2\/media\/26930"}],"wp:attachment":[{"href":"https:\/\/esquell.eu\/fr\/wp-json\/wp\/v2\/media?parent=26929"}],"wp:term":[{"taxonomy":"more","embeddable":true,"href":"https:\/\/esquell.eu\/fr\/wp-json\/wp\/v2\/more?post=26929"},{"taxonomy":"product_brand","embeddable":true,"href":"https:\/\/esquell.eu\/fr\/wp-json\/wp\/v2\/product_brand?post=26929"},{"taxonomy":"product_cat","embeddable":true,"href":"https:\/\/esquell.eu\/fr\/wp-json\/wp\/v2\/product_cat?post=26929"},{"taxonomy":"product_tag","embeddable":true,"href":"https:\/\/esquell.eu\/fr\/wp-json\/wp\/v2\/product_tag?post=26929"}],"curies":[{"name":"wp","href":"https:\/\/api.w.org\/{rel}","templated":true}]}}