{"id":26924,"date":"2025-04-03T09:21:27","date_gmt":"2025-04-03T09:21:27","guid":{"rendered":"https:\/\/esquell.eu\/product\/rouleau-a-perles-pour-largile-rouleau-a-perles\/"},"modified":"2025-04-03T09:21:27","modified_gmt":"2025-04-03T09:21:27","slug":"rouleau-a-perles-pour-largile-rouleau-a-perles","status":"publish","type":"product","link":"https:\/\/esquell.eu\/fr\/produit\/rouleau-a-perles-pour-largile-rouleau-a-perles\/","title":{"rendered":"Rouleau \u00e0 perles pour l&rsquo;argile. Rouleau \u00e0 perles."},"content":{"rendered":"<div class=\"product-addition-content\">\n<p>Outil de soudage pour la fabrication de perles de forme r\u00e9guli\u00e8re.<\/p>\n<p>Il fonctionne tr\u00e8s facilement. Le mouvement de va-et-vient des deux parties l&rsquo;une sur l&rsquo;autre cr\u00e9e des perles. <\/p>\n<p>Utilisez l&rsquo;arrondi pour extraire l&rsquo;argile, c&rsquo;est exactement la quantit\u00e9 d&rsquo;argile n\u00e9cessaire pour une perle.<\/p>\n<p>Pour fabriquer 3 formes de perles diff\u00e9rentes d&rsquo;un diam\u00e8tre de 1 \u00e0 1,5 cm.<\/p>\n<p>Il convient \u00e9galement parfaitement \u00e0 la fabrication de formes en argile de li\u00e8ge ou en argile <a href=\"https:\/\/www.esquell.nl\/p\/bead-roller-voor-klei-kralen-roller?ObjectPath=\/Shops\/83636376\/Products\/MC0005\">de bois <\/a>, qui peuvent \u00e0 leur tour \u00eatre utilis\u00e9es comme noyau pour la fabrication de bijoux creux en argile d&rsquo;argent, en argile de cuivre ou en argile de bronze.<\/p>\n<\/div>\n","protected":false},"excerpt":{"rendered":"<p>Outil de soudage pour la fabrication de perles de forme r\u00e9guli\u00e8re.<\/p>\n<p>Il fonctionne tr\u00e8s facilement. Le mouvement de va-et-vient des deux parties l&rsquo;une sur l&rsquo;autre cr\u00e9e des perles. <\/p>\n<p>Utilisez l&rsquo;arrondi pour extraire l&rsquo;argile, c&rsquo;est exactement la quantit\u00e9 d&rsquo;argile n\u00e9cessaire pour une perle.<\/p>\n<p>Pour fabriquer 3 formes de perles diff\u00e9rentes d&rsquo;un diam\u00e8tre de 1 \u00e0 1,5 cm.<\/p>\n<p>Il convient \u00e9galement parfaitement \u00e0 la fabrication de formes en argile de li\u00e8ge ou en argile <a href=\"?ObjectPath=\/Shops\/83636376\/Products\/MC0005\">de bois <\/a>, qui peuvent \u00e0 leur tour \u00eatre utilis\u00e9es comme noyau pour la fabrication de bijoux creux en argile d&rsquo;argent, en argile de cuivre ou en argile de bronze.<\/p>\n","protected":false},"featured_media":26925,"comment_status":"closed","ping_status":"closed","template":"","meta":{"_acf_changed":false,"_seopress_robots_primary_cat":"none","_seopress_titles_title":"","_seopress_titles_desc":"","_seopress_robots_index":""},"more":[],"product_brand":[6398],"product_cat":[7504,7412],"product_tag":[6645,7760,6646,6939,6945,7024,7036,6923,7098,6638,6931,7096,6388,8635,6404,6420,7028,11500,6378,6390,6947,6393,6372,6402,6641,6958,6389,6941,6409,7546,6935,6819,17656,6649,11214,8629,9885,7498,8489,6655,7038,8492,6647,7766,6374,6798,6815,6653,6933,6651,6659,6951,8241,7120,6801,9011,6550,7121,6930,7026,8501,7030,7768,19893,6789,7042,6640,11024,8837,8497,7040,17944,7034,6661,6567,7051,6937,6643,6636,6657,6816,6391,6665,6774,9566,11517,21170,6966,8009,11932,7094,6751,8799,21110,6925,21111,21166,21168,20968,6943,6805,6663,7764,6787,8495,6803,6408,6667,7032],"class_list":{"0":"post-26924","1":"product","2":"type-product","3":"status-publish","4":"has-post-thumbnail","6":"product_brand-l1","7":"product_cat-argile","8":"product_cat-outils-de-base","9":"product_tag-a","10":"product_tag-achats-2","11":"product_tag-acheter","12":"product_tag-acheter-2","13":"product_tag-alkmaar","14":"product_tag-almere","15":"product_tag-amersfoort","16":"product_tag-amsterdam","17":"product_tag-anneau","18":"product_tag-anneaux","19":"product_tag-anvers","20":"product_tag-apeldoorn","21":"product_tag-argile","22":"product_tag-argile-a-bois","23":"product_tag-argile-argentee","24":"product_tag-argile-bronze","25":"product_tag-argile-cuivreuse","26":"product_tag-argile-de-liege","27":"product_tag-argile-metallique","28":"product_tag-argile-metallique-2","29":"product_tag-arnhem","30":"product_tag-belgique","31":"product_tag-bijoux","32":"product_tag-bon-marche","33":"product_tag-boucles-doreilles","34":"product_tag-boutique","35":"product_tag-boutique-en-ligne","36":"product_tag-brabant","37":"product_tag-bricolage","38":"product_tag-bronze-3","39":"product_tag-bruxelles","40":"product_tag-cernit","41":"product_tag-cheveux","42":"product_tag-commande","43":"product_tag-commemoratif","44":"product_tag-cremation","45":"product_tag-creux","46":"product_tag-cuivre-3","47":"product_tag-den-bosch","48":"product_tag-drenthe","49":"product_tag-eindhoven","50":"product_tag-emmen","51":"product_tag-en-ligne","52":"product_tag-etreilen","53":"product_tag-faire","54":"product_tag-faire-2","55":"product_tag-fimo","56":"product_tag-frise","57":"product_tag-gentilhomme","58":"product_tag-groningue","59":"product_tag-gueldre","60":"product_tag-heerenveen","61":"product_tag-hobby","62":"product_tag-hoogeveen","63":"product_tag-il","64":"product_tag-iles-wadden","65":"product_tag-largent-2","66":"product_tag-la-haye","67":"product_tag-leeuwarden","68":"product_tag-lelystad","69":"product_tag-lemmer","70":"product_tag-liege","71":"product_tag-liege-2","72":"product_tag-lille","73":"product_tag-limbourg","74":"product_tag-maastricht","75":"product_tag-maison","76":"product_tag-materiaux","77":"product_tag-meilleur","78":"product_tag-meppel","79":"product_tag-middelburg","80":"product_tag-naarden","81":"product_tag-nijmegen","82":"product_tag-nord","83":"product_tag-offrir","84":"product_tag-oss","85":"product_tag-ostende","86":"product_tag-ou","87":"product_tag-outils","88":"product_tag-overijssel","89":"product_tag-pate-polymere","90":"product_tag-pays-bas","91":"product_tag-pays-bas-2","92":"product_tag-pendentif","93":"product_tag-perle","94":"product_tag-perle-3","95":"product_tag-perle-argentee","96":"product_tag-perles-2","97":"product_tag-perles-3","98":"product_tag-polymere","99":"product_tag-pont","100":"product_tag-reduction","101":"product_tag-rijssen","102":"product_tag-role","103":"product_tag-rotterdam","104":"product_tag-rouleau","105":"product_tag-rouleau-a-perles","106":"product_tag-rouleau-perle","107":"product_tag-rouleaux-2","108":"product_tag-scheveningen","109":"product_tag-soi","110":"product_tag-sud","111":"product_tag-urk","112":"product_tag-utrecht","113":"product_tag-venlo","114":"product_tag-votre","115":"product_tag-vous","116":"product_tag-zelande","117":"product_tag-zwolle","118":"product_shipping_class-standard","120":"first","121":"instock","122":"taxable","123":"shipping-taxable","124":"purchasable","125":"product-type-simple"},"acf":[],"_links":{"self":[{"href":"https:\/\/esquell.eu\/fr\/wp-json\/wp\/v2\/product\/26924","targetHints":{"allow":["GET"]}}],"collection":[{"href":"https:\/\/esquell.eu\/fr\/wp-json\/wp\/v2\/product"}],"about":[{"href":"https:\/\/esquell.eu\/fr\/wp-json\/wp\/v2\/types\/product"}],"replies":[{"embeddable":true,"href":"https:\/\/esquell.eu\/fr\/wp-json\/wp\/v2\/comments?post=26924"}],"wp:featuredmedia":[{"embeddable":true,"href":"https:\/\/esquell.eu\/fr\/wp-json\/wp\/v2\/media\/26925"}],"wp:attachment":[{"href":"https:\/\/esquell.eu\/fr\/wp-json\/wp\/v2\/media?parent=26924"}],"wp:term":[{"taxonomy":"more","embeddable":true,"href":"https:\/\/esquell.eu\/fr\/wp-json\/wp\/v2\/more?post=26924"},{"taxonomy":"product_brand","embeddable":true,"href":"https:\/\/esquell.eu\/fr\/wp-json\/wp\/v2\/product_brand?post=26924"},{"taxonomy":"product_cat","embeddable":true,"href":"https:\/\/esquell.eu\/fr\/wp-json\/wp\/v2\/product_cat?post=26924"},{"taxonomy":"product_tag","embeddable":true,"href":"https:\/\/esquell.eu\/fr\/wp-json\/wp\/v2\/product_tag?post=26924"}],"curies":[{"name":"wp","href":"https:\/\/api.w.org\/{rel}","templated":true}]}}