{"id":26905,"date":"2025-04-03T09:21:16","date_gmt":"2025-04-03T09:21:16","guid":{"rendered":"https:\/\/esquell.eu\/product\/spatule-a-modeler-double-face-premium-acs-r-007a\/"},"modified":"2025-04-03T09:21:16","modified_gmt":"2025-04-03T09:21:16","slug":"spatule-a-modeler-double-face-premium-acs-r-007a","status":"publish","type":"product","link":"https:\/\/esquell.eu\/fr\/produit\/spatule-a-modeler-double-face-premium-acs-r-007a\/","title":{"rendered":"Spatule \u00e0 modeler Double face Premium ACS (R-007A)"},"content":{"rendered":"<p>Spatule de modelage en acier inoxydable \u00e0 deux faces pour le travail de l&rsquo;argile. D&rsquo;un c\u00f4t\u00e9, une spatule plate et de l&rsquo;autre, une spatule ronde en forme de cuill\u00e8re. Emballage imprim\u00e9 avec le logo Art Clay Silver.  <\/p>\n","protected":false},"excerpt":{"rendered":"<p>Spatule de modelage en acier inoxydable \u00e0 deux faces pour le travail de l&rsquo;argile. D&rsquo;un c\u00f4t\u00e9, une spatule plate et de l&rsquo;autre, une spatule ronde en forme de cuill\u00e8re. Emballage imprim\u00e9 avec le logo Art Clay Silver.  <\/p>\n","protected":false},"featured_media":7562,"comment_status":"closed","ping_status":"closed","template":"","meta":{"_acf_changed":false,"_seopress_robots_primary_cat":"none","_seopress_titles_title":"","_seopress_titles_desc":"","_seopress_robots_index":""},"more":[],"product_brand":[6382],"product_cat":[7504,7412],"product_tag":[6386,6741,6473,6388,6405,7567,17907,6376,7571,6393,6396,8238,6706,6743,13289,8222,6401,7479,6381,6634,6472,10354,8220,6559,6656,6400,7695,21135,6391,6749,21133,6407,20717,21022],"class_list":{"0":"post-26905","1":"product","2":"type-product","3":"status-publish","4":"has-post-thumbnail","6":"product_brand-acs","7":"product_cat-argile","8":"product_cat-outils-de-base","9":"product_tag-aida","10":"product_tag-argile-3","11":"product_tag-argile-2","12":"product_tag-argile","13":"product_tag-artclay","14":"product_tag-artclayacademy","15":"product_tag-artclayeurope","16":"product_tag-artclaysilver","17":"product_tag-artclayworld","18":"product_tag-belgique","19":"product_tag-belgique-2","20":"product_tag-benelux","21":"product_tag-commerce-de-gros","22":"product_tag-distributeur","23":"product_tag-editer","24":"product_tag-eu","25":"product_tag-france","26":"product_tag-france-2","27":"product_tag-japon","28":"product_tag-largent-3","29":"product_tag-lart","30":"product_tag-leurope-2","31":"product_tag-leurope","32":"product_tag-lignes-dartisanat","33":"product_tag-luxembourg-2","34":"product_tag-luxembourg","35":"product_tag-modelisation-2","36":"product_tag-outils-de-modelisation","37":"product_tag-pays-bas","38":"product_tag-professionnel","39":"product_tag-professionnel-7","40":"product_tag-silverclay-co-uk","41":"product_tag-spatule-2","42":"product_tag-travail-de-largile","43":"product_shipping_class-standard","45":"first","46":"outofstock","47":"taxable","48":"shipping-taxable","49":"purchasable","50":"product-type-simple"},"acf":[],"_links":{"self":[{"href":"https:\/\/esquell.eu\/fr\/wp-json\/wp\/v2\/product\/26905","targetHints":{"allow":["GET"]}}],"collection":[{"href":"https:\/\/esquell.eu\/fr\/wp-json\/wp\/v2\/product"}],"about":[{"href":"https:\/\/esquell.eu\/fr\/wp-json\/wp\/v2\/types\/product"}],"replies":[{"embeddable":true,"href":"https:\/\/esquell.eu\/fr\/wp-json\/wp\/v2\/comments?post=26905"}],"wp:featuredmedia":[{"embeddable":true,"href":"https:\/\/esquell.eu\/fr\/wp-json\/wp\/v2\/media\/7562"}],"wp:attachment":[{"href":"https:\/\/esquell.eu\/fr\/wp-json\/wp\/v2\/media?parent=26905"}],"wp:term":[{"taxonomy":"more","embeddable":true,"href":"https:\/\/esquell.eu\/fr\/wp-json\/wp\/v2\/more?post=26905"},{"taxonomy":"product_brand","embeddable":true,"href":"https:\/\/esquell.eu\/fr\/wp-json\/wp\/v2\/product_brand?post=26905"},{"taxonomy":"product_cat","embeddable":true,"href":"https:\/\/esquell.eu\/fr\/wp-json\/wp\/v2\/product_cat?post=26905"},{"taxonomy":"product_tag","embeddable":true,"href":"https:\/\/esquell.eu\/fr\/wp-json\/wp\/v2\/product_tag?post=26905"}],"curies":[{"name":"wp","href":"https:\/\/api.w.org\/{rel}","templated":true}]}}