{"id":26898,"date":"2025-04-03T09:21:16","date_gmt":"2025-04-03T09:21:16","guid":{"rendered":"https:\/\/esquell.eu\/product\/jeu-de-4-buses-de-differentes-tailles-couleurs\/"},"modified":"2025-04-03T09:21:16","modified_gmt":"2025-04-03T09:21:16","slug":"jeu-de-4-buses-de-differentes-tailles-couleurs","status":"publish","type":"product","link":"https:\/\/esquell.eu\/fr\/produit\/jeu-de-4-buses-de-differentes-tailles-couleurs\/","title":{"rendered":"Jeu de 4 buses de diff\u00e9rentes tailles (couleurs)"},"content":{"rendered":"<p>Jeu de 4 buses pour p\u00e2te \u00e0 modeler, seringue.<br \/>\nLes buses vous permettent de faire des lignes fines \u00e0 tr\u00e8s fines avec la p\u00e2te \u00e0 modeler.<br \/>\nPour les travaux en filigrane.<\/p>\n<ul>\n<li>1,19 mm gris 1x<\/li>\n<li>0,84 mm vert 1x<\/li>\n<li>0,60 mm rose 1x<\/li>\n<li>0,43 mm bleu 1x<\/li>\n<\/ul>\n<p>&nbsp;<\/p>\n<p>Convient \u00e0 la seringue de 3ml dans le magasin<\/p>\n","protected":false},"excerpt":{"rendered":"<p>Buse pour argile \u00e0 pulv\u00e9riser. Diam\u00e8tre 1,19 MM <\/p>\n<p>La buse vous permet de tracer des lignes avec la p\u00e2te \u00e0 modeler.<\/p>\n<p>&nbsp;<\/p>\n<ul>\n<li>1,19 mm gris<\/li>\n<li>0,84 mm vert<\/li>\n<li>0,60 mm rose<\/li>\n<li>0,43 mm bleu<\/li>\n<\/ul>\n<p>&nbsp;<\/p>\n<p>Prix par 3 pi\u00e8ces<\/p>\n","protected":false},"featured_media":7110,"comment_status":"closed","ping_status":"closed","template":"","meta":{"_acf_changed":false,"_seopress_robots_primary_cat":"none","_seopress_titles_title":"","_seopress_titles_desc":"","_seopress_robots_index":""},"more":[],"product_brand":[6398],"product_cat":[7504,6364],"product_tag":[7590,6404,6780,7588,7632,6405,6372,7592,7586,18471,21131,6634,7355,7584,7029,6782,21129],"class_list":{"0":"post-26898","1":"product","2":"type-product","3":"status-publish","4":"has-post-thumbnail","6":"product_brand-l1","7":"product_cat-argile","8":"product_cat-materiel-supplementaire","9":"product_tag-argent-malleable-2","10":"product_tag-argile-argentee","11":"product_tag-argile-en-spray","12":"product_tag-argile-metallique-3","13":"product_tag-argile-metallique-4","14":"product_tag-artclay","15":"product_tag-bijoux","16":"product_tag-bijoux-en-argent","17":"product_tag-buse","18":"product_tag-decoration","19":"product_tag-decoration-3","20":"product_tag-largent-3","21":"product_tag-lignes","22":"product_tag-pate-a-pulveriser","23":"product_tag-pmc","24":"product_tag-seringue","25":"product_tag-tirer","26":"product_shipping_class-standard","28":"first","29":"instock","30":"taxable","31":"shipping-taxable","32":"purchasable","33":"product-type-simple"},"acf":[],"_links":{"self":[{"href":"https:\/\/esquell.eu\/fr\/wp-json\/wp\/v2\/product\/26898","targetHints":{"allow":["GET"]}}],"collection":[{"href":"https:\/\/esquell.eu\/fr\/wp-json\/wp\/v2\/product"}],"about":[{"href":"https:\/\/esquell.eu\/fr\/wp-json\/wp\/v2\/types\/product"}],"replies":[{"embeddable":true,"href":"https:\/\/esquell.eu\/fr\/wp-json\/wp\/v2\/comments?post=26898"}],"wp:featuredmedia":[{"embeddable":true,"href":"https:\/\/esquell.eu\/fr\/wp-json\/wp\/v2\/media\/7110"}],"wp:attachment":[{"href":"https:\/\/esquell.eu\/fr\/wp-json\/wp\/v2\/media?parent=26898"}],"wp:term":[{"taxonomy":"more","embeddable":true,"href":"https:\/\/esquell.eu\/fr\/wp-json\/wp\/v2\/more?post=26898"},{"taxonomy":"product_brand","embeddable":true,"href":"https:\/\/esquell.eu\/fr\/wp-json\/wp\/v2\/product_brand?post=26898"},{"taxonomy":"product_cat","embeddable":true,"href":"https:\/\/esquell.eu\/fr\/wp-json\/wp\/v2\/product_cat?post=26898"},{"taxonomy":"product_tag","embeddable":true,"href":"https:\/\/esquell.eu\/fr\/wp-json\/wp\/v2\/product_tag?post=26898"}],"curies":[{"name":"wp","href":"https:\/\/api.w.org\/{rel}","templated":true}]}}