{"id":26887,"date":"2025-04-03T09:21:16","date_gmt":"2025-04-03T09:21:16","guid":{"rendered":"https:\/\/esquell.eu\/product\/spatule-a-modeler-pour-travaux-de-precision-en-acier-inoxydable\/"},"modified":"2025-04-03T09:21:16","modified_gmt":"2025-04-03T09:21:16","slug":"spatule-a-modeler-pour-travaux-de-precision-en-acier-inoxydable","status":"publish","type":"product","link":"https:\/\/esquell.eu\/fr\/produit\/spatule-a-modeler-pour-travaux-de-precision-en-acier-inoxydable\/","title":{"rendered":"Spatule \u00e0 modeler pour travaux de pr\u00e9cision en acier inoxydable,"},"content":{"rendered":"<p>Spatule en acier inoxydable pour la p\u00e2te \u00e0 modeler. Spatule de sculpture pour un travail de pr\u00e9cision.<br \/>\nSpatule professionnelle en acier inoxydable avec manche textur\u00e9 pour une bonne prise en main.<br \/>\nConvient pour l&rsquo;argile m\u00e9tallique et l&rsquo;argile polym\u00e8re, entre autres. <\/p>\n","protected":false},"excerpt":{"rendered":"<p>Spatule en acier inoxydable pour la p\u00e2te \u00e0 modeler. Spatule de sculpture pour un travail de pr\u00e9cision.<br \/>\nSpatule professionnelle en acier inoxydable avec manche textur\u00e9 pour une bonne prise en main.<br \/>\nConvient pour l&rsquo;argile m\u00e9tallique et l&rsquo;argile polym\u00e8re, entre autres. <\/p>\n<p>&nbsp;<\/p>\n","protected":false},"featured_media":7565,"comment_status":"closed","ping_status":"closed","template":"","meta":{"_acf_changed":false,"_seopress_robots_primary_cat":"none","_seopress_titles_title":"","_seopress_titles_desc":"","_seopress_robots_index":""},"more":[],"product_brand":[6398],"product_cat":[7504],"product_tag":[6386,6397,7761,6388,6378,6376,6393,6396,6402,6706,6395,13289,6401,7479,6381,6400,7695,6816,6391,7506,13399,20718,21010,21022],"class_list":{"0":"post-26887","1":"product","2":"type-product","3":"status-publish","4":"has-post-thumbnail","6":"product_brand-l1","7":"product_cat-argile","8":"product_tag-aida","9":"product_tag-allemagne","10":"product_tag-allemagne-2","11":"product_tag-argile","12":"product_tag-argile-metallique","13":"product_tag-artclaysilver","14":"product_tag-belgique","15":"product_tag-belgique-2","16":"product_tag-bon-marche","17":"product_tag-commerce-de-gros","18":"product_tag-deutsland","19":"product_tag-editer","20":"product_tag-france","21":"product_tag-france-2","22":"product_tag-japon","23":"product_tag-luxembourg","24":"product_tag-modelisation-2","25":"product_tag-pate-polymere","26":"product_tag-pays-bas","27":"product_tag-pour","28":"product_tag-spatules","29":"product_tag-spatules-2","30":"product_tag-spatules-de-modelage","31":"product_tag-travail-de-largile","32":"product_shipping_class-standard","34":"first","35":"instock","36":"taxable","37":"shipping-taxable","38":"purchasable","39":"product-type-simple"},"acf":[],"_links":{"self":[{"href":"https:\/\/esquell.eu\/fr\/wp-json\/wp\/v2\/product\/26887","targetHints":{"allow":["GET"]}}],"collection":[{"href":"https:\/\/esquell.eu\/fr\/wp-json\/wp\/v2\/product"}],"about":[{"href":"https:\/\/esquell.eu\/fr\/wp-json\/wp\/v2\/types\/product"}],"replies":[{"embeddable":true,"href":"https:\/\/esquell.eu\/fr\/wp-json\/wp\/v2\/comments?post=26887"}],"wp:featuredmedia":[{"embeddable":true,"href":"https:\/\/esquell.eu\/fr\/wp-json\/wp\/v2\/media\/7565"}],"wp:attachment":[{"href":"https:\/\/esquell.eu\/fr\/wp-json\/wp\/v2\/media?parent=26887"}],"wp:term":[{"taxonomy":"more","embeddable":true,"href":"https:\/\/esquell.eu\/fr\/wp-json\/wp\/v2\/more?post=26887"},{"taxonomy":"product_brand","embeddable":true,"href":"https:\/\/esquell.eu\/fr\/wp-json\/wp\/v2\/product_brand?post=26887"},{"taxonomy":"product_cat","embeddable":true,"href":"https:\/\/esquell.eu\/fr\/wp-json\/wp\/v2\/product_cat?post=26887"},{"taxonomy":"product_tag","embeddable":true,"href":"https:\/\/esquell.eu\/fr\/wp-json\/wp\/v2\/product_tag?post=26887"}],"curies":[{"name":"wp","href":"https:\/\/api.w.org\/{rel}","templated":true}]}}