{"id":26855,"date":"2025-04-03T09:21:16","date_gmt":"2025-04-03T09:21:16","guid":{"rendered":"https:\/\/esquell.eu\/product\/rouleau-dargile-en-plastique-zf-003\/"},"modified":"2025-04-03T09:21:16","modified_gmt":"2025-04-03T09:21:16","slug":"rouleau-dargile-en-plastique-zf-003","status":"publish","type":"product","link":"https:\/\/esquell.eu\/fr\/produit\/rouleau-dargile-en-plastique-zf-003\/","title":{"rendered":"Rouleau d&rsquo;argile en plastique (ZF-003)"},"content":{"rendered":"<p>Avec ce rouleau d&rsquo;argile, l&rsquo;argile est \u00e9tal\u00e9e uniform\u00e9ment lorsqu&rsquo;elle est plac\u00e9e entre 2 bandes de plastique d&rsquo;\u00e9paisseur \u00e9gale. 15 x 2,2 cm. <\/p>\n<p>Opaque<\/p>\n","protected":false},"excerpt":{"rendered":"<p>Avec ce rouleau d&rsquo;argile, l&rsquo;argile est \u00e9tal\u00e9e uniform\u00e9ment lorsqu&rsquo;elle est plac\u00e9e entre 2 bandes de plastique d&rsquo;\u00e9paisseur \u00e9gale. 15 x 2,2 cm. <\/p>\n<p>Opaque<\/p>\n","protected":false},"featured_media":26861,"comment_status":"closed","ping_status":"closed","template":"","meta":{"_acf_changed":false,"_seopress_robots_primary_cat":"none","_seopress_titles_title":"","_seopress_titles_desc":"","_seopress_robots_index":""},"more":[],"product_brand":[6382],"product_cat":[7504,7412],"product_tag":[7929,6386,6388,6404,6378,6390,15021,7567,19457,8422,6393,6396,8238,6706,15106,6743,21113,21115,6401,7479,6563,6381,9743,8220,6559,6400,6656,10176,7405,6544,6391,7926,8678,7029,7506,6418,6751,21114,21110,21111,18098,21112,18100,7266],"class_list":{"0":"post-26855","1":"product","2":"type-product","3":"status-publish","4":"has-post-thumbnail","6":"product_brand-acs","7":"product_cat-argile","8":"product_cat-outils-de-base","9":"product_tag-acrylique","10":"product_tag-aida","11":"product_tag-argile","12":"product_tag-argile-argentee","13":"product_tag-argile-metallique","14":"product_tag-argile-metallique-2","15":"product_tag-argiles","16":"product_tag-artclayacademy","17":"product_tag-artclaysilverworldwide","18":"product_tag-aussie","19":"product_tag-belgique","20":"product_tag-belgique-2","21":"product_tag-benelux","22":"product_tag-commerce-de-gros","23":"product_tag-deployer","24":"product_tag-distributeur","25":"product_tag-egal","26":"product_tag-eu-europe","27":"product_tag-france","28":"product_tag-france-2","29":"product_tag-instructeurs","30":"product_tag-japon","31":"product_tag-lepaisseur","32":"product_tag-leurope","33":"product_tag-lignes-dartisanat","34":"product_tag-luxembourg","35":"product_tag-luxembourg-2","36":"product_tag-metaaklei","37":"product_tag-outil-2","38":"product_tag-pas","39":"product_tag-pays-bas","40":"product_tag-plastique","41":"product_tag-plastique-2","42":"product_tag-pmc","43":"product_tag-pour","44":"product_tag-promethee","45":"product_tag-reduction","46":"product_tag-reseau-dinstructeurs","47":"product_tag-role","48":"product_tag-rouleau","49":"product_tag-rouleau-dargile","50":"product_tag-rouleau-dargile-2","51":"product_tag-rouleaux","52":"product_tag-transparent","53":"product_shipping_class-standard","55":"first","56":"instock","57":"taxable","58":"shipping-taxable","59":"purchasable","60":"product-type-simple"},"acf":[],"_links":{"self":[{"href":"https:\/\/esquell.eu\/fr\/wp-json\/wp\/v2\/product\/26855","targetHints":{"allow":["GET"]}}],"collection":[{"href":"https:\/\/esquell.eu\/fr\/wp-json\/wp\/v2\/product"}],"about":[{"href":"https:\/\/esquell.eu\/fr\/wp-json\/wp\/v2\/types\/product"}],"replies":[{"embeddable":true,"href":"https:\/\/esquell.eu\/fr\/wp-json\/wp\/v2\/comments?post=26855"}],"wp:featuredmedia":[{"embeddable":true,"href":"https:\/\/esquell.eu\/fr\/wp-json\/wp\/v2\/media\/26861"}],"wp:attachment":[{"href":"https:\/\/esquell.eu\/fr\/wp-json\/wp\/v2\/media?parent=26855"}],"wp:term":[{"taxonomy":"more","embeddable":true,"href":"https:\/\/esquell.eu\/fr\/wp-json\/wp\/v2\/more?post=26855"},{"taxonomy":"product_brand","embeddable":true,"href":"https:\/\/esquell.eu\/fr\/wp-json\/wp\/v2\/product_brand?post=26855"},{"taxonomy":"product_cat","embeddable":true,"href":"https:\/\/esquell.eu\/fr\/wp-json\/wp\/v2\/product_cat?post=26855"},{"taxonomy":"product_tag","embeddable":true,"href":"https:\/\/esquell.eu\/fr\/wp-json\/wp\/v2\/product_tag?post=26855"}],"curies":[{"name":"wp","href":"https:\/\/api.w.org\/{rel}","templated":true}]}}