{"id":26853,"date":"2025-04-03T09:21:16","date_gmt":"2025-04-03T09:21:16","guid":{"rendered":"https:\/\/esquell.eu\/product\/tampon-cpr-pour-marquer-largile-au-cuivre-2mm\/"},"modified":"2025-04-03T09:21:16","modified_gmt":"2025-04-03T09:21:16","slug":"tampon-cpr-pour-marquer-largile-au-cuivre-2mm","status":"publish","type":"product","link":"https:\/\/esquell.eu\/fr\/produit\/tampon-cpr-pour-marquer-largile-au-cuivre-2mm\/","title":{"rendered":"Tampon CPR pour marquer l&rsquo;argile au cuivre 2mm"},"content":{"rendered":"<p>CPR Copper Copper Stamp<br \/>\nPour marquer la p\u00e2te \u00e0 modeler en cuivre, les bijoux en p\u00e2te \u00e0 modeler en cuivre<\/p>\n","protected":false},"excerpt":{"rendered":"<p>Tampon CPR<br \/>\nPour marquer les bijoux et objets en p\u00e2te \u00e0 cuivre<\/p>\n<p>&nbsp;<\/p>\n","protected":false},"featured_media":7573,"comment_status":"closed","ping_status":"closed","template":"","meta":{"_acf_changed":false,"_seopress_robots_primary_cat":"none","_seopress_titles_title":"","_seopress_titles_desc":"","_seopress_robots_index":""},"more":[],"product_brand":[6736],"product_cat":[7504,6364,7412,12226],"product_tag":[6470,6477,6476,6645,6646,6386,6388,6658,6381,21098,21099,6643,11338],"class_list":{"0":"post-26853","1":"product","2":"type-product","3":"status-publish","4":"has-post-thumbnail","6":"product_brand-des-outils-sympas","7":"product_cat-argile","8":"product_cat-materiel-supplementaire","9":"product_cat-outils-de-base","10":"product_cat-textures-et-tampons","11":"product_tag-6470","12":"product_tag-6477","13":"product_tag-6476","14":"product_tag-a","15":"product_tag-acheter","16":"product_tag-aida","17":"product_tag-argile","18":"product_tag-bijoux-en-argile","19":"product_tag-japon","20":"product_tag-marque-4","21":"product_tag-marque-de-qualite","22":"product_tag-ou","23":"product_tag-timbre","24":"product_shipping_class-standard","26":"first","27":"instock","28":"taxable","29":"shipping-taxable","30":"purchasable","31":"product-type-simple"},"acf":[],"_links":{"self":[{"href":"https:\/\/esquell.eu\/fr\/wp-json\/wp\/v2\/product\/26853","targetHints":{"allow":["GET"]}}],"collection":[{"href":"https:\/\/esquell.eu\/fr\/wp-json\/wp\/v2\/product"}],"about":[{"href":"https:\/\/esquell.eu\/fr\/wp-json\/wp\/v2\/types\/product"}],"replies":[{"embeddable":true,"href":"https:\/\/esquell.eu\/fr\/wp-json\/wp\/v2\/comments?post=26853"}],"wp:featuredmedia":[{"embeddable":true,"href":"https:\/\/esquell.eu\/fr\/wp-json\/wp\/v2\/media\/7573"}],"wp:attachment":[{"href":"https:\/\/esquell.eu\/fr\/wp-json\/wp\/v2\/media?parent=26853"}],"wp:term":[{"taxonomy":"more","embeddable":true,"href":"https:\/\/esquell.eu\/fr\/wp-json\/wp\/v2\/more?post=26853"},{"taxonomy":"product_brand","embeddable":true,"href":"https:\/\/esquell.eu\/fr\/wp-json\/wp\/v2\/product_brand?post=26853"},{"taxonomy":"product_cat","embeddable":true,"href":"https:\/\/esquell.eu\/fr\/wp-json\/wp\/v2\/product_cat?post=26853"},{"taxonomy":"product_tag","embeddable":true,"href":"https:\/\/esquell.eu\/fr\/wp-json\/wp\/v2\/product_tag?post=26853"}],"curies":[{"name":"wp","href":"https:\/\/api.w.org\/{rel}","templated":true}]}}