{"id":26831,"date":"2025-04-03T09:21:16","date_gmt":"2025-04-03T09:21:16","guid":{"rendered":"https:\/\/esquell.eu\/product\/outil-en-caoutchouc-spatule-de-modelage-acs-i-0006\/"},"modified":"2025-04-03T09:21:16","modified_gmt":"2025-04-03T09:21:16","slug":"outil-en-caoutchouc-spatule-de-modelage-acs-i-0006","status":"publish","type":"product","link":"https:\/\/esquell.eu\/fr\/produit\/outil-en-caoutchouc-spatule-de-modelage-acs-i-0006\/","title":{"rendered":"Outil en caoutchouc, spatule de modelage ACS I-0006"},"content":{"rendered":"<p>Convient notamment pour modeler la p\u00e2te \u00e0 modeler et appliquer des d\u00e9calcomanies sur l&rsquo;\u00e9mail.<\/p>\n","protected":false},"excerpt":{"rendered":"<p>Convient notamment pour modeler la p\u00e2te \u00e0 modeler et appliquer des d\u00e9calcomanies.<\/p>\n","protected":false},"featured_media":7578,"comment_status":"closed","ping_status":"closed","template":"","meta":{"_acf_changed":false,"_seopress_robots_primary_cat":"none","_seopress_titles_title":"","_seopress_titles_desc":"","_seopress_robots_index":""},"more":[],"product_brand":[6382],"product_cat":[7504,7412,6705],"product_tag":[6386,6741,6388,6473,6404,6390,6378,15021,8422,6393,6396,6642,6409,6412,10848,11335,6706,6650,9040,6743,6724,6374,6815,7479,6401,6712,6381,6369,6550,8220,10354,6403,6559,6656,21026,7695,6391,7029,6418,6471,6751,6407,20717,13399,6408],"class_list":{"0":"post-26831","1":"product","2":"type-product","3":"status-publish","4":"has-post-thumbnail","6":"product_brand-acs","7":"product_cat-argile","8":"product_cat-outils-de-base","9":"product_cat-outils-et-fournitures-pour-lemaillage","10":"product_tag-aida","11":"product_tag-argile-3","12":"product_tag-argile","13":"product_tag-argile-2","14":"product_tag-argile-argentee","15":"product_tag-argile-metallique-2","16":"product_tag-argile-metallique","17":"product_tag-argiles","18":"product_tag-aussie","19":"product_tag-belgique","20":"product_tag-belgique-2","21":"product_tag-bijoux-2","22":"product_tag-bricolage","23":"product_tag-bronze","24":"product_tag-caoutchouc","25":"product_tag-caoutchouc-2","26":"product_tag-commerce-de-gros","27":"product_tag-cuivre","28":"product_tag-decalcomanies","29":"product_tag-distributeur","30":"product_tag-envoyer","31":"product_tag-faire","32":"product_tag-fimo","33":"product_tag-france-2","34":"product_tag-france","35":"product_tag-gratuit","36":"product_tag-japon","37":"product_tag-largent","38":"product_tag-largent-2","39":"product_tag-leurope","40":"product_tag-leurope-2","41":"product_tag-lor","42":"product_tag-lignes-dartisanat","43":"product_tag-luxembourg-2","44":"product_tag-metalclayfrance","45":"product_tag-modelisation-2","46":"product_tag-pays-bas","47":"product_tag-pmc","48":"product_tag-promethee","49":"product_tag-recycle","50":"product_tag-reduction","51":"product_tag-silverclay-co-uk","52":"product_tag-spatule-2","53":"product_tag-spatules","54":"product_tag-vous","55":"product_shipping_class-standard","57":"first","58":"instock","59":"taxable","60":"shipping-taxable","61":"purchasable","62":"product-type-simple"},"acf":[],"_links":{"self":[{"href":"https:\/\/esquell.eu\/fr\/wp-json\/wp\/v2\/product\/26831","targetHints":{"allow":["GET"]}}],"collection":[{"href":"https:\/\/esquell.eu\/fr\/wp-json\/wp\/v2\/product"}],"about":[{"href":"https:\/\/esquell.eu\/fr\/wp-json\/wp\/v2\/types\/product"}],"replies":[{"embeddable":true,"href":"https:\/\/esquell.eu\/fr\/wp-json\/wp\/v2\/comments?post=26831"}],"wp:featuredmedia":[{"embeddable":true,"href":"https:\/\/esquell.eu\/fr\/wp-json\/wp\/v2\/media\/7578"}],"wp:attachment":[{"href":"https:\/\/esquell.eu\/fr\/wp-json\/wp\/v2\/media?parent=26831"}],"wp:term":[{"taxonomy":"more","embeddable":true,"href":"https:\/\/esquell.eu\/fr\/wp-json\/wp\/v2\/more?post=26831"},{"taxonomy":"product_brand","embeddable":true,"href":"https:\/\/esquell.eu\/fr\/wp-json\/wp\/v2\/product_brand?post=26831"},{"taxonomy":"product_cat","embeddable":true,"href":"https:\/\/esquell.eu\/fr\/wp-json\/wp\/v2\/product_cat?post=26831"},{"taxonomy":"product_tag","embeddable":true,"href":"https:\/\/esquell.eu\/fr\/wp-json\/wp\/v2\/product_tag?post=26831"}],"curies":[{"name":"wp","href":"https:\/\/api.w.org\/{rel}","templated":true}]}}