{"id":26822,"date":"2025-04-03T09:21:16","date_gmt":"2025-04-03T09:21:16","guid":{"rendered":"https:\/\/esquell.eu\/product\/stylo-a-gratter-en-bois-acs\/"},"modified":"2025-04-03T09:21:16","modified_gmt":"2025-04-03T09:21:16","slug":"stylo-a-gratter-en-bois-acs","status":"publish","type":"product","link":"https:\/\/esquell.eu\/fr\/produit\/stylo-a-gratter-en-bois-acs\/","title":{"rendered":"Stylo \u00e0 gratter en bois ACS"},"content":{"rendered":"<p>Utilis\u00e9 pour gratter les p\u00e2tes d&rsquo;argent superpos\u00e9es, selon la technique du Sgraffito.<\/p>\n<p>Le sgraffite est une m\u00e9thode de d\u00e9coration qui consiste \u00e0 gratter des figures ou des motifs dans l&rsquo;argile pour faire appara\u00eetre le support, qui est souvent d&rsquo;une autre couleur. Cette technique de d\u00e9coration offre de nombreuses possibilit\u00e9s. Par exemple, vous pouvez choisir entre des lignes fines et tranchantes et des bords larges et doux.  <\/p>\n","protected":false},"excerpt":{"rendered":"<p>Utilis\u00e9 pour gratter les p\u00e2tes d&rsquo;argent superpos\u00e9es, selon la technique du Sgraffito.<\/p>\n<p>Le sgraffite est une m\u00e9thode de d\u00e9coration qui consiste \u00e0 gratter des figures ou des motifs dans l&rsquo;argile pour faire appara\u00eetre le support, qui est souvent d&rsquo;une autre couleur. Cette technique de d\u00e9coration offre de nombreuses possibilit\u00e9s. Par exemple, vous pouvez choisir entre des lignes fines et tranchantes et des bords larges et doux.  <\/p>\n","protected":false},"featured_media":7107,"comment_status":"closed","ping_status":"closed","template":"","meta":{"_acf_changed":false,"_seopress_robots_primary_cat":"none","_seopress_titles_title":"","_seopress_titles_desc":"","_seopress_robots_index":""},"more":[],"product_brand":[6382],"product_cat":[6364],"product_tag":[15038,6645,16308,21052,6473,6404,6378,6390,6405,6376,7772,7112,6634,6472,18000,21058,8167,21070,8165,21066,21061,21063,8180,8218,21068,21055],"class_list":{"0":"post-26822","1":"product","2":"type-product","3":"status-publish","4":"has-post-thumbnail","6":"product_brand-acs","7":"product_cat-materiel-supplementaire","8":"product_tag-voici","9":"product_tag-a","10":"product_tag-a-9","11":"product_tag-a-etre","12":"product_tag-argile-2","13":"product_tag-argile-argentee","14":"product_tag-argile-metallique","15":"product_tag-argile-metallique-2","16":"product_tag-artclay","17":"product_tag-artclaysilver","18":"product_tag-gratter","19":"product_tag-ingenierie","20":"product_tag-largent-3","21":"product_tag-lart","22":"product_tag-les-5","23":"product_tag-maniere","24":"product_tag-pate","25":"product_tag-pate-de-recouvrement","26":"product_tag-pates","27":"product_tag-sadapte","28":"product_tag-selon","29":"product_tag-sgraffite","30":"product_tag-superposition","31":"product_tag-type","32":"product_tag-type-de-pate","33":"product_tag-utilise","34":"product_shipping_class-standard","36":"first","37":"instock","38":"taxable","39":"shipping-taxable","40":"purchasable","41":"product-type-simple"},"acf":[],"_links":{"self":[{"href":"https:\/\/esquell.eu\/fr\/wp-json\/wp\/v2\/product\/26822","targetHints":{"allow":["GET"]}}],"collection":[{"href":"https:\/\/esquell.eu\/fr\/wp-json\/wp\/v2\/product"}],"about":[{"href":"https:\/\/esquell.eu\/fr\/wp-json\/wp\/v2\/types\/product"}],"replies":[{"embeddable":true,"href":"https:\/\/esquell.eu\/fr\/wp-json\/wp\/v2\/comments?post=26822"}],"wp:featuredmedia":[{"embeddable":true,"href":"https:\/\/esquell.eu\/fr\/wp-json\/wp\/v2\/media\/7107"}],"wp:attachment":[{"href":"https:\/\/esquell.eu\/fr\/wp-json\/wp\/v2\/media?parent=26822"}],"wp:term":[{"taxonomy":"more","embeddable":true,"href":"https:\/\/esquell.eu\/fr\/wp-json\/wp\/v2\/more?post=26822"},{"taxonomy":"product_brand","embeddable":true,"href":"https:\/\/esquell.eu\/fr\/wp-json\/wp\/v2\/product_brand?post=26822"},{"taxonomy":"product_cat","embeddable":true,"href":"https:\/\/esquell.eu\/fr\/wp-json\/wp\/v2\/product_cat?post=26822"},{"taxonomy":"product_tag","embeddable":true,"href":"https:\/\/esquell.eu\/fr\/wp-json\/wp\/v2\/product_tag?post=26822"}],"curies":[{"name":"wp","href":"https:\/\/api.w.org\/{rel}","templated":true}]}}