{"id":26819,"date":"2025-04-03T09:21:16","date_gmt":"2025-04-03T09:21:16","guid":{"rendered":"https:\/\/esquell.eu\/product\/spatules-de-modelage-avec-boule-metallique-a-lextremite-acier-inoxydable\/"},"modified":"2025-04-03T09:21:16","modified_gmt":"2025-04-03T09:21:16","slug":"spatules-de-modelage-avec-boule-metallique-a-lextremite-acier-inoxydable","status":"publish","type":"product","link":"https:\/\/esquell.eu\/fr\/produit\/spatules-de-modelage-avec-boule-metallique-a-lextremite-acier-inoxydable\/","title":{"rendered":"Spatules de modelage avec boule m\u00e9tallique \u00e0 l&rsquo;extr\u00e9mit\u00e9. ACIER INOXYDABLE"},"content":{"rendered":"<p>Spatules de modelage pour la p\u00e2te \u00e0 modeler.<\/p>\n<p>Spatules de modelage pour la p\u00e2te \u00e0 modeler.<\/p>\n<p>Jeu de 4, avec extr\u00e9mit\u00e9s sph\u00e9riques en 8 tailles de sph\u00e8res diff\u00e9rentes.<\/p>\n<p>Voir photo 2 pour les tailles.<\/p>\n<p>acier inoxydable<\/p>\n<p>*la couleur peut diff\u00e9rer de la photo<\/p>\n","protected":false},"excerpt":{"rendered":"<p>Spatules pour p\u00e2te \u00e0 modeler.<\/p>\n<p>Lot de 4, avec extr\u00e9mit\u00e9s sph\u00e9riques en 8 tailles diff\u00e9rentes.<\/p>\n<p>Voir photo 2 pour les tailles.<\/p>\n<p>acier inoxydable<\/p>\n<p>*la couleur peut diff\u00e9rer de la photo<\/p>\n","protected":false},"featured_media":7580,"comment_status":"closed","ping_status":"closed","template":"","meta":{"_acf_changed":false,"_seopress_robots_primary_cat":"none","_seopress_titles_title":"","_seopress_titles_desc":"","_seopress_robots_index":""},"more":[],"product_brand":[6398],"product_cat":[7504,6364,10216],"product_tag":[6847,6386,6397,7761,7045,7024,18359,6923,6931,6388,6404,6405,21045,21049,21038,21054,17907,21056,21051,21047,21041,6376,7571,6949,6393,6396,6372,17845,7582,6935,7490,6706,9418,6395,6743,15153,7043,9809,20099,7479,6933,18280,9179,6381,7026,6559,6400,21035,21032,7042,6759,8701,21059,21064,21026,21067,7040,7695,21071,7989,7034,11155,6937,9457,15152,6816,6391,6927,7319,9109,6925,21029,8731,17364,21022,21069,7032],"class_list":{"0":"post-26819","1":"product","2":"type-product","3":"status-publish","4":"has-post-thumbnail","6":"product_brand-l1","7":"product_cat-argile","8":"product_cat-materiel-supplementaire","9":"product_cat-metal","10":"product_tag-acier-inoxydable","11":"product_tag-aida","12":"product_tag-allemagne","13":"product_tag-allemagne-2","14":"product_tag-almelo","15":"product_tag-almere","16":"product_tag-ampoules","17":"product_tag-amsterdam","18":"product_tag-anvers","19":"product_tag-argile","20":"product_tag-argile-argentee","21":"product_tag-artclay","22":"product_tag-artclaybelgie","23":"product_tag-artclaybelgium","24":"product_tag-artclaybenelux","25":"product_tag-artclaydeutsland","26":"product_tag-artclayeurope","27":"product_tag-artclayfrance","28":"product_tag-artclaygermany","29":"product_tag-artclayluxembourg","30":"product_tag-artclaynederland","31":"product_tag-artclaysilver","32":"product_tag-artclayworld","33":"product_tag-assen","34":"product_tag-belgique","35":"product_tag-belgique-2","36":"product_tag-bijoux","37":"product_tag-bon-2","38":"product_tag-breda","39":"product_tag-bruxelles","40":"product_tag-ceramique","41":"product_tag-commerce-de-gros","42":"product_tag-conseils-en-matiere-de-vetements","43":"product_tag-deutsland","44":"product_tag-distributeur","45":"product_tag-echtenach","46":"product_tag-enschede","47":"product_tag-fournitures-pour-largile","48":"product_tag-frace","49":"product_tag-france-2","50":"product_tag-gentilhomme","51":"product_tag-hengelo","52":"product_tag-imprimer-3","53":"product_tag-japon","54":"product_tag-lelystad","55":"product_tag-lignes-dartisanat","56":"product_tag-luxembourg","57":"product_tag-luxembourg-outils-en-terre-cuite","58":"product_tag-lxuembourg","59":"product_tag-maastricht","60":"product_tag-metal","61":"product_tag-metal-3","62":"product_tag-metalclaybenelux","63":"product_tag-metalclaydeutsland","64":"product_tag-metalclayfrance","65":"product_tag-metalclayluxembourg","66":"product_tag-middelburg","67":"product_tag-modelisation-2","68":"product_tag-montpelier","69":"product_tag-munchen","70":"product_tag-nijmegen","71":"product_tag-ommen","72":"product_tag-ostende","73":"product_tag-outils-en-terre-cuite","74":"product_tag-paris","75":"product_tag-pate-polymere","76":"product_tag-pays-bas","77":"product_tag-plomb","78":"product_tag-points","79":"product_tag-poterie","80":"product_tag-rotterdam","81":"product_tag-spatule-de-modelage","82":"product_tag-spatules-en-argile","83":"product_tag-sphere","84":"product_tag-travail-de-largile","85":"product_tag-trier-2","86":"product_tag-zwolle","87":"product_shipping_class-standard","89":"first","90":"instock","91":"taxable","92":"shipping-taxable","93":"purchasable","94":"product-type-simple"},"acf":[],"_links":{"self":[{"href":"https:\/\/esquell.eu\/fr\/wp-json\/wp\/v2\/product\/26819","targetHints":{"allow":["GET"]}}],"collection":[{"href":"https:\/\/esquell.eu\/fr\/wp-json\/wp\/v2\/product"}],"about":[{"href":"https:\/\/esquell.eu\/fr\/wp-json\/wp\/v2\/types\/product"}],"replies":[{"embeddable":true,"href":"https:\/\/esquell.eu\/fr\/wp-json\/wp\/v2\/comments?post=26819"}],"wp:featuredmedia":[{"embeddable":true,"href":"https:\/\/esquell.eu\/fr\/wp-json\/wp\/v2\/media\/7580"}],"wp:attachment":[{"href":"https:\/\/esquell.eu\/fr\/wp-json\/wp\/v2\/media?parent=26819"}],"wp:term":[{"taxonomy":"more","embeddable":true,"href":"https:\/\/esquell.eu\/fr\/wp-json\/wp\/v2\/more?post=26819"},{"taxonomy":"product_brand","embeddable":true,"href":"https:\/\/esquell.eu\/fr\/wp-json\/wp\/v2\/product_brand?post=26819"},{"taxonomy":"product_cat","embeddable":true,"href":"https:\/\/esquell.eu\/fr\/wp-json\/wp\/v2\/product_cat?post=26819"},{"taxonomy":"product_tag","embeddable":true,"href":"https:\/\/esquell.eu\/fr\/wp-json\/wp\/v2\/product_tag?post=26819"}],"curies":[{"name":"wp","href":"https:\/\/api.w.org\/{rel}","templated":true}]}}