{"id":26815,"date":"2025-04-03T09:21:06","date_gmt":"2025-04-03T09:21:06","guid":{"rendered":"https:\/\/esquell.eu\/product\/jeu-de-spatules-de-modelage-5-pieces-spatules-pour-largile-les-couleurs-peuvent-varier\/"},"modified":"2025-11-18T08:14:42","modified_gmt":"2025-11-18T08:14:42","slug":"jeu-de-spatules-de-modelage-5-pieces-spatules-pour-largile-les-couleurs-peuvent-varier","status":"publish","type":"product","link":"https:\/\/esquell.eu\/fr\/produit\/jeu-de-spatules-de-modelage-5-pieces-spatules-pour-largile-les-couleurs-peuvent-varier\/","title":{"rendered":"Jeu de spatules de modelage 5 pi\u00e8ces. Spatules pour l&rsquo;argile. *Les couleurs peuvent varier."},"content":{"rendered":"<p>Set de 5 spatules de modelage utilisables des deux c\u00f4t\u00e9s pour la p\u00e2te \u00e0 modeler. 5 x spatules de modelage en silicone et 5 x spatules \u00e0 billes en acier inoxydable.<x id=\"gid_0\"><\/x>Id\u00e9al pour le modelage de la p\u00e2te \u00e0 modeler m\u00e9tallique. Convient \u00e9galement pour la fimo, le cernit et la p\u00e2te polym\u00e8re.<br \/>\nLes billes en acier inoxydable peuvent \u00e9galement \u00eatre utilis\u00e9es comme stylos \u00e0 polir.<br \/>\nLes billes sont id\u00e9ales pour polir les endroits difficiles d&rsquo;acc\u00e8s.<br \/>\nLes billes sont de tailles diff\u00e9rentes.<br \/>\nLes spatules peuvent \u00eatre utilis\u00e9es pour appliquer des formes et des motifs dans l&rsquo;argile encore molle et pour lisser l&rsquo;argile le cas \u00e9ch\u00e9ant.  <\/p>\n<p>*Les couleurs peuvent diff\u00e9rer de l&rsquo;image<\/p>\n","protected":false},"excerpt":{"rendered":"<p>Jeu de 5 spatules de modelage double face pour la p\u00e2te \u00e0 modeler. 5 x spatules de modelage en silicone et 5 x spatules \u00e0 billes en acier inoxydable.<br \/>\nId\u00e9al pour modeler l&rsquo;argile m\u00e9tallique. Convient \u00e9galement pour la fimo, le cernit et la p\u00e2te polym\u00e8re, entre autres.<br \/>\nLes billes en acier inoxydable peuvent \u00e9galement \u00eatre utilis\u00e9es comme stylos \u00e0 polir. Les billes sont id\u00e9ales pour polir les zones difficiles d&rsquo;acc\u00e8s. Les boules sont de tailles diff\u00e9rentes.<br \/>\nLes spatules permettent d&rsquo;appliquer des formes et des motifs dans l&rsquo;argile encore molle et de lisser l&rsquo;argile si n\u00e9cessaire.<\/p>\n<p>*Les couleurs peuvent diff\u00e9rer de l&rsquo;image<\/p>\n","protected":false},"featured_media":26816,"comment_status":"closed","ping_status":"closed","template":"","meta":{"_acf_changed":false,"_seopress_robots_primary_cat":"none","_seopress_titles_title":"","_seopress_titles_desc":"","_seopress_robots_index":""},"more":[],"product_brand":[6398],"product_cat":[7504,7412,6809],"product_tag":[6847,7590,6741,6473,6404,6406,6420,7028,6378,7588,7632,6390,6405,6819,21018,6815,6849,6426,6416,7695,6816,13868,8861,21019,13399,21010,21012,21014,14909,21016,20269],"class_list":{"0":"post-26815","1":"product","2":"type-product","3":"status-publish","4":"has-post-thumbnail","6":"product_brand-l1","7":"product_cat-argile","8":"product_cat-outils-de-base","9":"product_cat-vente","10":"product_tag-acier-inoxydable","11":"product_tag-argent-malleable-2","12":"product_tag-argile-3","13":"product_tag-argile-2","14":"product_tag-argile-argentee","15":"product_tag-argile-aurifere","16":"product_tag-argile-bronze","17":"product_tag-argile-cuivreuse","18":"product_tag-argile-metallique","19":"product_tag-argile-metallique-3","20":"product_tag-argile-metallique-4","21":"product_tag-argile-metallique-2","22":"product_tag-artclay","23":"product_tag-cernit","24":"product_tag-faconneurs","25":"product_tag-fimo","26":"product_tag-formulaires","27":"product_tag-malleable","28":"product_tag-modelisation","29":"product_tag-modelisation-2","30":"product_tag-pate-polymere","31":"product_tag-polissage-3","32":"product_tag-polissage","33":"product_tag-sculpter","34":"product_tag-spatules","35":"product_tag-spatules-de-modelage","36":"product_tag-spatules-en-caoutchouc","37":"product_tag-spatules-en-silicone","38":"product_tag-stylet","39":"product_tag-stylet-a-bille-2","40":"product_tag-stylos-a-polir","41":"product_shipping_class-standard","43":"first","44":"instock","45":"sale","46":"taxable","47":"shipping-taxable","48":"purchasable","49":"product-type-simple"},"acf":[],"_links":{"self":[{"href":"https:\/\/esquell.eu\/fr\/wp-json\/wp\/v2\/product\/26815","targetHints":{"allow":["GET"]}}],"collection":[{"href":"https:\/\/esquell.eu\/fr\/wp-json\/wp\/v2\/product"}],"about":[{"href":"https:\/\/esquell.eu\/fr\/wp-json\/wp\/v2\/types\/product"}],"replies":[{"embeddable":true,"href":"https:\/\/esquell.eu\/fr\/wp-json\/wp\/v2\/comments?post=26815"}],"wp:featuredmedia":[{"embeddable":true,"href":"https:\/\/esquell.eu\/fr\/wp-json\/wp\/v2\/media\/26816"}],"wp:attachment":[{"href":"https:\/\/esquell.eu\/fr\/wp-json\/wp\/v2\/media?parent=26815"}],"wp:term":[{"taxonomy":"more","embeddable":true,"href":"https:\/\/esquell.eu\/fr\/wp-json\/wp\/v2\/more?post=26815"},{"taxonomy":"product_brand","embeddable":true,"href":"https:\/\/esquell.eu\/fr\/wp-json\/wp\/v2\/product_brand?post=26815"},{"taxonomy":"product_cat","embeddable":true,"href":"https:\/\/esquell.eu\/fr\/wp-json\/wp\/v2\/product_cat?post=26815"},{"taxonomy":"product_tag","embeddable":true,"href":"https:\/\/esquell.eu\/fr\/wp-json\/wp\/v2\/product_tag?post=26815"}],"curies":[{"name":"wp","href":"https:\/\/api.w.org\/{rel}","templated":true}]}}