{"id":26810,"date":"2025-04-03T09:21:16","date_gmt":"2025-04-03T09:21:16","guid":{"rendered":"https:\/\/esquell.eu\/product\/jeu-de-moules-de-4-pieces-convient-comme-moule-de-base-pour-largile-le-quilling-etc\/"},"modified":"2025-04-03T09:21:16","modified_gmt":"2025-04-03T09:21:16","slug":"jeu-de-moules-de-4-pieces-convient-comme-moule-de-base-pour-largile-le-quilling-etc","status":"publish","type":"product","link":"https:\/\/esquell.eu\/fr\/produit\/jeu-de-moules-de-4-pieces-convient-comme-moule-de-base-pour-largile-le-quilling-etc\/","title":{"rendered":"Jeu de moules de 4 pi\u00e8ces. Convient comme moule de base pour l&rsquo;argile, le quilling, etc."},"content":{"rendered":"<p>Vous pouvez utiliser ces moules comme moules de s\u00e9chage pour les bandes d&rsquo;argile, entre autres.<br \/>\nEn enroulant les bandes autour du moule, celui-ci conserve sa forme.<br \/>\nVous pouvez ainsi fabriquer une base pour un pendentif ou une bo\u00eete de sertissage pour des pierres ou de la r\u00e9sine, par exemple.<br \/>\nConvient \u00e9galement pour le quilling avec Art Clay Paper, par exemple.<br \/>\nLes formes sont \u00e9galement un outil facile pour faire des bo\u00eetes en argile (argent\u00e9e).<\/p>\n<p>Les formes conviennent \u00e9galement pour plier des fils m\u00e9talliques souples, pour le wire wrapping.<\/p>\n<p>La hauteur des formes est de 2 x 8 cm et de 2 x 11 cm.<\/p>\n","protected":false},"excerpt":{"rendered":"<p>Vous pouvez utiliser ces moules comme moules de s\u00e9chage pour les bandes d&rsquo;argile, entre autres. En enroulant les bandes autour du moule, celui-ci conserve sa forme. Vous pouvez ainsi fabriquer une base pour un pendentif ou une bo\u00eete de sertissage pour des pierres ou de la r\u00e9sine, par exemple. Convient \u00e9galement pour le quilling avec le papier Art Clay, par exemple. Les formes sont \u00e9galement un outil facile \u00e0 utiliser pour fabriquer des bo\u00eetes en argile (argent\u00e9e). Les formes conviennent \u00e9galement pour plier des fils m\u00e9talliques souples, pour le wire wrapping. Les formes mesurent 2 x 8 cm et 2 x 11 cm.      <\/p>\n","protected":false},"featured_media":4377,"comment_status":"closed","ping_status":"closed","template":"","meta":{"_acf_changed":false,"_seopress_robots_primary_cat":"none","_seopress_titles_title":"","_seopress_titles_desc":"","_seopress_robots_index":""},"more":[],"product_brand":[6398],"product_cat":[7504,10216],"product_tag":[6645,6646,6939,7045,7024,7339,6388,6473,6741,6404,6406,6420,7028,6378,6390,6405,6376,7100,6949,6393,6372,21000,7673,8356,6658,21001,9324,10356,20999,6739,10128,7418,20995,6480,6958,6389,6941,21003,6409,7770,6819,6649,6395,6655,8503,8509,8492,6647,6724,7766,6374,6815,6849,20996,6635,6653,20997,12900,6712,6651,9304,18280,7120,6472,6930,7026,6789,6640,8497,7040,6416,6661,11155,6643,6636,6657,6475,8228,6474,10219,20998,6391,6665,6927,7282,9894,8081,9300,6407,6663,7764,6787,8495,6408,6667],"class_list":{"0":"post-26810","1":"product","2":"type-product","3":"status-publish","4":"has-post-thumbnail","6":"product_brand-l1","7":"product_cat-argile","8":"product_cat-metal","9":"product_tag-a","10":"product_tag-acheter","11":"product_tag-acheter-2","12":"product_tag-almelo","13":"product_tag-almere","14":"product_tag-argent-malleable","15":"product_tag-argile","16":"product_tag-argile-2","17":"product_tag-argile-3","18":"product_tag-argile-argentee","19":"product_tag-argile-aurifere","20":"product_tag-argile-bronze","21":"product_tag-argile-cuivreuse","22":"product_tag-argile-metallique","23":"product_tag-argile-metallique-2","24":"product_tag-artclay","25":"product_tag-artclaysilver","26":"product_tag-artclaysilvershop","27":"product_tag-assen","28":"product_tag-belgique","29":"product_tag-bijoux","30":"product_tag-bijoux-a-clip","31":"product_tag-bijoux-en-argent-2","32":"product_tag-bijoux-en-argent-3","33":"product_tag-bijoux-en-argile","34":"product_tag-bijoux-en-argile-metallique-2","35":"product_tag-bijoux-en-pate-polymere","36":"product_tag-bijoux-en-piquants-de-porc-epic","37":"product_tag-bijoux-en-piquants-de-porc-epic-2","38":"product_tag-boite","39":"product_tag-boite-3","40":"product_tag-boite-de-reglage","41":"product_tag-boites","42":"product_tag-boites-de-composition","43":"product_tag-boutique","44":"product_tag-boutique-en-ligne","45":"product_tag-brabant","46":"product_tag-breda-oosterhout","47":"product_tag-bricolage","48":"product_tag-camps","49":"product_tag-cernit","50":"product_tag-commande","51":"product_tag-deutsland","52":"product_tag-drenthe","53":"product_tag-dronten","54":"product_tag-emmeloord","55":"product_tag-emmen","56":"product_tag-en-ligne","57":"product_tag-envoyer","58":"product_tag-etreilen","59":"product_tag-faire","60":"product_tag-fimo","61":"product_tag-formulaires","62":"product_tag-formulaires-demballage","63":"product_tag-fournitures","64":"product_tag-frise","65":"product_tag-gabarits-de-sechage","66":"product_tag-giethoorn","67":"product_tag-gratuit","68":"product_tag-groningue","69":"product_tag-hardenberg","70":"product_tag-hengelo","71":"product_tag-hoogeveen","72":"product_tag-lart","73":"product_tag-leeuwarden","74":"product_tag-lelystad","75":"product_tag-limbourg","76":"product_tag-maison","77":"product_tag-meppel","78":"product_tag-middelburg","79":"product_tag-modelisation","80":"product_tag-nord","81":"product_tag-ommen","82":"product_tag-ou","83":"product_tag-outils","84":"product_tag-overijssel","85":"product_tag-papier","86":"product_tag-papier-argile","87":"product_tag-papier-argile-argente","88":"product_tag-papier-demballage","89":"product_tag-pate-polymere-2","90":"product_tag-pays-bas","91":"product_tag-pays-bas-2","92":"product_tag-plomb","93":"product_tag-quilling","94":"product_tag-resine-2","95":"product_tag-sec","96":"product_tag-serrure","97":"product_tag-silverclay-co-uk","98":"product_tag-sud","99":"product_tag-urk","100":"product_tag-utrecht","101":"product_tag-venlo","102":"product_tag-vous","103":"product_tag-zelande","104":"product_shipping_class-standard","106":"first","107":"instock","108":"taxable","109":"shipping-taxable","110":"purchasable","111":"product-type-simple"},"acf":[],"_links":{"self":[{"href":"https:\/\/esquell.eu\/fr\/wp-json\/wp\/v2\/product\/26810","targetHints":{"allow":["GET"]}}],"collection":[{"href":"https:\/\/esquell.eu\/fr\/wp-json\/wp\/v2\/product"}],"about":[{"href":"https:\/\/esquell.eu\/fr\/wp-json\/wp\/v2\/types\/product"}],"replies":[{"embeddable":true,"href":"https:\/\/esquell.eu\/fr\/wp-json\/wp\/v2\/comments?post=26810"}],"wp:featuredmedia":[{"embeddable":true,"href":"https:\/\/esquell.eu\/fr\/wp-json\/wp\/v2\/media\/4377"}],"wp:attachment":[{"href":"https:\/\/esquell.eu\/fr\/wp-json\/wp\/v2\/media?parent=26810"}],"wp:term":[{"taxonomy":"more","embeddable":true,"href":"https:\/\/esquell.eu\/fr\/wp-json\/wp\/v2\/more?post=26810"},{"taxonomy":"product_brand","embeddable":true,"href":"https:\/\/esquell.eu\/fr\/wp-json\/wp\/v2\/product_brand?post=26810"},{"taxonomy":"product_cat","embeddable":true,"href":"https:\/\/esquell.eu\/fr\/wp-json\/wp\/v2\/product_cat?post=26810"},{"taxonomy":"product_tag","embeddable":true,"href":"https:\/\/esquell.eu\/fr\/wp-json\/wp\/v2\/product_tag?post=26810"}],"curies":[{"name":"wp","href":"https:\/\/api.w.org\/{rel}","templated":true}]}}