{"id":26799,"date":"2025-04-03T09:20:55","date_gmt":"2025-04-03T09:20:55","guid":{"rendered":"https:\/\/esquell.eu\/product\/pince-a-four-acier-inoxydable-resistant-a-la-chaleur\/"},"modified":"2025-04-03T09:20:55","modified_gmt":"2025-04-03T09:20:55","slug":"pince-a-four-acier-inoxydable-resistant-a-la-chaleur","status":"publish","type":"product","link":"https:\/\/esquell.eu\/fr\/produit\/pince-a-four-acier-inoxydable-resistant-a-la-chaleur\/","title":{"rendered":"Pince \u00e0 four, acier inoxydable r\u00e9sistant \u00e0 la chaleur"},"content":{"rendered":"<p>Pince \u00e0 four, acier inoxydable r\u00e9sistant \u00e0 la chaleur<\/p>\n<p>Longueur env. 33 cm<\/p>\n","protected":false},"excerpt":{"rendered":"<p>Pince \u00e0 four, acier inoxydable r\u00e9sistant \u00e0 la chaleur<\/p>\n<p>Longueur env. 33 cm<\/p>\n","protected":false},"featured_media":7612,"comment_status":"closed","ping_status":"closed","template":"","meta":{"_acf_changed":false,"_seopress_robots_primary_cat":"none","_seopress_titles_title":"","_seopress_titles_desc":"","_seopress_robots_index":""},"more":[],"product_brand":[],"product_cat":[9823,11384,7468],"product_tag":[6939,7409,6847,20969,20977,6404,6378,8749,11642,7229,6647,8644,7986,10605,20980,14070,10849,11992,6759,8701,6644,14076,16966,20967,10801,6418,13122,20974,7055,10802],"class_list":{"0":"post-26799","1":"product","2":"type-product","3":"status-publish","4":"has-post-thumbnail","6":"product_cat-bake-off","7":"product_cat-fours","8":"product_cat-outils-et-fournitures-pour-le-verre","9":"product_tag-acheter-2","10":"product_tag-acier","11":"product_tag-acier-inoxydable","12":"product_tag-acier-inoxydable-8","13":"product_tag-acier-libre","14":"product_tag-argile-argentee","15":"product_tag-argile-metallique","16":"product_tag-assecoires","17":"product_tag-chaleur-2","18":"product_tag-email","19":"product_tag-en-ligne","20":"product_tag-four","21":"product_tag-four-a-argent","22":"product_tag-four-demaillage","23":"product_tag-fours-3","24":"product_tag-fushen","25":"product_tag-fusion-2","26":"product_tag-inoxydable","27":"product_tag-metal","28":"product_tag-metal-3","29":"product_tag-pieces","30":"product_tag-pinces","31":"product_tag-pinces-3","32":"product_tag-pinces-a-four","33":"product_tag-pot-au-feu","34":"product_tag-promethee","35":"product_tag-resistant-a-la-chaleur","36":"product_tag-tige-rouille","37":"product_tag-verre","38":"product_tag-verre-2","39":"product_shipping_class-standard","41":"first","42":"instock","43":"taxable","44":"shipping-taxable","45":"purchasable","46":"product-type-simple"},"acf":[],"_links":{"self":[{"href":"https:\/\/esquell.eu\/fr\/wp-json\/wp\/v2\/product\/26799","targetHints":{"allow":["GET"]}}],"collection":[{"href":"https:\/\/esquell.eu\/fr\/wp-json\/wp\/v2\/product"}],"about":[{"href":"https:\/\/esquell.eu\/fr\/wp-json\/wp\/v2\/types\/product"}],"replies":[{"embeddable":true,"href":"https:\/\/esquell.eu\/fr\/wp-json\/wp\/v2\/comments?post=26799"}],"wp:featuredmedia":[{"embeddable":true,"href":"https:\/\/esquell.eu\/fr\/wp-json\/wp\/v2\/media\/7612"}],"wp:attachment":[{"href":"https:\/\/esquell.eu\/fr\/wp-json\/wp\/v2\/media?parent=26799"}],"wp:term":[{"taxonomy":"more","embeddable":true,"href":"https:\/\/esquell.eu\/fr\/wp-json\/wp\/v2\/more?post=26799"},{"taxonomy":"product_brand","embeddable":true,"href":"https:\/\/esquell.eu\/fr\/wp-json\/wp\/v2\/product_brand?post=26799"},{"taxonomy":"product_cat","embeddable":true,"href":"https:\/\/esquell.eu\/fr\/wp-json\/wp\/v2\/product_cat?post=26799"},{"taxonomy":"product_tag","embeddable":true,"href":"https:\/\/esquell.eu\/fr\/wp-json\/wp\/v2\/product_tag?post=26799"}],"curies":[{"name":"wp","href":"https:\/\/api.w.org\/{rel}","templated":true}]}}