{"id":26784,"date":"2025-04-03T09:20:37","date_gmt":"2025-04-03T09:20:37","guid":{"rendered":"https:\/\/esquell.eu\/product\/set-de-baguettes-en-bois-et-de-baguettes-en-metal-avec-anneaux-de-passage\/"},"modified":"2025-04-03T09:20:37","modified_gmt":"2025-04-03T09:20:37","slug":"set-de-baguettes-en-bois-et-de-baguettes-en-metal-avec-anneaux-de-passage","status":"publish","type":"product","link":"https:\/\/esquell.eu\/fr\/produit\/set-de-baguettes-en-bois-et-de-baguettes-en-metal-avec-anneaux-de-passage\/","title":{"rendered":"Set de baguettes en bois et de baguettes en m\u00e9tal avec anneaux de passage"},"content":{"rendered":"<p>Set, b\u00e2ton d&rsquo;anneau en bois ( tribulet) avec bouquet d&rsquo;anneaux avec anneaux de passage. Tailles japonaises 1-33 adapt\u00e9es \u00e0 la p\u00e2te d&rsquo;argent. <\/p>\n","protected":false},"excerpt":{"rendered":"<p>Set, b\u00e2ton d&rsquo;anneau en bois ( tribulet) avec bouquet d&rsquo;anneaux avec anneaux de passage. Tailles japonaises 1-33 adapt\u00e9es \u00e0 la p\u00e2te d&rsquo;argent. <\/p>\n<p><a href=\"?ObjectPath=\/Shops\/83636376\/Categories\/%22UITLEG%20EN%20 EXAMPLES%20ARTCLAY%22\/HANDLING_RINGS\">Dans les anneaux du manuel de la base de connaissances.  <\/a><\/p>\n","protected":false},"featured_media":4418,"comment_status":"closed","ping_status":"closed","template":"","meta":{"_acf_changed":false,"_seopress_robots_primary_cat":"none","_seopress_titles_title":"","_seopress_titles_desc":"","_seopress_robots_index":""},"more":[],"product_brand":[6398],"product_cat":[7396],"product_tag":[6470,6477,6476,20938,6945,6923,7098,6638,7339,6388,6473,6741,6404,6378,6390,6405,7100,6949,6565,6575,20934,13795,11347,20933,11488,6402,13791,6958,8735,6941,6409,7770,11624,14313,13360,6655,8509,8492,6647,6374,6855,6785,6849,6653,6651,6659,7659,7662,7249,8733,6369,6472,6930,6789,6426,20936,7695,7657,6661,6567,6657,6714,6665,8067,11628,7656,8638,6407,6663,10562,11291,11351,8841,6787,7102,6667,7032],"class_list":{"0":"post-26784","1":"product","2":"type-product","3":"status-publish","4":"has-post-thumbnail","6":"product_brand-l1","7":"product_cat-outils-pour-anneaux","8":"product_tag-6470","9":"product_tag-6477","10":"product_tag-6476","11":"product_tag-a-lest-2","12":"product_tag-alkmaar","13":"product_tag-amsterdam","14":"product_tag-anneau","15":"product_tag-anneaux","16":"product_tag-argent-malleable","17":"product_tag-argile","18":"product_tag-argile-2","19":"product_tag-argile-3","20":"product_tag-argile-argentee","21":"product_tag-argile-metallique","22":"product_tag-argile-metallique-2","23":"product_tag-artclay","24":"product_tag-artclaysilvershop","25":"product_tag-assen","26":"product_tag-atelier","27":"product_tag-ateliers","28":"product_tag-bague-de-fixation","29":"product_tag-bagues-de-fixation","30":"product_tag-baguette","31":"product_tag-baton-3","32":"product_tag-bois","33":"product_tag-bon-marche","34":"product_tag-bouquet-de-bagues","35":"product_tag-boutique","36":"product_tag-boutique-2","37":"product_tag-brabant","38":"product_tag-bricolage","39":"product_tag-camps","40":"product_tag-coin-arriere","41":"product_tag-dessins-et-modeles","42":"product_tag-determiner","43":"product_tag-drenthe","44":"product_tag-emmeloord","45":"product_tag-emmen","46":"product_tag-en-ligne","47":"product_tag-faire","48":"product_tag-fixer","49":"product_tag-flevoland","50":"product_tag-formulaires","51":"product_tag-frise","52":"product_tag-groningue","53":"product_tag-gueldre","54":"product_tag-hollande-du-nord","55":"product_tag-hollande-du-sud","56":"product_tag-japonais-2","57":"product_tag-kits-de-demarrage-2","58":"product_tag-largent","59":"product_tag-lart","60":"product_tag-leeuwarden","61":"product_tag-limbourg","62":"product_tag-malleable","63":"product_tag-modele-5","64":"product_tag-modelisation-2","65":"product_tag-nop","66":"product_tag-nord","67":"product_tag-offrir","68":"product_tag-overijssel","69":"product_tag-pack-de-demarrage","70":"product_tag-pays-bas-2","71":"product_tag-plus-durwijk","72":"product_tag-polder","73":"product_tag-polder-du-nord-est","74":"product_tag-retrecissement","75":"product_tag-silverclay-co-uk","76":"product_tag-sud","77":"product_tag-taille-de-lanneau","78":"product_tag-tailles","79":"product_tag-tribulet","80":"product_tag-twente","81":"product_tag-utrecht","82":"product_tag-vasieres","83":"product_tag-zelande","84":"product_tag-zwolle","85":"product_shipping_class-standard","87":"first","88":"instock","89":"taxable","90":"shipping-taxable","91":"purchasable","92":"product-type-simple"},"acf":[],"_links":{"self":[{"href":"https:\/\/esquell.eu\/fr\/wp-json\/wp\/v2\/product\/26784","targetHints":{"allow":["GET"]}}],"collection":[{"href":"https:\/\/esquell.eu\/fr\/wp-json\/wp\/v2\/product"}],"about":[{"href":"https:\/\/esquell.eu\/fr\/wp-json\/wp\/v2\/types\/product"}],"replies":[{"embeddable":true,"href":"https:\/\/esquell.eu\/fr\/wp-json\/wp\/v2\/comments?post=26784"}],"wp:featuredmedia":[{"embeddable":true,"href":"https:\/\/esquell.eu\/fr\/wp-json\/wp\/v2\/media\/4418"}],"wp:attachment":[{"href":"https:\/\/esquell.eu\/fr\/wp-json\/wp\/v2\/media?parent=26784"}],"wp:term":[{"taxonomy":"more","embeddable":true,"href":"https:\/\/esquell.eu\/fr\/wp-json\/wp\/v2\/more?post=26784"},{"taxonomy":"product_brand","embeddable":true,"href":"https:\/\/esquell.eu\/fr\/wp-json\/wp\/v2\/product_brand?post=26784"},{"taxonomy":"product_cat","embeddable":true,"href":"https:\/\/esquell.eu\/fr\/wp-json\/wp\/v2\/product_cat?post=26784"},{"taxonomy":"product_tag","embeddable":true,"href":"https:\/\/esquell.eu\/fr\/wp-json\/wp\/v2\/product_tag?post=26784"}],"curies":[{"name":"wp","href":"https:\/\/api.w.org\/{rel}","templated":true}]}}