{"id":26764,"date":"2025-04-03T09:20:27","date_gmt":"2025-04-03T09:20:27","guid":{"rendered":"https:\/\/esquell.eu\/product\/baguettes-en-bois-tribulet-extra-long-f-0026\/"},"modified":"2026-02-14T10:26:35","modified_gmt":"2026-02-14T10:26:35","slug":"baguettes-en-bois-tribulet-extra-long-f-0026","status":"publish","type":"product","link":"https:\/\/esquell.eu\/fr\/produit\/baguettes-en-bois-tribulet-extra-long-f-0026\/","title":{"rendered":"Baguettes en bois Tribulet Extra Long (F-0026)"},"content":{"rendered":"<p>Dessinez sur ce b\u00e2tonnet la taille de l&rsquo;anneau souhait\u00e9 et utilisez le b\u00e2tonnet comme base pour la fabrication et le modelage de l&rsquo;anneau. Fixez toujours un morceau de papier sur le b\u00e2tonnet avant de modeler l&rsquo;anneau en argile argent\u00e9e autour de celui-ci, sinon vous ne pourrez plus retirer l&rsquo;anneau une fois qu&rsquo;il aura s\u00e9ch\u00e9. <\/p>\n<p>Extra long.<\/p>\n","protected":false},"excerpt":{"rendered":"<p>Dessinez sur ce b\u00e2tonnet la taille de l&rsquo;anneau souhait\u00e9 et utilisez le b\u00e2tonnet comme base pour la fabrication et le modelage de l&rsquo;anneau. Fixez toujours un morceau de papier sur le b\u00e2tonnet avant de modeler l&rsquo;anneau en argile argent\u00e9e autour de celui-ci, sinon vous ne pourrez plus retirer l&rsquo;anneau une fois qu&rsquo;il aura s\u00e9ch\u00e9. <\/p>\n<p>&nbsp;<\/p>\n<p>Extra long.<\/p>\n","protected":false},"featured_media":26765,"comment_status":"closed","ping_status":"closed","template":"","meta":{"_acf_changed":false,"_seopress_robots_primary_cat":"none","_seopress_titles_title":"","_seopress_titles_desc":"","_seopress_robots_index":""},"more":[],"product_brand":[6382],"product_cat":[7504,7412,7396],"product_tag":[6386,6404,6378,6390,6376,11347,6389,6706,7565,6745,6563,6381,6559,6751,11351],"class_list":{"0":"post-26764","1":"product","2":"type-product","3":"status-publish","4":"has-post-thumbnail","6":"product_brand-acs","7":"product_cat-argile","8":"product_cat-outils-de-base","9":"product_cat-outils-pour-anneaux","10":"product_tag-aida","11":"product_tag-argile-argentee","12":"product_tag-argile-metallique","13":"product_tag-argile-metallique-2","14":"product_tag-artclaysilver","15":"product_tag-baguette","16":"product_tag-boutique-en-ligne","17":"product_tag-commerce-de-gros","18":"product_tag-formation","19":"product_tag-instructeur","20":"product_tag-instructeurs","21":"product_tag-japon","22":"product_tag-lignes-dartisanat","23":"product_tag-reduction","24":"product_tag-tribulet","25":"product_shipping_class-standard","27":"first","28":"instock","29":"taxable","30":"shipping-taxable","31":"purchasable","32":"product-type-simple"},"acf":[],"_links":{"self":[{"href":"https:\/\/esquell.eu\/fr\/wp-json\/wp\/v2\/product\/26764","targetHints":{"allow":["GET"]}}],"collection":[{"href":"https:\/\/esquell.eu\/fr\/wp-json\/wp\/v2\/product"}],"about":[{"href":"https:\/\/esquell.eu\/fr\/wp-json\/wp\/v2\/types\/product"}],"replies":[{"embeddable":true,"href":"https:\/\/esquell.eu\/fr\/wp-json\/wp\/v2\/comments?post=26764"}],"wp:featuredmedia":[{"embeddable":true,"href":"https:\/\/esquell.eu\/fr\/wp-json\/wp\/v2\/media\/26765"}],"wp:attachment":[{"href":"https:\/\/esquell.eu\/fr\/wp-json\/wp\/v2\/media?parent=26764"}],"wp:term":[{"taxonomy":"more","embeddable":true,"href":"https:\/\/esquell.eu\/fr\/wp-json\/wp\/v2\/more?post=26764"},{"taxonomy":"product_brand","embeddable":true,"href":"https:\/\/esquell.eu\/fr\/wp-json\/wp\/v2\/product_brand?post=26764"},{"taxonomy":"product_cat","embeddable":true,"href":"https:\/\/esquell.eu\/fr\/wp-json\/wp\/v2\/product_cat?post=26764"},{"taxonomy":"product_tag","embeddable":true,"href":"https:\/\/esquell.eu\/fr\/wp-json\/wp\/v2\/product_tag?post=26764"}],"curies":[{"name":"wp","href":"https:\/\/api.w.org\/{rel}","templated":true}]}}