{"id":26753,"date":"2025-04-03T09:19:52","date_gmt":"2025-04-03T09:19:52","guid":{"rendered":"https:\/\/esquell.eu\/product\/colle-hasulith-strass-244-20-ml\/"},"modified":"2025-04-03T09:19:52","modified_gmt":"2025-04-03T09:19:52","slug":"colle-hasulith-strass-244-20-ml","status":"publish","type":"product","link":"https:\/\/esquell.eu\/fr\/produit\/colle-hasulith-strass-244-20-ml\/","title":{"rendered":"Colle Hasulith Strass 244 20 ml"},"content":{"rendered":"<div class=\"product-addition-content\">\n<p>Colle pour bijoux Hasulith Strass 244<\/p>\n<p>Colle bijouti\u00e8re originale Hasulith Strass 244 \u00e0 base de solvant, sp\u00e9cialement con\u00e7ue pour coller les strass, simili et Swarovski sur divers mat\u00e9riaux tels que le verre, le m\u00e9tal, la c\u00e9ramique et certains plastiques durs. Elle s\u00e8che de mani\u00e8re presque invisible, est tr\u00e8s r\u00e9sistante \u00e0 la lumi\u00e8re et ne se d\u00e9colore donc pas. <\/p>\n<p>Convient aux pierres jusqu&rsquo;\u00e0 5 mm de diam\u00e8tre. Si vous souhaitez coller des pierres plus grandes, utilisez la colle pour bijoux Hasulith originale. <\/p>\n<p>Se pr\u00e9sente sous la forme d&rsquo;un tube de 20 ml.<\/p>\n<\/div>\n","protected":false},"excerpt":{"rendered":"<p>Colle pour bijoux Hasulith Strass 244<\/p>\n<p>Colle bijouti\u00e8re originale Hasulith Strass 244 \u00e0 base de solvant, sp\u00e9cialement con\u00e7ue pour coller les strass, simili et Swarovski sur divers mat\u00e9riaux tels que le verre, le m\u00e9tal, la c\u00e9ramique et certains plastiques durs. Elle s\u00e8che de mani\u00e8re presque invisible, est tr\u00e8s r\u00e9sistante \u00e0 la lumi\u00e8re et ne se d\u00e9colore donc pas. <\/p>\n<p>Convient aux pierres jusqu&rsquo;\u00e0 5 mm de diam\u00e8tre. Si vous souhaitez coller des pierres plus grandes, utilisez la colle pour bijoux Hasulith originale. <\/p>\n<p>Se pr\u00e9sente sous la forme d&rsquo;un tube de 20 ml.<\/p>\n","protected":false},"featured_media":7126,"comment_status":"closed","ping_status":"closed","template":"","meta":{"_acf_changed":false,"_seopress_robots_primary_cat":"none","_seopress_titles_title":"","_seopress_titles_desc":"","_seopress_robots_index":""},"more":[],"product_brand":[6363],"product_cat":[11484,6364],"product_tag":[11487,6372,6409,9919,11497,11493,12926,20853,9797,6374,6481,7506,6482],"class_list":{"0":"post-26753","1":"product","2":"type-product","3":"status-publish","4":"has-post-thumbnail","6":"product_brand-bm","7":"product_cat-adhesifs","8":"product_cat-materiel-supplementaire","9":"product_tag-adhesifs","10":"product_tag-bijoux","11":"product_tag-bricolage","12":"product_tag-colle","13":"product_tag-colle-epoxy","14":"product_tag-colle-pour-bijoux","15":"product_tag-colle-pour-pierres-precieuses","16":"product_tag-colle-strass","17":"product_tag-epoxy","18":"product_tag-faire","19":"product_tag-galets","20":"product_tag-pour","21":"product_tag-zircone","22":"product_shipping_class-standard","24":"first","25":"instock","26":"taxable","27":"shipping-taxable","28":"purchasable","29":"product-type-simple"},"acf":[],"_links":{"self":[{"href":"https:\/\/esquell.eu\/fr\/wp-json\/wp\/v2\/product\/26753","targetHints":{"allow":["GET"]}}],"collection":[{"href":"https:\/\/esquell.eu\/fr\/wp-json\/wp\/v2\/product"}],"about":[{"href":"https:\/\/esquell.eu\/fr\/wp-json\/wp\/v2\/types\/product"}],"replies":[{"embeddable":true,"href":"https:\/\/esquell.eu\/fr\/wp-json\/wp\/v2\/comments?post=26753"}],"wp:featuredmedia":[{"embeddable":true,"href":"https:\/\/esquell.eu\/fr\/wp-json\/wp\/v2\/media\/7126"}],"wp:attachment":[{"href":"https:\/\/esquell.eu\/fr\/wp-json\/wp\/v2\/media?parent=26753"}],"wp:term":[{"taxonomy":"more","embeddable":true,"href":"https:\/\/esquell.eu\/fr\/wp-json\/wp\/v2\/more?post=26753"},{"taxonomy":"product_brand","embeddable":true,"href":"https:\/\/esquell.eu\/fr\/wp-json\/wp\/v2\/product_brand?post=26753"},{"taxonomy":"product_cat","embeddable":true,"href":"https:\/\/esquell.eu\/fr\/wp-json\/wp\/v2\/product_cat?post=26753"},{"taxonomy":"product_tag","embeddable":true,"href":"https:\/\/esquell.eu\/fr\/wp-json\/wp\/v2\/product_tag?post=26753"}],"curies":[{"name":"wp","href":"https:\/\/api.w.org\/{rel}","templated":true}]}}