{"id":26743,"date":"2025-04-03T09:15:02","date_gmt":"2025-04-03T09:15:02","guid":{"rendered":"https:\/\/esquell.eu\/product\/ecrou-et-vis-en-acier-inoxydable-pour-bijoux-de-rechange-m-25-par-10-pieces\/"},"modified":"2025-04-03T09:15:02","modified_gmt":"2025-04-03T09:15:02","slug":"ecrou-et-vis-en-acier-inoxydable-pour-bijoux-de-rechange-m-25-par-10-pieces","status":"publish","type":"product","link":"https:\/\/esquell.eu\/fr\/produit\/ecrou-et-vis-en-acier-inoxydable-pour-bijoux-de-rechange-m-25-par-10-pieces\/","title":{"rendered":"Ecrou et vis en acier inoxydable pour bijoux de rechange. M 2,5 par 10 pi\u00e8ces"},"content":{"rendered":"<p>Ces petites pi\u00e8ces en acier inoxydable sont parfaites pour fabriquer des bijoux modifiables que vous pouvez ajuster et combiner \u00e0 l&rsquo;infini. Les \u00e9crous et les boulons conviennent \u00e0 la cuisson de l&rsquo;arguile d&rsquo;argent ou d&rsquo;autres argiles m\u00e9talliques, du verre ou d&rsquo;une combinaison d&rsquo;argile m\u00e9tallique et de verre. <\/p>\n<p>Avec les \u00e9crous et les boulons en acier inoxydable, vous pouvez varier et combiner \u00e0 l&rsquo;infini.<\/p>\n<p>Ainsi, vous cr\u00e9ez sans cesse de nouveaux bijoux uniques<br \/>\nLes \u00e9crous et les boulons en acier inoxydable sont parfaits pour cr\u00e9er des bijoux uniques.<\/p>\n","protected":false},"excerpt":{"rendered":"<p>Ces petites pi\u00e8ces en acier inoxydable sont parfaites pour fabriquer des bijoux modifiables que vous pouvez ajuster et combiner \u00e0 l&rsquo;infini. Les \u00e9crous et les boulons conviennent \u00e0 la cuisson de l&rsquo;arguile d&rsquo;argent ou d&rsquo;autres argiles m\u00e9talliques, du verre ou d&rsquo;une combinaison d&rsquo;argile m\u00e9tallique et de verre. <\/p>\n<p>Avec les \u00e9crous et les boulons en acier inoxydable, vous pouvez varier et combiner \u00e0 l&rsquo;infini.<\/p>\n<p>Ainsi, vous cr\u00e9ez sans cesse de nouveaux bijoux uniques<br \/>\nLes \u00e9crous et les boulons en acier inoxydable sont parfaits pour cr\u00e9er des bijoux uniques.<\/p>\n","protected":false},"featured_media":7715,"comment_status":"closed","ping_status":"closed","template":"","meta":{"_acf_changed":false,"_seopress_robots_primary_cat":"none","_seopress_titles_title":"","_seopress_titles_desc":"","_seopress_robots_index":""},"more":[],"product_brand":[6398,6521],"product_cat":[12592],"product_tag":[11841,9296,7664,6645,6646,6939,6847,6638,6404,6378,6390,6372,7792,6402,6641,20826,20814,6409,14298,20820,20812,6649,20828,20816,6647,6374,20810,12512,20822,20818,14299,6643,6644,7506,11295,20824,10139,7055],"class_list":{"0":"post-26743","1":"product","2":"type-product","3":"status-publish","4":"has-post-thumbnail","6":"product_brand-l1","7":"product_brand-promethee","8":"product_cat-autres-metaux-2","9":"product_tag-com","10":"product_tag-9296","11":"product_tag-7664","12":"product_tag-a","13":"product_tag-acheter","14":"product_tag-acheter-2","15":"product_tag-acier-inoxydable","16":"product_tag-anneaux","17":"product_tag-argile-argentee","18":"product_tag-argile-metallique","19":"product_tag-argile-metallique-2","20":"product_tag-bijoux","21":"product_tag-bijoux-en-verre","22":"product_tag-bon-marche","23":"product_tag-boucles-doreilles","24":"product_tag-boulon","25":"product_tag-boulons","26":"product_tag-bricolage","27":"product_tag-changer-2","28":"product_tag-changer-3","29":"product_tag-changer-de-bijoux","30":"product_tag-commande","31":"product_tag-ecrou","32":"product_tag-ecrous","33":"product_tag-en-ligne","34":"product_tag-faire","35":"product_tag-fil","36":"product_tag-frite-le-long-de-la-route","37":"product_tag-funcional","38":"product_tag-m-2","39":"product_tag-multi","40":"product_tag-ou","41":"product_tag-pieces","42":"product_tag-pour","43":"product_tag-taille","44":"product_tag-tete-de-bague","45":"product_tag-unique","46":"product_tag-verre","47":"product_shipping_class-standard","49":"first","50":"instock","51":"taxable","52":"shipping-taxable","53":"purchasable","54":"product-type-simple"},"acf":[],"_links":{"self":[{"href":"https:\/\/esquell.eu\/fr\/wp-json\/wp\/v2\/product\/26743","targetHints":{"allow":["GET"]}}],"collection":[{"href":"https:\/\/esquell.eu\/fr\/wp-json\/wp\/v2\/product"}],"about":[{"href":"https:\/\/esquell.eu\/fr\/wp-json\/wp\/v2\/types\/product"}],"replies":[{"embeddable":true,"href":"https:\/\/esquell.eu\/fr\/wp-json\/wp\/v2\/comments?post=26743"}],"wp:featuredmedia":[{"embeddable":true,"href":"https:\/\/esquell.eu\/fr\/wp-json\/wp\/v2\/media\/7715"}],"wp:attachment":[{"href":"https:\/\/esquell.eu\/fr\/wp-json\/wp\/v2\/media?parent=26743"}],"wp:term":[{"taxonomy":"more","embeddable":true,"href":"https:\/\/esquell.eu\/fr\/wp-json\/wp\/v2\/more?post=26743"},{"taxonomy":"product_brand","embeddable":true,"href":"https:\/\/esquell.eu\/fr\/wp-json\/wp\/v2\/product_brand?post=26743"},{"taxonomy":"product_cat","embeddable":true,"href":"https:\/\/esquell.eu\/fr\/wp-json\/wp\/v2\/product_cat?post=26743"},{"taxonomy":"product_tag","embeddable":true,"href":"https:\/\/esquell.eu\/fr\/wp-json\/wp\/v2\/product_tag?post=26743"}],"curies":[{"name":"wp","href":"https:\/\/api.w.org\/{rel}","templated":true}]}}