{"id":26731,"date":"2025-04-03T09:23:07","date_gmt":"2025-04-03T09:23:07","guid":{"rendered":"https:\/\/esquell.eu\/product\/mini-lampe-led-uv-pour-resine\/"},"modified":"2025-04-03T09:23:07","modified_gmt":"2025-04-03T09:23:07","slug":"mini-lampe-led-uv-pour-resine","status":"publish","type":"product","link":"https:\/\/esquell.eu\/fr\/produit\/mini-lampe-led-uv-pour-resine\/","title":{"rendered":"Mini lampe led uv pour r\u00e9sine"},"content":{"rendered":"<p>Torche UV LED (9 leds).<br \/>\nConvient pour le durcissement interm\u00e9diaire de la r\u00e9sine UV et de la r\u00e9sine.<br \/>\nGr\u00e2ce au durcissement interm\u00e9diaire, il est possible de construire votre pi\u00e8ce en couches.<br \/>\nCela cr\u00e9e de la profondeur \/ 3D. Le temps de durcissement d\u00e9pend du type de r\u00e9sine et de l&rsquo;\u00e9paisseur de la couche. <\/p>\n<p>*La couleur peut diff\u00e9rer de la photo<\/p>\n<p>Vous trouverez<a href=\"https:\/\/esquell.eu\/?s=resin\"> ici<\/a> des r\u00e9sines Led et UV pour la bijouterie<\/p>\n<p>&nbsp;<\/p>\n<p>&nbsp;<\/p>\n","protected":false},"excerpt":{"rendered":"<p>Torche UV led (9 leds). Convient pour le s\u00e9chage interm\u00e9diaire de la r\u00e9sine UV et de la r\u00e9sine. Le s\u00e9chage interm\u00e9diaire permet de construire votre pi\u00e8ce en couches. Cela permet de cr\u00e9er de la profondeur \/ 3D. Le temps de durcissement d\u00e9pend du type de r\u00e9sine et de l&rsquo;\u00e9paisseur de la couche. Nous vous conseillons d&rsquo;essayer d&rsquo;abord.     <\/p>\n<p>*La couleur peut diff\u00e9rer de la photo<\/p>\n<p>&nbsp;<\/p>\n","protected":false},"featured_media":8010,"comment_status":"closed","ping_status":"closed","template":"","meta":{"_acf_changed":false,"_seopress_robots_primary_cat":"none","_seopress_titles_title":"","_seopress_titles_desc":"","_seopress_robots_index":""},"more":[],"product_brand":[6398],"product_cat":[9873],"product_tag":[7929,7590,20785,6404,6378,6390,7588,7632,7219,6405,6372,6409,12350,19416,9797,6374,8322,8327,20786,7029,7774,9894,6443,8081,20787,9892],"class_list":{"0":"post-26731","1":"product","2":"type-product","3":"status-publish","4":"has-post-thumbnail","6":"product_brand-l1","7":"product_cat-led-et-resine-uv","8":"product_tag-acrylique","9":"product_tag-argent-malleable-2","10":"product_tag-argile-a-metaux-precieux","11":"product_tag-argile-argentee","12":"product_tag-argile-metallique","13":"product_tag-argile-metallique-2","14":"product_tag-argile-metallique-3","15":"product_tag-argile-metallique-4","16":"product_tag-art-clay","17":"product_tag-artclay","18":"product_tag-bijoux","19":"product_tag-bricolage","20":"product_tag-dirige","21":"product_tag-durcissement","22":"product_tag-epoxy","23":"product_tag-faire","24":"product_tag-lampe","25":"product_tag-lampe-a-del","26":"product_tag-lampes-uv","27":"product_tag-pmc","28":"product_tag-resine","29":"product_tag-resine-2","30":"product_tag-resine-uv","31":"product_tag-sec","32":"product_tag-torche-2","33":"product_tag-uv","34":"product_shipping_class-standard","36":"first","37":"instock","38":"taxable","39":"shipping-taxable","40":"purchasable","41":"product-type-simple"},"acf":[],"_links":{"self":[{"href":"https:\/\/esquell.eu\/fr\/wp-json\/wp\/v2\/product\/26731","targetHints":{"allow":["GET"]}}],"collection":[{"href":"https:\/\/esquell.eu\/fr\/wp-json\/wp\/v2\/product"}],"about":[{"href":"https:\/\/esquell.eu\/fr\/wp-json\/wp\/v2\/types\/product"}],"replies":[{"embeddable":true,"href":"https:\/\/esquell.eu\/fr\/wp-json\/wp\/v2\/comments?post=26731"}],"wp:featuredmedia":[{"embeddable":true,"href":"https:\/\/esquell.eu\/fr\/wp-json\/wp\/v2\/media\/8010"}],"wp:attachment":[{"href":"https:\/\/esquell.eu\/fr\/wp-json\/wp\/v2\/media?parent=26731"}],"wp:term":[{"taxonomy":"more","embeddable":true,"href":"https:\/\/esquell.eu\/fr\/wp-json\/wp\/v2\/more?post=26731"},{"taxonomy":"product_brand","embeddable":true,"href":"https:\/\/esquell.eu\/fr\/wp-json\/wp\/v2\/product_brand?post=26731"},{"taxonomy":"product_cat","embeddable":true,"href":"https:\/\/esquell.eu\/fr\/wp-json\/wp\/v2\/product_cat?post=26731"},{"taxonomy":"product_tag","embeddable":true,"href":"https:\/\/esquell.eu\/fr\/wp-json\/wp\/v2\/product_tag?post=26731"}],"curies":[{"name":"wp","href":"https:\/\/api.w.org\/{rel}","templated":true}]}}