{"id":26716,"date":"2025-04-03T09:22:46","date_gmt":"2025-04-03T09:22:46","guid":{"rendered":"https:\/\/esquell.eu\/product\/jeu-de-3-pinces-pour-la-fabrication-de-bijoux\/"},"modified":"2025-04-03T09:22:46","modified_gmt":"2025-04-03T09:22:46","slug":"jeu-de-3-pinces-pour-la-fabrication-de-bijoux","status":"publish","type":"product","link":"https:\/\/esquell.eu\/fr\/produit\/jeu-de-3-pinces-pour-la-fabrication-de-bijoux\/","title":{"rendered":"Jeu de 3 pinces pour la fabrication de bijoux."},"content":{"rendered":"<p><strong>Jeu de trois pinces<\/strong> sp\u00e9cialement con\u00e7ues pour la fabrication de bijoux.<\/p>\n<p><strong>La pince coupante de pr\u00e9cision<\/strong> est un outil indispensable pour la fabrication de bijoux. Cette pince a une pointe tr\u00e8s fine, ce qui permet de couper facilement le fil et d&rsquo;autres mat\u00e9riaux \u00e0 la bonne longueur. La lame de la pince est en acier tremp\u00e9, ce qui lui permet de rester aiguis\u00e9e pendant longtemps et de ne pas s&rsquo;user facilement.  <\/p>\n<p><strong>La pince plate <\/strong>est id\u00e9ale pour plier, serrer et maintenir les petites pi\u00e8ces. Les m\u00e2choires de la pince sont plates et ergonomiques, ce qui vous permet de travailler confortablement et avec pr\u00e9cision. Utilisez cette pince pour ouvrir ou fermer des anneaux m\u00e9talliques, ou pour attacher un crochet \u00e0 une cha\u00eene.  <\/p>\n<p><strong>La pince \u00e0 t\u00eate ronde<\/strong> est parfaite pour r\u00e9aliser des boucles rondes dans du fil ou du m\u00e9tal. Les m\u00e2choires de la pince sont de forme conique, ce qui vous permet de r\u00e9aliser des formes rondes de diff\u00e9rentes tailles. Utilisez cette pince pour faire des \u0153illets pour les boucles d&rsquo;oreilles ou pour plier les extr\u00e9mit\u00e9s d&rsquo;un collier.  <\/p>\n<p>Les poign\u00e9es sont confortables et dot\u00e9es d&rsquo;un rev\u00eatement antid\u00e9rapant, ce qui facilite la prise en main pendant le travail.<\/p>\n","protected":false},"excerpt":{"rendered":"<p><strong>Jeu de trois pinces<\/strong> sp\u00e9cialement con\u00e7ues pour la fabrication de bijoux.<\/p>\n<p><strong>La pince coupante de pr\u00e9cision<\/strong> est un outil indispensable pour la fabrication de bijoux. Cette pince a une pointe tr\u00e8s fine, ce qui permet de couper facilement le fil et d&rsquo;autres mat\u00e9riaux \u00e0 la bonne longueur. La lame de la pince est en acier tremp\u00e9, ce qui lui permet de rester aiguis\u00e9e pendant longtemps et de ne pas s&rsquo;user facilement.  <\/p>\n<p><strong>La pince plate <\/strong>est id\u00e9ale pour plier, serrer et maintenir les petites pi\u00e8ces. Les m\u00e2choires de la pince sont plates et ergonomiques, ce qui vous permet de travailler confortablement et avec pr\u00e9cision. Utilisez cette pince pour ouvrir ou fermer des anneaux m\u00e9talliques, ou pour attacher un crochet \u00e0 une cha\u00eene.  <\/p>\n<p><strong>La pince \u00e0 t\u00eate ronde<\/strong> est parfaite pour r\u00e9aliser des boucles rondes dans du fil ou du m\u00e9tal. Les m\u00e2choires de la pince sont de forme conique, ce qui vous permet de r\u00e9aliser des formes rondes de diff\u00e9rentes tailles. Utilisez cette pince pour faire des \u0153illets pour les boucles d&rsquo;oreilles ou pour plier les extr\u00e9mit\u00e9s d&rsquo;un collier.  <\/p>\n<p>Les poign\u00e9es sont confortables et dot\u00e9es d&rsquo;un rev\u00eatement antid\u00e9rapant, ce qui facilite la prise en main pendant le travail.<\/p>\n<p>&nbsp;<\/p>\n<p>&nbsp;<\/p>\n<p>&nbsp;<\/p>\n","protected":false},"featured_media":7352,"comment_status":"closed","ping_status":"closed","template":"","meta":{"_acf_changed":false,"_seopress_robots_primary_cat":"none","_seopress_titles_title":"","_seopress_titles_desc":"","_seopress_robots_index":""},"more":[],"product_brand":[6398],"product_cat":[7397],"product_tag":[20752,6645,20757,6646,7409,7572,6393,6372,6642,7844,6409,6412,20750,20470,6650,14313,7037,6374,20747,8507,6855,20604,6369,6403,8682,6643,6636,20755,6391,20332,20518,20467,20401,14076,14795,20753,20329,14621,7506,20670,20629,8037],"class_list":{"0":"post-26716","1":"product","2":"type-product","3":"status-publish","4":"has-post-thumbnail","6":"product_brand-l1","7":"product_cat-pince-et-pince-a-epiler","8":"product_tag-3-pinces","9":"product_tag-a","10":"product_tag-a-lexterieur","11":"product_tag-acheter","12":"product_tag-acier","13":"product_tag-avec","14":"product_tag-belgique","15":"product_tag-bijoux","16":"product_tag-bijoux-2","17":"product_tag-bon-marche-2","18":"product_tag-bricolage","19":"product_tag-bronze","20":"product_tag-budget","21":"product_tag-coupeur-lateral-2","22":"product_tag-cuivre","23":"product_tag-dessins-et-modeles","24":"product_tag-durable","25":"product_tag-faire","26":"product_tag-fermer-2","27":"product_tag-fil-de-fer","28":"product_tag-fixer","29":"product_tag-jeu-de-pinces","30":"product_tag-largent","31":"product_tag-lor","32":"product_tag-laiton","33":"product_tag-ou","34":"product_tag-outils","35":"product_tag-ouvert-2","36":"product_tag-pays-bas","37":"product_tag-pince-a-becs-ronds","38":"product_tag-pince-a-bijoux-4","39":"product_tag-pince-a-cintrer-2","40":"product_tag-pince-plate","41":"product_tag-pinces","42":"product_tag-pinces-2","43":"product_tag-pinces-de-precision","44":"product_tag-poignee-souple","45":"product_tag-pointe-2","46":"product_tag-pour","47":"product_tag-reduction-4","48":"product_tag-roundbek","49":"product_tag-yeux","50":"product_shipping_class-standard","52":"first","53":"instock","54":"taxable","55":"shipping-taxable","56":"purchasable","57":"product-type-simple"},"acf":[],"_links":{"self":[{"href":"https:\/\/esquell.eu\/fr\/wp-json\/wp\/v2\/product\/26716","targetHints":{"allow":["GET"]}}],"collection":[{"href":"https:\/\/esquell.eu\/fr\/wp-json\/wp\/v2\/product"}],"about":[{"href":"https:\/\/esquell.eu\/fr\/wp-json\/wp\/v2\/types\/product"}],"replies":[{"embeddable":true,"href":"https:\/\/esquell.eu\/fr\/wp-json\/wp\/v2\/comments?post=26716"}],"wp:featuredmedia":[{"embeddable":true,"href":"https:\/\/esquell.eu\/fr\/wp-json\/wp\/v2\/media\/7352"}],"wp:attachment":[{"href":"https:\/\/esquell.eu\/fr\/wp-json\/wp\/v2\/media?parent=26716"}],"wp:term":[{"taxonomy":"more","embeddable":true,"href":"https:\/\/esquell.eu\/fr\/wp-json\/wp\/v2\/more?post=26716"},{"taxonomy":"product_brand","embeddable":true,"href":"https:\/\/esquell.eu\/fr\/wp-json\/wp\/v2\/product_brand?post=26716"},{"taxonomy":"product_cat","embeddable":true,"href":"https:\/\/esquell.eu\/fr\/wp-json\/wp\/v2\/product_cat?post=26716"},{"taxonomy":"product_tag","embeddable":true,"href":"https:\/\/esquell.eu\/fr\/wp-json\/wp\/v2\/product_tag?post=26716"}],"curies":[{"name":"wp","href":"https:\/\/api.w.org\/{rel}","templated":true}]}}