{"id":26698,"date":"2025-04-03T09:23:07","date_gmt":"2025-04-03T09:23:07","guid":{"rendered":"https:\/\/esquell.eu\/product\/boitier-de-pendentif-avec-oeillet-de-pendentif-carre-en-acier-inoxydable-2020-mm\/"},"modified":"2025-04-03T09:23:07","modified_gmt":"2025-04-03T09:23:07","slug":"boitier-de-pendentif-avec-oeillet-de-pendentif-carre-en-acier-inoxydable-2020-mm","status":"publish","type":"product","link":"https:\/\/esquell.eu\/fr\/produit\/boitier-de-pendentif-avec-oeillet-de-pendentif-carre-en-acier-inoxydable-2020-mm\/","title":{"rendered":"Bo\u00eetier de pendentif avec \u0153illet de pendentif. Carr\u00e9 en acier inoxydable 20*20 mm"},"content":{"rendered":"<p>Bo\u00eetier de pendentif en acier inoxydable.<br \/>\nCarr\u00e9 avec anneau de pendentif.<br \/>\nAcier chirurgical.<br \/>\nHypo allerg\u00e8ne.<\/p>\n<p>Avec \u0153il pendentif. 20*20mm<\/p>\n<p>Pendentif \u00e0 remplir de r\u00e9sine, d&rsquo;argile, de verre, etc. Avec \u0153illet de pendentif. <\/p>\n<div class=\"product-addition-content\">\n<p>Convient \u00e9galement \u00e0 la fabrication de bijoux comm\u00e9moratifs. En remplissant le pendentif de cendres, de cheveux ou d&rsquo;autres \u00e9l\u00e9ments similaires d&rsquo;un \u00eatre cher, vous cr\u00e9ez un bijou comm\u00e9moratif unique. <\/p>\n<\/div>\n","protected":false},"excerpt":{"rendered":"<p>Pendentif en acier inoxydable.<br \/>\nRectangle avec pendentif.<br \/>\nAcier chirurgical.<br \/>\nHypo allerg\u00e8ne.<\/p>\n<p>&nbsp;<\/p>\n<p>Pendentif \u00e0 remplir de r\u00e9sine, d&rsquo;argile, de verre, etc. Avec \u0153illet de pendentif. <\/p>\n<p>Convient \u00e9galement \u00e0 la fabrication de bijoux comm\u00e9moratifs. En remplissant le pendentif de cendres, de cheveux ou d&rsquo;autres \u00e9l\u00e9ments similaires d&rsquo;un \u00eatre cher, vous cr\u00e9ez un bijou comm\u00e9moratif unique. <\/p>\n","protected":false},"featured_media":8004,"comment_status":"closed","ping_status":"closed","template":"","meta":{"_acf_changed":false,"_seopress_robots_primary_cat":"none","_seopress_titles_title":"","_seopress_titles_desc":"","_seopress_robots_index":""},"more":[],"product_brand":[6398],"product_cat":[9873],"product_tag":[6645,8048,7675,8284,6646,6939,7409,6847,10091,7929,14166,7045,7024,7036,6923,6931,14201,17275,20746,11088,6947,6949,6393,6372,6718,17274,6480,6941,7582,6409,6935,7430,7770,6819,14177,6649,8632,17276,8629,6655,8503,7038,8509,8492,6647,6724,9797,7766,7677,6763,6374,6798,6815,6785,6653,6933,7679,6712,6651,6659,17277,7659,7662,12006,7648,6801,6761,6369,6550,6634,8996,7026,7030,6789,6640,6937,6643,6657,6544,6816,6391,6774,6966,12633,7670,7656,7094,7774,9894,9896,15644,6443,6925,6407,6805,17271,13731,6787,9892,6803,6408,6807,6667],"class_list":{"0":"post-26698","1":"product","2":"type-product","3":"status-publish","4":"has-post-thumbnail","6":"product_brand-l1","7":"product_cat-led-et-resine-uv","8":"product_tag-a","9":"product_tag-a-vendre","10":"product_tag-achats","11":"product_tag-achats-3","12":"product_tag-acheter","13":"product_tag-acheter-2","14":"product_tag-acier","15":"product_tag-acier-inoxydable","16":"product_tag-acier-inoxydable-3","17":"product_tag-acrylique","18":"product_tag-allergique","19":"product_tag-almelo","20":"product_tag-almere","21":"product_tag-amersfoort","22":"product_tag-amsterdam","23":"product_tag-anvers","24":"product_tag-ardennes","25":"product_tag-armoire-suspendue","26":"product_tag-armoire-suspendue-2","27":"product_tag-armoires","28":"product_tag-arnhem","29":"product_tag-assen","30":"product_tag-belgique","31":"product_tag-bijoux","32":"product_tag-bijoux-3","33":"product_tag-bijoux-commemoratifs-4","34":"product_tag-boites-de-composition","35":"product_tag-brabant","36":"product_tag-breda","37":"product_tag-bricolage","38":"product_tag-bruxelles","39":"product_tag-cabochon","40":"product_tag-camps","41":"product_tag-cernit","42":"product_tag-chirurgicale","43":"product_tag-commande","44":"product_tag-comme","45":"product_tag-composants-de-bijoux-2","46":"product_tag-cremation","47":"product_tag-drenthe","48":"product_tag-dronten","49":"product_tag-eindhoven","50":"product_tag-emmeloord","51":"product_tag-emmen","52":"product_tag-en-ligne","53":"product_tag-envoyer","54":"product_tag-epoxy","55":"product_tag-etreilen","56":"product_tag-fabrication-de-bijoux-par-soi-meme","57":"product_tag-facebook","58":"product_tag-faire","59":"product_tag-faire-2","60":"product_tag-fimo","61":"product_tag-flevoland","62":"product_tag-frise","63":"product_tag-gentilhomme","64":"product_tag-google","65":"product_tag-gratuit","66":"product_tag-groningue","67":"product_tag-gueldre","68":"product_tag-heerenven","69":"product_tag-hollande-du-nord","70":"product_tag-hollande-du-sud","71":"product_tag-hypoallergenique","72":"product_tag-idees","73":"product_tag-il","74":"product_tag-instagram","75":"product_tag-largent","76":"product_tag-largent-2","77":"product_tag-largent-3","78":"product_tag-linspiration","79":"product_tag-lelystad","80":"product_tag-liege","81":"product_tag-limbourg","82":"product_tag-maison","83":"product_tag-ostende","84":"product_tag-ou","85":"product_tag-overijssel","86":"product_tag-pas","87":"product_tag-pate-polymere","88":"product_tag-pays-bas","89":"product_tag-pendentif","90":"product_tag-perles-2","91":"product_tag-pieces-de-bijouterie-3","92":"product_tag-pinterest","93":"product_tag-polder-du-nord-est","94":"product_tag-pont","95":"product_tag-resine","96":"product_tag-resine-2","97":"product_tag-resine-acrylique","98":"product_tag-resine-epoxy","99":"product_tag-resine-uv","100":"product_tag-rotterdam","101":"product_tag-silverclay-co-uk","102":"product_tag-soi","103":"product_tag-son-2","104":"product_tag-tourbiere","105":"product_tag-utrecht","106":"product_tag-uv","107":"product_tag-votre","108":"product_tag-vous","109":"product_tag-vous-2","110":"product_tag-zelande","111":"product_shipping_class-standard","113":"first","114":"instock","115":"taxable","116":"shipping-taxable","117":"purchasable","118":"product-type-simple"},"acf":[],"_links":{"self":[{"href":"https:\/\/esquell.eu\/fr\/wp-json\/wp\/v2\/product\/26698","targetHints":{"allow":["GET"]}}],"collection":[{"href":"https:\/\/esquell.eu\/fr\/wp-json\/wp\/v2\/product"}],"about":[{"href":"https:\/\/esquell.eu\/fr\/wp-json\/wp\/v2\/types\/product"}],"replies":[{"embeddable":true,"href":"https:\/\/esquell.eu\/fr\/wp-json\/wp\/v2\/comments?post=26698"}],"wp:featuredmedia":[{"embeddable":true,"href":"https:\/\/esquell.eu\/fr\/wp-json\/wp\/v2\/media\/8004"}],"wp:attachment":[{"href":"https:\/\/esquell.eu\/fr\/wp-json\/wp\/v2\/media?parent=26698"}],"wp:term":[{"taxonomy":"more","embeddable":true,"href":"https:\/\/esquell.eu\/fr\/wp-json\/wp\/v2\/more?post=26698"},{"taxonomy":"product_brand","embeddable":true,"href":"https:\/\/esquell.eu\/fr\/wp-json\/wp\/v2\/product_brand?post=26698"},{"taxonomy":"product_cat","embeddable":true,"href":"https:\/\/esquell.eu\/fr\/wp-json\/wp\/v2\/product_cat?post=26698"},{"taxonomy":"product_tag","embeddable":true,"href":"https:\/\/esquell.eu\/fr\/wp-json\/wp\/v2\/product_tag?post=26698"}],"curies":[{"name":"wp","href":"https:\/\/api.w.org\/{rel}","templated":true}]}}