{"id":26678,"date":"2025-04-03T09:23:07","date_gmt":"2025-04-03T09:23:07","guid":{"rendered":"https:\/\/esquell.eu\/product\/grattoir-pour-par-exemple-la-resine\/"},"modified":"2025-04-03T09:23:07","modified_gmt":"2025-04-03T09:23:07","slug":"grattoir-pour-par-exemple-la-resine","status":"publish","type":"product","link":"https:\/\/esquell.eu\/fr\/produit\/grattoir-pour-par-exemple-la-resine\/","title":{"rendered":"Grattoir pour, par exemple, la r\u00e9sine"},"content":{"rendered":"<p>Grattoir en plastique pour travailler la r\u00e9sine, la p\u00e2te \u00e0 modeler, l&rsquo;argile, etc.<\/p>\n<p>Longueur env. 12 cm,<\/p>\n<p>Spatule 5 cm<\/p>\n","protected":false},"excerpt":{"rendered":"<p>Grattoir en plastique pour travailler la r\u00e9sine, la p\u00e2te \u00e0 modeler, l&rsquo;argile, etc.<\/p>\n<p>Longueur env. 12 cm,<\/p>\n<p>Spatule 5 cm<\/p>\n<p>&nbsp;<\/p>\n<p>&nbsp;<\/p>\n","protected":false},"featured_media":8012,"comment_status":"closed","ping_status":"closed","template":"","meta":{"_acf_changed":false,"_seopress_robots_primary_cat":"none","_seopress_titles_title":"","_seopress_titles_desc":"","_seopress_robots_index":""},"more":[],"product_brand":[6398],"product_cat":[9873],"product_tag":[7929,6372,12350,9797,6374,20740,19579,7774,9894,9896,6443,14620,20717,9892,11627],"class_list":{"0":"post-26678","1":"product","2":"type-product","3":"status-publish","4":"has-post-thumbnail","6":"product_brand-l1","7":"product_cat-led-et-resine-uv","8":"product_tag-acrylique","9":"product_tag-bijoux","10":"product_tag-dirige","11":"product_tag-epoxy","12":"product_tag-faire","13":"product_tag-grattoir","14":"product_tag-ledresin","15":"product_tag-resine","16":"product_tag-resine-2","17":"product_tag-resine-acrylique","18":"product_tag-resine-uv","19":"product_tag-resine-lumiere","20":"product_tag-spatule-2","21":"product_tag-uv","22":"product_tag-uvresin","23":"product_shipping_class-standard","25":"first","26":"instock","27":"taxable","28":"shipping-taxable","29":"purchasable","30":"product-type-simple"},"acf":[],"_links":{"self":[{"href":"https:\/\/esquell.eu\/fr\/wp-json\/wp\/v2\/product\/26678","targetHints":{"allow":["GET"]}}],"collection":[{"href":"https:\/\/esquell.eu\/fr\/wp-json\/wp\/v2\/product"}],"about":[{"href":"https:\/\/esquell.eu\/fr\/wp-json\/wp\/v2\/types\/product"}],"replies":[{"embeddable":true,"href":"https:\/\/esquell.eu\/fr\/wp-json\/wp\/v2\/comments?post=26678"}],"wp:featuredmedia":[{"embeddable":true,"href":"https:\/\/esquell.eu\/fr\/wp-json\/wp\/v2\/media\/8012"}],"wp:attachment":[{"href":"https:\/\/esquell.eu\/fr\/wp-json\/wp\/v2\/media?parent=26678"}],"wp:term":[{"taxonomy":"more","embeddable":true,"href":"https:\/\/esquell.eu\/fr\/wp-json\/wp\/v2\/more?post=26678"},{"taxonomy":"product_brand","embeddable":true,"href":"https:\/\/esquell.eu\/fr\/wp-json\/wp\/v2\/product_brand?post=26678"},{"taxonomy":"product_cat","embeddable":true,"href":"https:\/\/esquell.eu\/fr\/wp-json\/wp\/v2\/product_cat?post=26678"},{"taxonomy":"product_tag","embeddable":true,"href":"https:\/\/esquell.eu\/fr\/wp-json\/wp\/v2\/product_tag?post=26678"}],"curies":[{"name":"wp","href":"https:\/\/api.w.org\/{rel}","templated":true}]}}