{"id":26663,"date":"2025-04-03T09:23:07","date_gmt":"2025-04-03T09:23:07","guid":{"rendered":"https:\/\/esquell.eu\/product\/palette-detachable-pour-resine-acrylique-resine-epoxy-r-0177\/"},"modified":"2025-04-03T09:23:07","modified_gmt":"2025-04-03T09:23:07","slug":"palette-detachable-pour-resine-acrylique-resine-epoxy-r-0177","status":"publish","type":"product","link":"https:\/\/esquell.eu\/fr\/produit\/palette-detachable-pour-resine-acrylique-resine-epoxy-r-0177\/","title":{"rendered":"Palette d\u00e9tachable pour r\u00e9sine acrylique, r\u00e9sine, \u00e9poxy. (R-0177)"},"content":{"rendered":"<p>La palette d\u00e9chirable (10 x 14,8 cm) est id\u00e9ale pour l&rsquo;utilisation de la r\u00e9sine UV.<br \/>\nElle contient 30 feuilles de papier avec un rev\u00eatement sp\u00e9cial qui garantit que la peinture et l&rsquo;encre ne sont pas absorb\u00e9es.<br \/>\nLorsque vous avez termin\u00e9, vous pouvez d\u00e9chirer la feuille utilis\u00e9e et la palette est alors pr\u00eate \u00e0 \u00eatre utilis\u00e9e \u00e0 nouveau.<\/p>\n","protected":false},"excerpt":{"rendered":"<p>La palette d\u00e9tachable (10 x 14,8 cm) est id\u00e9ale pour l&rsquo;utilisation de la r\u00e9sine UV. Elle contient 30 feuilles de papier avec un rev\u00eatement sp\u00e9cial qui emp\u00eache la peinture et l&rsquo;encre d&rsquo;\u00eatre absorb\u00e9es. Lorsque vous avez termin\u00e9, vous pouvez d\u00e9chirer la feuille utilis\u00e9e et la palette est alors pr\u00eate \u00e0 \u00eatre r\u00e9utilis\u00e9e.  <\/p>\n<p>&nbsp;<\/p>\n<p>Palette d\u00e9tachable pour m\u00e9langer la r\u00e9sine UV, l&rsquo;aquarelle, la peinture \u00e0 l&rsquo;huile, la peinture acrylique, etc.<\/p>\n","protected":false},"featured_media":4221,"comment_status":"closed","ping_status":"closed","template":"","meta":{"_acf_changed":false,"_seopress_robots_primary_cat":"none","_seopress_titles_title":"","_seopress_titles_desc":"","_seopress_robots_index":""},"more":[],"product_brand":[6382],"product_cat":[9873],"product_tag":[20724,20728,20730,20725,20733,20732],"class_list":{"0":"post-26663","1":"product","2":"type-product","3":"status-publish","4":"has-post-thumbnail","6":"product_brand-acs","7":"product_cat-led-et-resine-uv","8":"product_tag-couteau-a-palette","9":"product_tag-dechirure","10":"product_tag-palette-2","11":"product_tag-palette-detachable","12":"product_tag-palette-jetable","13":"product_tag-palettes","14":"product_shipping_class-standard","16":"first","17":"instock","18":"taxable","19":"shipping-taxable","20":"purchasable","21":"product-type-simple"},"acf":[],"_links":{"self":[{"href":"https:\/\/esquell.eu\/fr\/wp-json\/wp\/v2\/product\/26663","targetHints":{"allow":["GET"]}}],"collection":[{"href":"https:\/\/esquell.eu\/fr\/wp-json\/wp\/v2\/product"}],"about":[{"href":"https:\/\/esquell.eu\/fr\/wp-json\/wp\/v2\/types\/product"}],"replies":[{"embeddable":true,"href":"https:\/\/esquell.eu\/fr\/wp-json\/wp\/v2\/comments?post=26663"}],"wp:featuredmedia":[{"embeddable":true,"href":"https:\/\/esquell.eu\/fr\/wp-json\/wp\/v2\/media\/4221"}],"wp:attachment":[{"href":"https:\/\/esquell.eu\/fr\/wp-json\/wp\/v2\/media?parent=26663"}],"wp:term":[{"taxonomy":"more","embeddable":true,"href":"https:\/\/esquell.eu\/fr\/wp-json\/wp\/v2\/more?post=26663"},{"taxonomy":"product_brand","embeddable":true,"href":"https:\/\/esquell.eu\/fr\/wp-json\/wp\/v2\/product_brand?post=26663"},{"taxonomy":"product_cat","embeddable":true,"href":"https:\/\/esquell.eu\/fr\/wp-json\/wp\/v2\/product_cat?post=26663"},{"taxonomy":"product_tag","embeddable":true,"href":"https:\/\/esquell.eu\/fr\/wp-json\/wp\/v2\/product_tag?post=26663"}],"curies":[{"name":"wp","href":"https:\/\/api.w.org\/{rel}","templated":true}]}}