{"id":26652,"date":"2025-04-03T09:23:07","date_gmt":"2025-04-03T09:23:07","guid":{"rendered":"https:\/\/esquell.eu\/product\/spatules-en-acier-inoxydable-pour-le-travail-avec-la-resine-uv-set-de-3\/"},"modified":"2025-04-03T09:23:07","modified_gmt":"2025-04-03T09:23:07","slug":"spatules-en-acier-inoxydable-pour-le-travail-avec-la-resine-uv-set-de-3","status":"publish","type":"product","link":"https:\/\/esquell.eu\/fr\/produit\/spatules-en-acier-inoxydable-pour-le-travail-avec-la-resine-uv-set-de-3\/","title":{"rendered":"Spatules en acier inoxydable pour le travail avec la r\u00e9sine UV Set de 3"},"content":{"rendered":"<div class=\"product-addition-content\">\n<p>Spatules en acier inoxydable pour travailler avec la r\u00e9sine UV, la r\u00e9sine acrylique, la r\u00e9sine \u00e9poxy, etc.<\/p>\n<p>Pour m\u00e9langer et appliquer la r\u00e9sine.<\/p>\n<\/div>\n","protected":false},"excerpt":{"rendered":"<p>Spatules en acier inoxydable pour travailler avec la r\u00e9sine UV, la r\u00e9sine acrylique, la r\u00e9sine \u00e9poxy, etc.<\/p>\n<p>Pour m\u00e9langer et appliquer la r\u00e9sine.<\/p>\n","protected":false},"featured_media":8015,"comment_status":"closed","ping_status":"closed","template":"","meta":{"_acf_changed":false,"_seopress_robots_primary_cat":"none","_seopress_titles_title":"","_seopress_titles_desc":"","_seopress_robots_index":""},"more":[],"product_brand":[6398],"product_cat":[9873],"product_tag":[6470,6645,6646,7929,6945,7024,6923,7098,6638,7292,7339,6388,6473,6404,6420,6530,7141,7028,6378,6390,6405,6376,6575,6372,6402,8350,6641,7814,6958,6389,6941,6792,7360,6409,7770,6655,9797,6374,6798,14658,6785,6653,6651,6659,7659,7662,6801,6369,6550,6472,6930,7026,6789,6426,11024,19237,6759,6661,6567,6643,7405,6657,6391,6665,6927,14828,7774,9894,6443,6925,6407,6805,20717,13399,20718,6663,20713,10139,6787,9892,11627,6803,6807,6667],"class_list":{"0":"post-26652","1":"product","2":"type-product","3":"status-publish","4":"has-post-thumbnail","6":"product_brand-l1","7":"product_cat-led-et-resine-uv","8":"product_tag-6470","9":"product_tag-a","10":"product_tag-acheter","11":"product_tag-acrylique","12":"product_tag-alkmaar","13":"product_tag-almere","14":"product_tag-amsterdam","15":"product_tag-anneau","16":"product_tag-anneaux","17":"product_tag-appliquer","18":"product_tag-argent-malleable","19":"product_tag-argile","20":"product_tag-argile-2","21":"product_tag-argile-argentee","22":"product_tag-argile-bronze","23":"product_tag-argile-bronzee","24":"product_tag-argile-cuivree","25":"product_tag-argile-cuivreuse","26":"product_tag-argile-metallique","27":"product_tag-argile-metallique-2","28":"product_tag-artclay","29":"product_tag-artclaysilver","30":"product_tag-ateliers","31":"product_tag-bijoux","32":"product_tag-bon-marche","33":"product_tag-boucle-doreille","34":"product_tag-boucles-doreilles","35":"product_tag-boucles-doreilles-2","36":"product_tag-boutique","37":"product_tag-boutique-en-ligne","38":"product_tag-brabant","39":"product_tag-bracelet","40":"product_tag-bracelets","41":"product_tag-bricolage","42":"product_tag-camps","43":"product_tag-drenthe","44":"product_tag-epoxy","45":"product_tag-faire","46":"product_tag-faire-2","47":"product_tag-fait-a-la-main-2","48":"product_tag-flevoland","49":"product_tag-frise","50":"product_tag-groningue","51":"product_tag-gueldre","52":"product_tag-hollande-du-nord","53":"product_tag-hollande-du-sud","54":"product_tag-il","55":"product_tag-largent","56":"product_tag-largent-2","57":"product_tag-lart","58":"product_tag-leeuwarden","59":"product_tag-lelystad","60":"product_tag-limbourg","61":"product_tag-malleable","62":"product_tag-materiaux","63":"product_tag-melange-2","64":"product_tag-metal","65":"product_tag-nord","66":"product_tag-offrir","67":"product_tag-ou","68":"product_tag-outil-2","69":"product_tag-overijssel","70":"product_tag-pays-bas","71":"product_tag-pays-bas-2","72":"product_tag-plomb","73":"product_tag-reduction-3","74":"product_tag-resine","75":"product_tag-resine-2","76":"product_tag-resine-uv","77":"product_tag-rotterdam","78":"product_tag-silverclay-co-uk","79":"product_tag-soi","80":"product_tag-spatule-2","81":"product_tag-spatules","82":"product_tag-spatules-2","83":"product_tag-sud","84":"product_tag-ultraviolet","85":"product_tag-unique","86":"product_tag-utrecht","87":"product_tag-uv","88":"product_tag-uvresin","89":"product_tag-votre","90":"product_tag-vous-2","91":"product_tag-zelande","92":"product_shipping_class-standard","94":"first","95":"instock","96":"taxable","97":"shipping-taxable","98":"purchasable","99":"product-type-simple"},"acf":[],"_links":{"self":[{"href":"https:\/\/esquell.eu\/fr\/wp-json\/wp\/v2\/product\/26652","targetHints":{"allow":["GET"]}}],"collection":[{"href":"https:\/\/esquell.eu\/fr\/wp-json\/wp\/v2\/product"}],"about":[{"href":"https:\/\/esquell.eu\/fr\/wp-json\/wp\/v2\/types\/product"}],"replies":[{"embeddable":true,"href":"https:\/\/esquell.eu\/fr\/wp-json\/wp\/v2\/comments?post=26652"}],"wp:featuredmedia":[{"embeddable":true,"href":"https:\/\/esquell.eu\/fr\/wp-json\/wp\/v2\/media\/8015"}],"wp:attachment":[{"href":"https:\/\/esquell.eu\/fr\/wp-json\/wp\/v2\/media?parent=26652"}],"wp:term":[{"taxonomy":"more","embeddable":true,"href":"https:\/\/esquell.eu\/fr\/wp-json\/wp\/v2\/more?post=26652"},{"taxonomy":"product_brand","embeddable":true,"href":"https:\/\/esquell.eu\/fr\/wp-json\/wp\/v2\/product_brand?post=26652"},{"taxonomy":"product_cat","embeddable":true,"href":"https:\/\/esquell.eu\/fr\/wp-json\/wp\/v2\/product_cat?post=26652"},{"taxonomy":"product_tag","embeddable":true,"href":"https:\/\/esquell.eu\/fr\/wp-json\/wp\/v2\/product_tag?post=26652"}],"curies":[{"name":"wp","href":"https:\/\/api.w.org\/{rel}","templated":true}]}}