{"id":26631,"date":"2025-04-03T09:23:07","date_gmt":"2025-04-03T09:23:07","guid":{"rendered":"https:\/\/esquell.eu\/product\/plateau-de-melange-en-silicone-45-65-25-cm\/"},"modified":"2025-04-03T09:23:07","modified_gmt":"2025-04-03T09:23:07","slug":"plateau-de-melange-en-silicone-45-65-25-cm","status":"publish","type":"product","link":"https:\/\/esquell.eu\/fr\/produit\/plateau-de-melange-en-silicone-45-65-25-cm\/","title":{"rendered":"Plateau de m\u00e9lange en silicone 4,5 * 6,5 * 2,5 cm"},"content":{"rendered":"<div class=\"product-addition-content\">\n<p>Petit plateau de m\u00e9lange en silicone pour r\u00e9sine UV<\/p>\n<p>Taille 4,5 * 6,5 * 2,5 cm<\/p>\n<p>Pour fabriquer et m\u00e9langer de petites quantit\u00e9s de r\u00e9sine UV, de r\u00e9sine acrylique ou d&rsquo;\u00e9poxy<\/p>\n<p>La r\u00e9sine ne colle pas au plateau, ce qui le rend facile \u00e0 nettoyer.<\/p>\n<\/div>\n","protected":false},"excerpt":{"rendered":"<p>Petit plateau de m\u00e9lange en silicone pour r\u00e9sine UV<\/p>\n<p>Taille 4,5 * 6,5 * 2,5 cm<\/p>\n<p>Pour fabriquer et m\u00e9langer de petites quantit\u00e9s de r\u00e9sine UV, de r\u00e9sine acrylique ou d&rsquo;\u00e9poxy<\/p>\n<p>La r\u00e9sine ne colle pas au plateau, ce qui le rend facile \u00e0 nettoyer.<\/p>\n","protected":false},"featured_media":8014,"comment_status":"closed","ping_status":"closed","template":"","meta":{"_acf_changed":false,"_seopress_robots_primary_cat":"none","_seopress_titles_title":"","_seopress_titles_desc":"","_seopress_robots_index":""},"more":[],"product_brand":[6398],"product_cat":[9873],"product_tag":[6645,6646,7929,6923,6638,6473,6404,6378,6405,6565,6575,6372,9888,6402,6641,6958,6389,6796,7360,6409,7770,12850,9797,6374,6798,6801,6369,6634,6472,6426,19237,6567,6643,6391,20699,7774,9894,9896,14735,6408,6807,7032],"class_list":{"0":"post-26631","1":"product","2":"type-product","3":"status-publish","4":"has-post-thumbnail","6":"product_brand-l1","7":"product_cat-led-et-resine-uv","8":"product_tag-a","9":"product_tag-acheter","10":"product_tag-acrylique","11":"product_tag-amsterdam","12":"product_tag-anneaux","13":"product_tag-argile-2","14":"product_tag-argile-argentee","15":"product_tag-argile-metallique","16":"product_tag-artclay","17":"product_tag-atelier","18":"product_tag-ateliers","19":"product_tag-bijoux","20":"product_tag-bol-de-melange","21":"product_tag-bon-marche","22":"product_tag-boucles-doreilles","23":"product_tag-boutique","24":"product_tag-boutique-en-ligne","25":"product_tag-boutique-en-ligne-2","26":"product_tag-bracelets","27":"product_tag-bricolage","28":"product_tag-camps","29":"product_tag-cuvette","30":"product_tag-epoxy","31":"product_tag-faire","32":"product_tag-faire-2","33":"product_tag-il","34":"product_tag-largent","35":"product_tag-largent-3","36":"product_tag-lart","37":"product_tag-malleable","38":"product_tag-melange-2","39":"product_tag-offrir","40":"product_tag-ou","41":"product_tag-pays-bas","42":"product_tag-plateaux-de-melange","43":"product_tag-resine","44":"product_tag-resine-2","45":"product_tag-resine-acrylique","46":"product_tag-silicone","47":"product_tag-vous","48":"product_tag-vous-2","49":"product_tag-zwolle","50":"product_shipping_class-standard","52":"first","53":"instock","54":"taxable","55":"shipping-taxable","56":"purchasable","57":"product-type-simple"},"acf":[],"_links":{"self":[{"href":"https:\/\/esquell.eu\/fr\/wp-json\/wp\/v2\/product\/26631","targetHints":{"allow":["GET"]}}],"collection":[{"href":"https:\/\/esquell.eu\/fr\/wp-json\/wp\/v2\/product"}],"about":[{"href":"https:\/\/esquell.eu\/fr\/wp-json\/wp\/v2\/types\/product"}],"replies":[{"embeddable":true,"href":"https:\/\/esquell.eu\/fr\/wp-json\/wp\/v2\/comments?post=26631"}],"wp:featuredmedia":[{"embeddable":true,"href":"https:\/\/esquell.eu\/fr\/wp-json\/wp\/v2\/media\/8014"}],"wp:attachment":[{"href":"https:\/\/esquell.eu\/fr\/wp-json\/wp\/v2\/media?parent=26631"}],"wp:term":[{"taxonomy":"more","embeddable":true,"href":"https:\/\/esquell.eu\/fr\/wp-json\/wp\/v2\/more?post=26631"},{"taxonomy":"product_brand","embeddable":true,"href":"https:\/\/esquell.eu\/fr\/wp-json\/wp\/v2\/product_brand?post=26631"},{"taxonomy":"product_cat","embeddable":true,"href":"https:\/\/esquell.eu\/fr\/wp-json\/wp\/v2\/product_cat?post=26631"},{"taxonomy":"product_tag","embeddable":true,"href":"https:\/\/esquell.eu\/fr\/wp-json\/wp\/v2\/product_tag?post=26631"}],"curies":[{"name":"wp","href":"https:\/\/api.w.org\/{rel}","templated":true}]}}