{"id":26611,"date":"2025-04-03T09:22:55","date_gmt":"2025-04-03T09:22:55","guid":{"rendered":"https:\/\/esquell.eu\/product\/grappin-a-pierre-grappin-a-pierre\/"},"modified":"2026-01-10T14:34:24","modified_gmt":"2026-01-10T14:34:24","slug":"grappin-a-pierre-grappin-a-pierre","status":"publish","type":"product","link":"https:\/\/esquell.eu\/fr\/produit\/grappin-a-pierre-grappin-a-pierre\/","title":{"rendered":"Grappin \u00e0 pierre. Grappin \u00e0 pierre"},"content":{"rendered":"<p>Grappin \u00e0 pierres, empaqueteur de pierres, ramasseur de pierres.<\/p>\n<p>Pour ramasser et placer la zircone.<\/p>\n","protected":false},"excerpt":{"rendered":"<p>Grappin \u00e0 pierres, empaqueteur de pierres, cueilleur de pierres. Pour la prise et la mise en place de la zircone. <\/p>\n","protected":false},"featured_media":26615,"comment_status":"closed","ping_status":"closed","template":"","meta":{"_acf_changed":false,"_seopress_robots_primary_cat":"none","_seopress_titles_title":"","_seopress_titles_desc":"","_seopress_robots_index":""},"more":[],"product_brand":[6398],"product_cat":[7397],"product_tag":[6645,6646,7024,6923,6931,7339,6388,6473,6404,6378,6390,6405,6376,6949,6393,13299,6372,6402,6958,6796,6941,6409,6412,6935,7770,8346,8224,6650,7047,7053,6655,20675,20674,6647,7043,7766,6374,6798,6785,6635,10299,6653,6933,6651,6659,6951,7120,7648,6801,7645,6369,6634,6403,8682,10177,6930,7030,7401,6789,6426,20678,7398,6661,6567,6637,10082,6937,6643,14968,6636,6726,13490,17122,6657,8211,6391,6665,6644,6428,8053,7403,7602,13139,20677,7094,8248,8323,6751,7426,6925,20676,6805,6663,20680,20679,6787,7102,6803,6408,6667,7604,7032],"class_list":{"0":"post-26611","1":"product","2":"type-product","3":"status-publish","4":"has-post-thumbnail","6":"product_brand-l1","7":"product_cat-pince-et-pince-a-epiler","8":"product_tag-a","9":"product_tag-acheter","10":"product_tag-almere","11":"product_tag-amsterdam","12":"product_tag-anvers","13":"product_tag-argent-malleable","14":"product_tag-argile","15":"product_tag-argile-2","16":"product_tag-argile-argentee","17":"product_tag-argile-metallique","18":"product_tag-argile-metallique-2","19":"product_tag-artclay","20":"product_tag-artclaysilver","21":"product_tag-assen","22":"product_tag-belgique","23":"product_tag-bijouterie","24":"product_tag-bijoux","25":"product_tag-bon-marche","26":"product_tag-boutique","27":"product_tag-boutique-en-ligne-2","28":"product_tag-brabant","29":"product_tag-bricolage","30":"product_tag-bronze","31":"product_tag-bruxelles","32":"product_tag-camps","33":"product_tag-combinaisons","34":"product_tag-conseils","35":"product_tag-cuivre","36":"product_tag-delft","37":"product_tag-delftzijl","38":"product_tag-drenthe","39":"product_tag-emballeur","40":"product_tag-empileur-de-pierres","41":"product_tag-en-ligne","42":"product_tag-enschede","43":"product_tag-etreilen","44":"product_tag-faire","45":"product_tag-faire-2","46":"product_tag-flevoland","47":"product_tag-fournitures","48":"product_tag-fournitures-pour-bijoux-2","49":"product_tag-frise","50":"product_tag-gentilhomme","51":"product_tag-groningue","52":"product_tag-gueldre","53":"product_tag-heerenveen","54":"product_tag-hoogeveen","55":"product_tag-idees","56":"product_tag-il","57":"product_tag-iles","58":"product_tag-largent","59":"product_tag-largent-3","60":"product_tag-lor","61":"product_tag-laiton","62":"product_tag-laiton-2","63":"product_tag-leeuwarden","64":"product_tag-liege","65":"product_tag-lieux","66":"product_tag-limbourg","67":"product_tag-malleable","68":"product_tag-maniabilite","69":"product_tag-mettre","70":"product_tag-nord","71":"product_tag-offrir","72":"product_tag-orfevre","73":"product_tag-orfevre-3","74":"product_tag-ostende","75":"product_tag-ou","76":"product_tag-outil-4","77":"product_tag-outils","78":"product_tag-outils-2","79":"product_tag-outils-de-bijouterie-4","80":"product_tag-outils-de-bijouterie-5","81":"product_tag-overijssel","82":"product_tag-pate-2","83":"product_tag-pays-bas","84":"product_tag-pays-bas-2","85":"product_tag-pieces","86":"product_tag-pierre","87":"product_tag-pierre-3","88":"product_tag-pierre-de-taille","89":"product_tag-pierres-precieuses","90":"product_tag-pierres-precieuses-4","91":"product_tag-pince-3","92":"product_tag-pont","93":"product_tag-pratique","94":"product_tag-ramasser","95":"product_tag-reduction","96":"product_tag-reglage","97":"product_tag-rotterdam","98":"product_tag-saisir","99":"product_tag-soi","100":"product_tag-sud","101":"product_tag-sud-2","102":"product_tag-tour-de-passe-passe","103":"product_tag-utrecht","104":"product_tag-vasieres","105":"product_tag-votre","106":"product_tag-vous","107":"product_tag-zelande","108":"product_tag-zircone-2","109":"product_tag-zwolle","110":"product_shipping_class-standard","112":"first","113":"instock","114":"taxable","115":"shipping-taxable","116":"purchasable","117":"product-type-simple"},"acf":[],"_links":{"self":[{"href":"https:\/\/esquell.eu\/fr\/wp-json\/wp\/v2\/product\/26611","targetHints":{"allow":["GET"]}}],"collection":[{"href":"https:\/\/esquell.eu\/fr\/wp-json\/wp\/v2\/product"}],"about":[{"href":"https:\/\/esquell.eu\/fr\/wp-json\/wp\/v2\/types\/product"}],"replies":[{"embeddable":true,"href":"https:\/\/esquell.eu\/fr\/wp-json\/wp\/v2\/comments?post=26611"}],"wp:featuredmedia":[{"embeddable":true,"href":"https:\/\/esquell.eu\/fr\/wp-json\/wp\/v2\/media\/26615"}],"wp:attachment":[{"href":"https:\/\/esquell.eu\/fr\/wp-json\/wp\/v2\/media?parent=26611"}],"wp:term":[{"taxonomy":"more","embeddable":true,"href":"https:\/\/esquell.eu\/fr\/wp-json\/wp\/v2\/more?post=26611"},{"taxonomy":"product_brand","embeddable":true,"href":"https:\/\/esquell.eu\/fr\/wp-json\/wp\/v2\/product_brand?post=26611"},{"taxonomy":"product_cat","embeddable":true,"href":"https:\/\/esquell.eu\/fr\/wp-json\/wp\/v2\/product_cat?post=26611"},{"taxonomy":"product_tag","embeddable":true,"href":"https:\/\/esquell.eu\/fr\/wp-json\/wp\/v2\/product_tag?post=26611"}],"curies":[{"name":"wp","href":"https:\/\/api.w.org\/{rel}","templated":true}]}}