{"id":26597,"date":"2025-04-03T09:22:55","date_gmt":"2025-04-03T09:22:55","guid":{"rendered":"https:\/\/esquell.eu\/product\/pince-pour-fermer-les-perles-a-pincer-les-perles-a-sertir\/"},"modified":"2025-04-03T09:22:55","modified_gmt":"2025-04-03T09:22:55","slug":"pince-pour-fermer-les-perles-a-pincer-les-perles-a-sertir","status":"publish","type":"product","link":"https:\/\/esquell.eu\/fr\/produit\/pince-pour-fermer-les-perles-a-pincer-les-perles-a-sertir\/","title":{"rendered":"Pince pour fermer les perles \u00e0 pincer, les perles \u00e0 sertir"},"content":{"rendered":"<p>Pince pour travailler avec des perles \u00e0 clipser, des perles \u00e0 sertir.<\/p>\n<p>Longueur de la pince env. 13 cm<\/p>\n","protected":false},"excerpt":{"rendered":"<p>Pince pour fermer les perles \u00e0 pince, les perles \u00e0 sertir, les perles \u00e0 sertir<\/p>\n","protected":false},"featured_media":4224,"comment_status":"closed","ping_status":"closed","template":"","meta":{"_acf_changed":false,"_seopress_robots_primary_cat":"none","_seopress_titles_title":"","_seopress_titles_desc":"","_seopress_robots_index":""},"more":[],"product_brand":[],"product_cat":[7397],"product_tag":[6958,8505,11839,6966,9569,20652,20653,16966,8638,20654],"class_list":{"0":"post-26597","1":"product","2":"type-product","3":"status-publish","4":"has-post-thumbnail","6":"product_cat-pince-et-pince-a-epiler","7":"product_tag-boutique","8":"product_tag-filetage","9":"product_tag-finition-2","10":"product_tag-perles-2","11":"product_tag-perles-4","12":"product_tag-perles-a-sertir","13":"product_tag-perles-de-sertissage","14":"product_tag-pinces-3","15":"product_tag-retrecissement","16":"product_tag-sertir","17":"product_shipping_class-standard","19":"first","20":"instock","21":"taxable","22":"shipping-taxable","23":"purchasable","24":"product-type-simple"},"acf":[],"_links":{"self":[{"href":"https:\/\/esquell.eu\/fr\/wp-json\/wp\/v2\/product\/26597","targetHints":{"allow":["GET"]}}],"collection":[{"href":"https:\/\/esquell.eu\/fr\/wp-json\/wp\/v2\/product"}],"about":[{"href":"https:\/\/esquell.eu\/fr\/wp-json\/wp\/v2\/types\/product"}],"replies":[{"embeddable":true,"href":"https:\/\/esquell.eu\/fr\/wp-json\/wp\/v2\/comments?post=26597"}],"wp:featuredmedia":[{"embeddable":true,"href":"https:\/\/esquell.eu\/fr\/wp-json\/wp\/v2\/media\/4224"}],"wp:attachment":[{"href":"https:\/\/esquell.eu\/fr\/wp-json\/wp\/v2\/media?parent=26597"}],"wp:term":[{"taxonomy":"more","embeddable":true,"href":"https:\/\/esquell.eu\/fr\/wp-json\/wp\/v2\/more?post=26597"},{"taxonomy":"product_brand","embeddable":true,"href":"https:\/\/esquell.eu\/fr\/wp-json\/wp\/v2\/product_brand?post=26597"},{"taxonomy":"product_cat","embeddable":true,"href":"https:\/\/esquell.eu\/fr\/wp-json\/wp\/v2\/product_cat?post=26597"},{"taxonomy":"product_tag","embeddable":true,"href":"https:\/\/esquell.eu\/fr\/wp-json\/wp\/v2\/product_tag?post=26597"}],"curies":[{"name":"wp","href":"https:\/\/api.w.org\/{rel}","templated":true}]}}