{"id":26571,"date":"2025-04-03T09:22:55","date_gmt":"2025-04-03T09:22:55","guid":{"rendered":"https:\/\/esquell.eu\/product\/pince-a-bec-rond-130-mm-sans-ressort-acier-professionnel\/"},"modified":"2025-04-03T09:22:55","modified_gmt":"2025-04-03T09:22:55","slug":"pince-a-bec-rond-130-mm-sans-ressort-acier-professionnel","status":"publish","type":"product","link":"https:\/\/esquell.eu\/fr\/produit\/pince-a-bec-rond-130-mm-sans-ressort-acier-professionnel\/","title":{"rendered":"Pince \u00e0 bec rond 130 mm sans ressort. Acier. Professionnel."},"content":{"rendered":"<p>Pince \u00e0 bijoux, pince \u00e0 plier ronde, pour plier le fil, les oeillets.<\/p>\n<p>Enti\u00e8rement en acier inoxydable de haute qualit\u00e9. Sans ressort. <\/p>\n","protected":false},"excerpt":{"rendered":"<p>Pince \u00e0 bijoux, pince \u00e0 plier ronde, pour plier le fil, les oeillets.<\/p>\n<p>Enti\u00e8rement en acier inoxydable de haute qualit\u00e9. Sans ressort. <\/p>\n<p>&nbsp;<\/p>\n<p>&nbsp;<\/p>\n","protected":false},"featured_media":7316,"comment_status":"closed","ping_status":"closed","template":"","meta":{"_acf_changed":false,"_seopress_robots_primary_cat":"none","_seopress_titles_title":"","_seopress_titles_desc":"","_seopress_robots_index":""},"more":[],"product_brand":[],"product_cat":[7397],"product_tag":[6470,6476,6645,6646,6939,6960,7016,6931,6404,6376,6565,14399,6393,20636,6372,10347,6402,18635,12629,6958,6389,9402,6935,20631,20632,6649,20466,7498,6655,20627,6647,20634,6763,6374,12449,12634,8507,12392,20633,12427,12433,20630,6785,7565,20635,6653,9392,6933,6712,6651,6659,6761,6550,8996,7287,6789,7681,20628,6990,18493,7851,11024,6708,9333,13276,6661,9223,6937,6643,7405,6636,6726,6657,6665,6966,6644,20332,20327,16966,7670,7094,6749,8603,6984,6751,6778,20629,6407,6663,6411,6787,6408,6776,8037,6667],"class_list":{"0":"post-26571","1":"product","2":"type-product","3":"status-publish","4":"has-post-thumbnail","6":"product_cat-pince-et-pince-a-epiler","7":"product_tag-6470","8":"product_tag-6476","9":"product_tag-a","10":"product_tag-acheter","11":"product_tag-acheter-2","12":"product_tag-amende","13":"product_tag-amende-2","14":"product_tag-anvers","15":"product_tag-argile-argentee","16":"product_tag-artclaysilver","17":"product_tag-atelier","18":"product_tag-bandeau","19":"product_tag-belgique","20":"product_tag-benodgidheden","21":"product_tag-bijoux","22":"product_tag-bijoux-en-fil-de-fer","23":"product_tag-bon-marche","24":"product_tag-bords-ornementaux","25":"product_tag-boucles-doreilles-en-fil-metallique","26":"product_tag-boutique","27":"product_tag-boutique-en-ligne","28":"product_tag-boutique-en-ligne-4","29":"product_tag-bruxelles","30":"product_tag-cables","31":"product_tag-cintres-en-fil-de-fer","32":"product_tag-commande","33":"product_tag-courber-2","34":"product_tag-cuivre-3","35":"product_tag-drenthe","36":"product_tag-eldesmeden","37":"product_tag-en-ligne","38":"product_tag-exemple","39":"product_tag-facebook","40":"product_tag-faire","41":"product_tag-fil-dargent","42":"product_tag-fil-de-cuivre","43":"product_tag-fil-de-fer","44":"product_tag-fil-de-fer-2","45":"product_tag-fil-de-la-bijouterie","46":"product_tag-fil-metallique","47":"product_tag-fil-pour-bijoux","48":"product_tag-filjuwellery","49":"product_tag-flevoland","50":"product_tag-formation","51":"product_tag-frais-dexpedition","52":"product_tag-frise","53":"product_tag-gamme","54":"product_tag-gentilhomme","55":"product_tag-gratuit","56":"product_tag-groningue","57":"product_tag-gueldre","58":"product_tag-instagram","59":"product_tag-largent-2","60":"product_tag-linspiration","61":"product_tag-lor-3","62":"product_tag-limbourg","63":"product_tag-magasin-de-perles","64":"product_tag-magasin-de-perles-4","65":"product_tag-magnifique","66":"product_tag-magnifique-2","67":"product_tag-manuel","68":"product_tag-materiaux","69":"product_tag-mercerie","70":"product_tag-metaux-precieux","71":"product_tag-non-2","72":"product_tag-nord","73":"product_tag-offrir-2","74":"product_tag-ostende","75":"product_tag-ou","76":"product_tag-outil-2","77":"product_tag-outils","78":"product_tag-outils-2","79":"product_tag-overijssel","80":"product_tag-pays-bas-2","81":"product_tag-perles-2","82":"product_tag-pieces","83":"product_tag-pince-a-becs-ronds","84":"product_tag-pince-a-bijoux","85":"product_tag-pinces-3","86":"product_tag-pinterest","87":"product_tag-pont","88":"product_tag-professionnel","89":"product_tag-professionnel-3","90":"product_tag-qualite","91":"product_tag-reduction","92":"product_tag-reel","93":"product_tag-roundbek","94":"product_tag-silverclay-co-uk","95":"product_tag-sud","96":"product_tag-tempete-de-sable","97":"product_tag-utrecht","98":"product_tag-vous","99":"product_tag-vraiment","100":"product_tag-yeux","101":"product_tag-zelande","102":"product_shipping_class-standard","104":"first","105":"instock","106":"taxable","107":"shipping-taxable","108":"purchasable","109":"product-type-simple"},"acf":[],"_links":{"self":[{"href":"https:\/\/esquell.eu\/fr\/wp-json\/wp\/v2\/product\/26571","targetHints":{"allow":["GET"]}}],"collection":[{"href":"https:\/\/esquell.eu\/fr\/wp-json\/wp\/v2\/product"}],"about":[{"href":"https:\/\/esquell.eu\/fr\/wp-json\/wp\/v2\/types\/product"}],"replies":[{"embeddable":true,"href":"https:\/\/esquell.eu\/fr\/wp-json\/wp\/v2\/comments?post=26571"}],"wp:featuredmedia":[{"embeddable":true,"href":"https:\/\/esquell.eu\/fr\/wp-json\/wp\/v2\/media\/7316"}],"wp:attachment":[{"href":"https:\/\/esquell.eu\/fr\/wp-json\/wp\/v2\/media?parent=26571"}],"wp:term":[{"taxonomy":"more","embeddable":true,"href":"https:\/\/esquell.eu\/fr\/wp-json\/wp\/v2\/more?post=26571"},{"taxonomy":"product_brand","embeddable":true,"href":"https:\/\/esquell.eu\/fr\/wp-json\/wp\/v2\/product_brand?post=26571"},{"taxonomy":"product_cat","embeddable":true,"href":"https:\/\/esquell.eu\/fr\/wp-json\/wp\/v2\/product_cat?post=26571"},{"taxonomy":"product_tag","embeddable":true,"href":"https:\/\/esquell.eu\/fr\/wp-json\/wp\/v2\/product_tag?post=26571"}],"curies":[{"name":"wp","href":"https:\/\/api.w.org\/{rel}","templated":true}]}}