{"id":26556,"date":"2025-04-03T09:22:55","date_gmt":"2025-04-03T09:22:55","guid":{"rendered":"https:\/\/esquell.eu\/product\/pince-a-bijoux-plate-et-longue-a-nervures-version-budget\/"},"modified":"2025-04-03T09:22:55","modified_gmt":"2025-04-03T09:22:55","slug":"pince-a-bijoux-plate-et-longue-a-nervures-version-budget","status":"publish","type":"product","link":"https:\/\/esquell.eu\/fr\/produit\/pince-a-bijoux-plate-et-longue-a-nervures-version-budget\/","title":{"rendered":"Pince \u00e0 bijoux plate et longue \u00e0 nervures Version budget"},"content":{"rendered":"<p>Vous pouvez utiliser cette longue pince plate avec des m\u00e2choires nervur\u00e9es pour pincer les perles, ouvrir et fermer les anneaux et attacher les fermetures aux cha\u00eenes, colliers, cordons ou cuir.<br \/>\nLa pince est dot\u00e9e de poign\u00e9es \u00e0 prise souple et d&rsquo;une conception solide et ergonomique.<\/p>\n","protected":false},"excerpt":{"rendered":"<p>Vous pouvez utiliser cette longue pince plate avec des m\u00e2choires nervur\u00e9es pour pincer les perles, ouvrir et fermer les anneaux et attacher les fermetures aux cha\u00eenes, colliers, cordons ou cuir.<br \/>\nLa pince est dot\u00e9e de poign\u00e9es \u00e0 prise souple et d&rsquo;une conception solide et ergonomique.<\/p>\n<p>&nbsp;<\/p>\n","protected":false},"featured_media":4228,"comment_status":"closed","ping_status":"closed","template":"","meta":{"_acf_changed":false,"_seopress_robots_primary_cat":"none","_seopress_titles_title":"","_seopress_titles_desc":"","_seopress_robots_index":""},"more":[],"product_brand":[6398],"product_cat":[7397],"product_tag":[20470,20345,20330,20346,14037,8337,20327,20344,20401,20328,20343,20331,20347,20398,20329],"class_list":{"0":"post-26556","1":"product","2":"type-product","3":"status-publish","4":"has-post-thumbnail","6":"product_brand-l1","7":"product_cat-pince-et-pince-a-epiler","8":"product_tag-coupeur-lateral-2","9":"product_tag-coupeur-lateral","10":"product_tag-cutter-4","11":"product_tag-cutter-5","12":"product_tag-fabrication-de-bijoux-3","13":"product_tag-long","14":"product_tag-pince-a-bijoux","15":"product_tag-pince-a-bijoux-2","16":"product_tag-pince-plate","17":"product_tag-pinces-4","18":"product_tag-pinces-5","19":"product_tag-pinces-de-bricolage","20":"product_tag-pinces-de-bricolage-2","21":"product_tag-pinces-de-bricolage-3","22":"product_tag-poignee-souple","23":"product_shipping_class-standard","25":"first","26":"instock","27":"taxable","28":"shipping-taxable","29":"purchasable","30":"product-type-simple"},"acf":[],"_links":{"self":[{"href":"https:\/\/esquell.eu\/fr\/wp-json\/wp\/v2\/product\/26556","targetHints":{"allow":["GET"]}}],"collection":[{"href":"https:\/\/esquell.eu\/fr\/wp-json\/wp\/v2\/product"}],"about":[{"href":"https:\/\/esquell.eu\/fr\/wp-json\/wp\/v2\/types\/product"}],"replies":[{"embeddable":true,"href":"https:\/\/esquell.eu\/fr\/wp-json\/wp\/v2\/comments?post=26556"}],"wp:featuredmedia":[{"embeddable":true,"href":"https:\/\/esquell.eu\/fr\/wp-json\/wp\/v2\/media\/4228"}],"wp:attachment":[{"href":"https:\/\/esquell.eu\/fr\/wp-json\/wp\/v2\/media?parent=26556"}],"wp:term":[{"taxonomy":"more","embeddable":true,"href":"https:\/\/esquell.eu\/fr\/wp-json\/wp\/v2\/more?post=26556"},{"taxonomy":"product_brand","embeddable":true,"href":"https:\/\/esquell.eu\/fr\/wp-json\/wp\/v2\/product_brand?post=26556"},{"taxonomy":"product_cat","embeddable":true,"href":"https:\/\/esquell.eu\/fr\/wp-json\/wp\/v2\/product_cat?post=26556"},{"taxonomy":"product_tag","embeddable":true,"href":"https:\/\/esquell.eu\/fr\/wp-json\/wp\/v2\/product_tag?post=26556"}],"curies":[{"name":"wp","href":"https:\/\/api.w.org\/{rel}","templated":true}]}}