{"id":26531,"date":"2025-04-03T09:22:55","date_gmt":"2025-04-03T09:22:55","guid":{"rendered":"https:\/\/esquell.eu\/product\/pince-a-bijoux-pince-a-courber-ronde-version-budget\/"},"modified":"2025-04-03T09:22:55","modified_gmt":"2025-04-03T09:22:55","slug":"pince-a-bijoux-pince-a-courber-ronde-version-budget","status":"publish","type":"product","link":"https:\/\/esquell.eu\/fr\/produit\/pince-a-bijoux-pince-a-courber-ronde-version-budget\/","title":{"rendered":"Pince \u00e0 bijoux pince \u00e0 courber ronde version budget"},"content":{"rendered":"<p>Utilisez la pince \u00e0 bec rond pour plier les \u0153illets sur les fils ou les extr\u00e9mit\u00e9s des cha\u00eenes ou des agrafes.<\/p>\n<p>Convient \u00e9galement pour ouvrir et fermer les \u0153illets.<br \/>\nConception solide avec poign\u00e9es \u00e0 prise souple.<\/p>\n<p>Convient pour les travaux fins.<\/p>\n","protected":false},"excerpt":{"rendered":"<p>Utilisez la pince \u00e0 becs ronds pour plier les \u0153illets sur le fil ou sur les extr\u00e9mit\u00e9s des cha\u00eenes ou des agrafes. Convient \u00e9galement pour ouvrir et fermer les \u0153illets.<x id=\"gid_0\"><\/x>Conception solide avec des poign\u00e9es souples. Convient pour les travaux fins.  <\/p>\n","protected":false},"featured_media":7323,"comment_status":"closed","ping_status":"closed","template":"","meta":{"_acf_changed":false,"_seopress_robots_primary_cat":"none","_seopress_titles_title":"","_seopress_titles_desc":"","_seopress_robots_index":""},"more":[],"product_brand":[6398],"product_cat":[7397],"product_tag":[8034,6409,16416,20330,20346,14037,8507,12392,12427,16442,20332,20327,20344,20328,20343,20347,20398,20331,20329,8037],"class_list":{"0":"post-26531","1":"product","2":"type-product","3":"status-publish","4":"has-post-thumbnail","6":"product_brand-l1","7":"product_cat-pince-et-pince-a-epiler","8":"product_tag-anneaux-2","9":"product_tag-bricolage","10":"product_tag-broches-dagrafes","11":"product_tag-cutter-4","12":"product_tag-cutter-5","13":"product_tag-fabrication-de-bijoux-3","14":"product_tag-fil-de-fer","15":"product_tag-fil-de-fer-2","16":"product_tag-fil-metallique","17":"product_tag-goupilles-de-chaine","18":"product_tag-pince-a-becs-ronds","19":"product_tag-pince-a-bijoux","20":"product_tag-pince-a-bijoux-2","21":"product_tag-pinces-4","22":"product_tag-pinces-5","23":"product_tag-pinces-de-bricolage-2","24":"product_tag-pinces-de-bricolage-3","25":"product_tag-pinces-de-bricolage","26":"product_tag-poignee-souple","27":"product_tag-yeux","28":"product_shipping_class-standard","30":"first","31":"instock","32":"taxable","33":"shipping-taxable","34":"purchasable","35":"product-type-simple"},"acf":[],"_links":{"self":[{"href":"https:\/\/esquell.eu\/fr\/wp-json\/wp\/v2\/product\/26531","targetHints":{"allow":["GET"]}}],"collection":[{"href":"https:\/\/esquell.eu\/fr\/wp-json\/wp\/v2\/product"}],"about":[{"href":"https:\/\/esquell.eu\/fr\/wp-json\/wp\/v2\/types\/product"}],"replies":[{"embeddable":true,"href":"https:\/\/esquell.eu\/fr\/wp-json\/wp\/v2\/comments?post=26531"}],"wp:featuredmedia":[{"embeddable":true,"href":"https:\/\/esquell.eu\/fr\/wp-json\/wp\/v2\/media\/7323"}],"wp:attachment":[{"href":"https:\/\/esquell.eu\/fr\/wp-json\/wp\/v2\/media?parent=26531"}],"wp:term":[{"taxonomy":"more","embeddable":true,"href":"https:\/\/esquell.eu\/fr\/wp-json\/wp\/v2\/more?post=26531"},{"taxonomy":"product_brand","embeddable":true,"href":"https:\/\/esquell.eu\/fr\/wp-json\/wp\/v2\/product_brand?post=26531"},{"taxonomy":"product_cat","embeddable":true,"href":"https:\/\/esquell.eu\/fr\/wp-json\/wp\/v2\/product_cat?post=26531"},{"taxonomy":"product_tag","embeddable":true,"href":"https:\/\/esquell.eu\/fr\/wp-json\/wp\/v2\/product_tag?post=26531"}],"curies":[{"name":"wp","href":"https:\/\/api.w.org\/{rel}","templated":true}]}}