{"id":26519,"date":"2025-04-03T09:22:55","date_gmt":"2025-04-03T09:22:55","guid":{"rendered":"https:\/\/esquell.eu\/product\/pince-a-bijoux-a-bec-courbe-version-budget\/"},"modified":"2025-04-03T09:22:55","modified_gmt":"2025-04-03T09:22:55","slug":"pince-a-bijoux-a-bec-courbe-version-budget","status":"publish","type":"product","link":"https:\/\/esquell.eu\/fr\/produit\/pince-a-bijoux-a-bec-courbe-version-budget\/","title":{"rendered":"Pince \u00e0 bijoux \u00e0 bec courb\u00e9 Version budget"},"content":{"rendered":"<p>Pince \u00e0 bijoux \u00e0 bec courb\u00e9.<\/p>\n<p>Cette pince \u00e0 bout pointu incurv\u00e9 est parfaite pour pincer les perles et les anneaux dans les endroits difficiles d&rsquo;acc\u00e8s. M\u00eame tenir des anneaux n&rsquo;est pas un probl\u00e8me pour cette pince. <\/p>\n<p>Longueur de la pince compl\u00e8te 13 cm<\/p>\n","protected":false},"excerpt":{"rendered":"<p>Pince \u00e0 bijoux \u00e0 bec courb\u00e9.<\/p>\n<p>Cette pince \u00e0 bout pointu incurv\u00e9 est parfaite pour pincer les perles et les anneaux dans les endroits difficiles d&rsquo;acc\u00e8s. M\u00eame tenir des anneaux n&rsquo;est pas un probl\u00e8me pour cette pince. <\/p>\n<p>Longueur de la pince compl\u00e8te 13 cm<\/p>\n","protected":false},"featured_media":4233,"comment_status":"closed","ping_status":"closed","template":"","meta":{"_acf_changed":false,"_seopress_robots_primary_cat":"none","_seopress_titles_title":"","_seopress_titles_desc":"","_seopress_robots_index":""},"more":[],"product_brand":[6398],"product_cat":[7397],"product_tag":[6645,6646,6372,6402,6409,6374,6635,20590,6567,6643,7933,20327,14076,16966,8301,14589],"class_list":{"0":"post-26519","1":"product","2":"type-product","3":"status-publish","4":"has-post-thumbnail","6":"product_brand-l1","7":"product_cat-pince-et-pince-a-epiler","8":"product_tag-a","9":"product_tag-acheter","10":"product_tag-bijoux","11":"product_tag-bon-marche","12":"product_tag-bricolage","13":"product_tag-faire","14":"product_tag-fournitures","15":"product_tag-grossiste-magasin-de-perles","16":"product_tag-offrir","17":"product_tag-ou","18":"product_tag-petit-2","19":"product_tag-pince-a-bijoux","20":"product_tag-pinces","21":"product_tag-pinces-3","22":"product_tag-precision","23":"product_tag-travaux","24":"product_shipping_class-standard","26":"first","27":"instock","28":"taxable","29":"shipping-taxable","30":"purchasable","31":"product-type-simple"},"acf":[],"_links":{"self":[{"href":"https:\/\/esquell.eu\/fr\/wp-json\/wp\/v2\/product\/26519","targetHints":{"allow":["GET"]}}],"collection":[{"href":"https:\/\/esquell.eu\/fr\/wp-json\/wp\/v2\/product"}],"about":[{"href":"https:\/\/esquell.eu\/fr\/wp-json\/wp\/v2\/types\/product"}],"replies":[{"embeddable":true,"href":"https:\/\/esquell.eu\/fr\/wp-json\/wp\/v2\/comments?post=26519"}],"wp:featuredmedia":[{"embeddable":true,"href":"https:\/\/esquell.eu\/fr\/wp-json\/wp\/v2\/media\/4233"}],"wp:attachment":[{"href":"https:\/\/esquell.eu\/fr\/wp-json\/wp\/v2\/media?parent=26519"}],"wp:term":[{"taxonomy":"more","embeddable":true,"href":"https:\/\/esquell.eu\/fr\/wp-json\/wp\/v2\/more?post=26519"},{"taxonomy":"product_brand","embeddable":true,"href":"https:\/\/esquell.eu\/fr\/wp-json\/wp\/v2\/product_brand?post=26519"},{"taxonomy":"product_cat","embeddable":true,"href":"https:\/\/esquell.eu\/fr\/wp-json\/wp\/v2\/product_cat?post=26519"},{"taxonomy":"product_tag","embeddable":true,"href":"https:\/\/esquell.eu\/fr\/wp-json\/wp\/v2\/product_tag?post=26519"}],"curies":[{"name":"wp","href":"https:\/\/api.w.org\/{rel}","templated":true}]}}