{"id":26512,"date":"2025-04-03T09:22:55","date_gmt":"2025-04-03T09:22:55","guid":{"rendered":"https:\/\/esquell.eu\/product\/pince-a-bijoux-avec-des-machoires-en-plastique-pour-proteger-votre-travail-longueur-13-cm\/"},"modified":"2025-11-20T23:50:43","modified_gmt":"2025-11-20T23:50:43","slug":"pince-a-bijoux-avec-des-machoires-en-plastique-pour-proteger-votre-travail-longueur-13-cm","status":"publish","type":"product","link":"https:\/\/esquell.eu\/fr\/produit\/pince-a-bijoux-avec-des-machoires-en-plastique-pour-proteger-votre-travail-longueur-13-cm\/","title":{"rendered":"Pince \u00e0 bijoux avec des m\u00e2choires en plastique pour prot\u00e9ger votre travail. Longueur : 13 cm"},"content":{"rendered":"<p>Pince \u00e0 bijoux \u00e0 m\u00e2choire plate avec plastique pour prot\u00e9ger votre travail. La pince \u00e9vite de rayer ou d&rsquo;endommager inutilement vos bijoux. <\/p>\n<p>Ces pinces \u00e0 bijoux sont fabriqu\u00e9es en acier inoxydable durable. Les poign\u00e9es sont en plastique souple pour une bonne prise en main. <\/p>\n<p>Remarque : la couleur des poign\u00e9es peut varier. Gris ou noir <\/p>\n","protected":false},"excerpt":{"rendered":"<p>Pince \u00e0 bijoux \u00e0 m\u00e2choire plate avec plastique pour prot\u00e9ger votre travail. La pince \u00e9vite de rayer ou d&rsquo;endommager inutilement vos bijoux. <\/p>\n<p>Ces pinces \u00e0 bijoux sont fabriqu\u00e9es en acier inoxydable durable. Les poign\u00e9es sont en plastique souple pour une bonne prise en main. <\/p>\n<p>&nbsp;<\/p>\n<p>&nbsp;<\/p>\n","protected":false},"featured_media":26517,"comment_status":"closed","ping_status":"closed","template":"","meta":{"_acf_changed":false,"_seopress_robots_primary_cat":"none","_seopress_titles_title":"","_seopress_titles_desc":"","_seopress_robots_index":""},"more":[],"product_brand":[6363],"product_cat":[7397],"product_tag":[15038,6645,7760,6646,6939,6847,6945,7045,9066,7036,6923,20580,7096,6404,6378,6947,6949,6393,6372,6642,6389,6941,7582,6409,6412,7546,6649,6650,7498,7047,8489,8616,9086,6655,9088,7038,8492,6647,7043,9961,6763,6374,6785,6635,6653,9100,6933,6651,6659,9069,9082,6951,20579,6761,6369,6550,6403,7287,7121,8682,6930,7026,6789,7042,20578,20396,7681,20577,20628,6708,8701,7040,7034,6661,6643,6636,6726,6657,6391,6665,6966,20327,16966,7670,9089,8515,6927,9924,6925,6943,9096,6663,6787,8495,6408,9092,9080,9073,6667,9084,7032],"class_list":{"0":"post-26512","1":"product","2":"type-product","3":"status-publish","4":"has-post-thumbnail","6":"product_brand-bm","7":"product_cat-pince-et-pince-a-epiler","8":"product_tag-voici","9":"product_tag-a","10":"product_tag-achats-2","11":"product_tag-acheter","12":"product_tag-acheter-2","13":"product_tag-acier-inoxydable","14":"product_tag-alkmaar","15":"product_tag-almelo","16":"product_tag-almere-tilburg","17":"product_tag-amersfoort","18":"product_tag-amsterdam","19":"product_tag-antwperps","20":"product_tag-apeldoorn","21":"product_tag-argile-argentee","22":"product_tag-argile-metallique","23":"product_tag-arnhem","24":"product_tag-assen","25":"product_tag-belgique","26":"product_tag-bijoux","27":"product_tag-bijoux-2","28":"product_tag-boutique-en-ligne","29":"product_tag-brabant","30":"product_tag-breda","31":"product_tag-bricolage","32":"product_tag-bronze","33":"product_tag-bronze-3","34":"product_tag-commande","35":"product_tag-cuivre","36":"product_tag-cuivre-3","37":"product_tag-delft","38":"product_tag-den-bosch","39":"product_tag-deventer","40":"product_tag-dordrecht","41":"product_tag-drenthe","42":"product_tag-ede","43":"product_tag-eindhoven","44":"product_tag-emmen","45":"product_tag-en-ligne","46":"product_tag-enschede","47":"product_tag-fabrication-de-bijoux-par-soi-meme-2","48":"product_tag-facebook","49":"product_tag-faire","50":"product_tag-flevoland","51":"product_tag-fournitures","52":"product_tag-frise","53":"product_tag-geleen","54":"product_tag-gentilhomme","55":"product_tag-groningue","56":"product_tag-gueldre","57":"product_tag-haarlem","58":"product_tag-haarlemmermeer","59":"product_tag-heerenveen","60":"product_tag-iles-wadden-brugge","61":"product_tag-instagram","62":"product_tag-largent","63":"product_tag-largent-2","64":"product_tag-lor","65":"product_tag-lor-3","66":"product_tag-la-haye","67":"product_tag-laiton","68":"product_tag-leeuwarden","69":"product_tag-lelystad","70":"product_tag-limbourg","71":"product_tag-maastricht","72":"product_tag-machoire-en-plastique","73":"product_tag-machoire-plate","74":"product_tag-magasin-de-perles","75":"product_tag-magasin-de-perles-3","76":"product_tag-magasin-de-perles-4","77":"product_tag-mercerie","78":"product_tag-metal-3","79":"product_tag-middelburg","80":"product_tag-nijmegen","81":"product_tag-nord","82":"product_tag-ou","83":"product_tag-outils","84":"product_tag-outils-2","85":"product_tag-overijssel","86":"product_tag-pays-bas","87":"product_tag-pays-bas-2","88":"product_tag-perles-2","89":"product_tag-pince-a-bijoux","90":"product_tag-pinces-3","91":"product_tag-pinterest","92":"product_tag-plastique-3","93":"product_tag-plat","94":"product_tag-plomb","95":"product_tag-protection","96":"product_tag-rotterdam","97":"product_tag-scheveningen","98":"product_tag-sittard","99":"product_tag-sud","100":"product_tag-utrecht","101":"product_tag-venlo","102":"product_tag-vous","103":"product_tag-westland","104":"product_tag-zaandam","105":"product_tag-zaanstad","106":"product_tag-zelande","107":"product_tag-zoetermeer","108":"product_tag-zwolle","109":"product_shipping_class-standard","111":"first","112":"instock","113":"taxable","114":"shipping-taxable","115":"purchasable","116":"product-type-simple"},"acf":[],"_links":{"self":[{"href":"https:\/\/esquell.eu\/fr\/wp-json\/wp\/v2\/product\/26512","targetHints":{"allow":["GET"]}}],"collection":[{"href":"https:\/\/esquell.eu\/fr\/wp-json\/wp\/v2\/product"}],"about":[{"href":"https:\/\/esquell.eu\/fr\/wp-json\/wp\/v2\/types\/product"}],"replies":[{"embeddable":true,"href":"https:\/\/esquell.eu\/fr\/wp-json\/wp\/v2\/comments?post=26512"}],"wp:featuredmedia":[{"embeddable":true,"href":"https:\/\/esquell.eu\/fr\/wp-json\/wp\/v2\/media\/26517"}],"wp:attachment":[{"href":"https:\/\/esquell.eu\/fr\/wp-json\/wp\/v2\/media?parent=26512"}],"wp:term":[{"taxonomy":"more","embeddable":true,"href":"https:\/\/esquell.eu\/fr\/wp-json\/wp\/v2\/more?post=26512"},{"taxonomy":"product_brand","embeddable":true,"href":"https:\/\/esquell.eu\/fr\/wp-json\/wp\/v2\/product_brand?post=26512"},{"taxonomy":"product_cat","embeddable":true,"href":"https:\/\/esquell.eu\/fr\/wp-json\/wp\/v2\/product_cat?post=26512"},{"taxonomy":"product_tag","embeddable":true,"href":"https:\/\/esquell.eu\/fr\/wp-json\/wp\/v2\/product_tag?post=26512"}],"curies":[{"name":"wp","href":"https:\/\/api.w.org\/{rel}","templated":true}]}}