{"id":26498,"date":"2025-04-03T09:22:55","date_gmt":"2025-04-03T09:22:55","guid":{"rendered":"https:\/\/esquell.eu\/product\/support-de-scie-reglable\/"},"modified":"2025-04-03T09:22:55","modified_gmt":"2025-04-03T09:22:55","slug":"support-de-scie-reglable","status":"publish","type":"product","link":"https:\/\/esquell.eu\/fr\/produit\/support-de-scie-reglable\/","title":{"rendered":"Support de scie r\u00e9glable"},"content":{"rendered":"<p>Barre de scie r\u00e9glable en hauteur.<br \/>\nHauteur max. 105 mm.<br \/>\nFabriqu\u00e9e en acier inoxydable durable.<br \/>\nAvec poign\u00e9e en plastique. Tient bien dans la main.<br \/>\nLa tension de la scie est facile et rapide gr\u00e2ce \u00e0 la vis de r\u00e9glage. <\/p>\n","protected":false},"excerpt":{"rendered":"<p>Support de scie r\u00e9glable en hauteur. Hauteur max. 105 mm. Fabriqu\u00e9 en acier inoxydable durable.<x id=\"gid_0\"><\/x>Avec poign\u00e9e en plastique. Tient bien dans la main.<br \/>\nLa tension de la scie est facile et rapide gr\u00e2ce \u00e0 la vis de r\u00e9glage.   <\/p>\n","protected":false},"featured_media":31535,"comment_status":"closed","ping_status":"closed","template":"","meta":{"_acf_changed":false,"_seopress_robots_primary_cat":"none","_seopress_titles_title":"","_seopress_titles_desc":"","_seopress_robots_index":""},"more":[],"product_brand":[6363],"product_cat":[10445],"product_tag":[6470,6476,6645,6646,7409,6847,6945,7045,7024,6923,7098,6638,6931,7096,6404,6378,6390,6947,6949,12479,13773,6393,6372,6402,6641,6941,7360,8368,6409,6412,7770,6794,11624,7018,8282,8224,17043,20546,6650,6655,7038,7043,7766,6374,6798,12449,15037,6785,6653,6933,8864,6651,6659,11167,6951,20547,6801,7112,6369,6403,8682,20549,20548,6930,7026,20541,6789,7042,6426,6759,7040,6567,10082,6652,6643,6657,14073,6391,7092,10179,10181,10183,20545,10190,20506,20538,15179,8511,6805,6919,13731,6787,7102,8495,20539,6803,6408,20544,6667,7414,7032],"class_list":{"0":"post-26498","1":"product","2":"type-product","3":"status-publish","4":"has-post-thumbnail","6":"product_brand-bm","7":"product_cat-scies-et-outils-de-coupe","8":"product_tag-6470","9":"product_tag-6476","10":"product_tag-a","11":"product_tag-acheter","12":"product_tag-acier","13":"product_tag-acier-inoxydable","14":"product_tag-alkmaar","15":"product_tag-almelo","16":"product_tag-almere","17":"product_tag-amsterdam","18":"product_tag-anneau","19":"product_tag-anneaux","20":"product_tag-anvers","21":"product_tag-apeldoorn","22":"product_tag-argile-argentee","23":"product_tag-argile-metallique","24":"product_tag-argile-metallique-2","25":"product_tag-arnhem","26":"product_tag-assen","27":"product_tag-assiette","28":"product_tag-astuces","29":"product_tag-belgique","30":"product_tag-bijoux","31":"product_tag-bon-marche","32":"product_tag-boucles-doreilles","33":"product_tag-brabant","34":"product_tag-bracelets","35":"product_tag-brachelet","36":"product_tag-bricolage","37":"product_tag-bronze","38":"product_tag-camps","39":"product_tag-chaine","40":"product_tag-coin-arriere","41":"product_tag-collier-2","42":"product_tag-comment","43":"product_tag-conseils","44":"product_tag-conseils-2","45":"product_tag-coudes","46":"product_tag-cuivre","47":"product_tag-drenthe","48":"product_tag-eindhoven","49":"product_tag-enschede","50":"product_tag-etreilen","51":"product_tag-faire","52":"product_tag-faire-2","53":"product_tag-fil-dargent","54":"product_tag-flandres","55":"product_tag-flevoland","56":"product_tag-frise","57":"product_tag-gentilhomme","58":"product_tag-goujons","59":"product_tag-groningue","60":"product_tag-gueldre","61":"product_tag-harlingen","62":"product_tag-heerenveen","63":"product_tag-idees-3","64":"product_tag-il","65":"product_tag-ingenierie","66":"product_tag-largent","67":"product_tag-lor","68":"product_tag-laiton","69":"product_tag-lame-de-scie","70":"product_tag-lames-de-scie","71":"product_tag-leeuwarden","72":"product_tag-lelystad","73":"product_tag-liberation-rapide","74":"product_tag-limbourg","75":"product_tag-maastricht","76":"product_tag-malleable","77":"product_tag-metal","78":"product_tag-middelburg","79":"product_tag-offrir","80":"product_tag-orfevre-3","81":"product_tag-orfevres","82":"product_tag-ou","83":"product_tag-overijssel","84":"product_tag-pause","85":"product_tag-pays-bas","86":"product_tag-pendentif-2","87":"product_tag-plaque-dargent","88":"product_tag-plaque-de-cuivre-2","89":"product_tag-plaque-en-laiton","90":"product_tag-rotterdan","91":"product_tag-scie","92":"product_tag-scie-2","93":"product_tag-scie-3","94":"product_tag-scies","95":"product_tag-se-faufiler","96":"product_tag-soi","97":"product_tag-sterling","98":"product_tag-tourbiere","99":"product_tag-utrecht","100":"product_tag-vasieres","101":"product_tag-venlo","102":"product_tag-vis-de-reglage","103":"product_tag-votre","104":"product_tag-vous","105":"product_tag-wallonie","106":"product_tag-zelande","107":"product_tag-zetkast","108":"product_tag-zwolle","109":"product_shipping_class-standard","111":"first","112":"instock","113":"taxable","114":"shipping-taxable","115":"purchasable","116":"product-type-simple"},"acf":[],"_links":{"self":[{"href":"https:\/\/esquell.eu\/fr\/wp-json\/wp\/v2\/product\/26498","targetHints":{"allow":["GET"]}}],"collection":[{"href":"https:\/\/esquell.eu\/fr\/wp-json\/wp\/v2\/product"}],"about":[{"href":"https:\/\/esquell.eu\/fr\/wp-json\/wp\/v2\/types\/product"}],"replies":[{"embeddable":true,"href":"https:\/\/esquell.eu\/fr\/wp-json\/wp\/v2\/comments?post=26498"}],"wp:featuredmedia":[{"embeddable":true,"href":"https:\/\/esquell.eu\/fr\/wp-json\/wp\/v2\/media\/31535"}],"wp:attachment":[{"href":"https:\/\/esquell.eu\/fr\/wp-json\/wp\/v2\/media?parent=26498"}],"wp:term":[{"taxonomy":"more","embeddable":true,"href":"https:\/\/esquell.eu\/fr\/wp-json\/wp\/v2\/more?post=26498"},{"taxonomy":"product_brand","embeddable":true,"href":"https:\/\/esquell.eu\/fr\/wp-json\/wp\/v2\/product_brand?post=26498"},{"taxonomy":"product_cat","embeddable":true,"href":"https:\/\/esquell.eu\/fr\/wp-json\/wp\/v2\/product_cat?post=26498"},{"taxonomy":"product_tag","embeddable":true,"href":"https:\/\/esquell.eu\/fr\/wp-json\/wp\/v2\/product_tag?post=26498"}],"curies":[{"name":"wp","href":"https:\/\/api.w.org\/{rel}","templated":true}]}}