{"id":26493,"date":"2025-04-03T09:22:46","date_gmt":"2025-04-03T09:22:46","guid":{"rendered":"https:\/\/esquell.eu\/product\/pince-a-epiler-en-acier-inoxydable-differents-types\/"},"modified":"2025-04-03T09:22:46","modified_gmt":"2025-04-03T09:22:46","slug":"pince-a-epiler-en-acier-inoxydable-differents-types","status":"publish","type":"product","link":"https:\/\/esquell.eu\/fr\/produit\/pince-a-epiler-en-acier-inoxydable-differents-types\/","title":{"rendered":"Pince \u00e0 \u00e9piler en acier inoxydable. Diff\u00e9rents types"},"content":{"rendered":"<p>Pince \u00e0 \u00e9piler droite ou \u00e0 bout recourb\u00e9 en acier inoxydable. Pour les travaux de pr\u00e9cision. <\/p>\n<p>Qualit\u00e9 professionnelle solide et lourde.<\/p>\n<p>Pour la fabrication de bijoux.<\/p>\n<p>En vrac ou par lot.<\/p>\n<p>Pour ramasser des perles, des pierres, des zircons, etc.<\/p>\n","protected":false},"excerpt":{"rendered":"<p>Pince \u00e0 \u00e9piler droite ou \u00e0 bout recourb\u00e9 en acier inoxydable. Pour les travaux de pr\u00e9cision. <\/p>\n<p>Qualit\u00e9 professionnelle solide et lourde.<\/p>\n<p>Pour la fabrication de bijoux.<\/p>\n<p>En vrac ou par lot.<\/p>\n<p>Pour ramasser des perles, des pierres, des zircons, etc.<\/p>\n","protected":false},"featured_media":7331,"comment_status":"closed","ping_status":"closed","template":"","meta":{"_acf_changed":false,"_seopress_robots_primary_cat":"none","_seopress_titles_title":"","_seopress_titles_desc":"","_seopress_robots_index":""},"more":[],"product_brand":[6398],"product_cat":[7397,6809],"product_tag":[6847,6386,15000,6481,6381,6652,8294,6966,8009,13536,20158,6482,7604],"class_list":{"0":"post-26493","1":"product","2":"type-product","3":"status-publish","4":"has-post-thumbnail","6":"product_brand-l1","7":"product_cat-pince-et-pince-a-epiler","8":"product_cat-vente","9":"product_tag-acier-inoxydable","10":"product_tag-aida","11":"product_tag-droit","12":"product_tag-galets","13":"product_tag-japon","14":"product_tag-orfevres","15":"product_tag-peinture-au-diamant","16":"product_tag-perles-2","17":"product_tag-perles-3","18":"product_tag-pincettes","19":"product_tag-tordu-2","20":"product_tag-zircone","21":"product_tag-zircone-2","22":"product_shipping_class-standard","24":"first","25":"instock","26":"sale","27":"taxable","28":"shipping-taxable","29":"purchasable","30":"product-type-variable"},"acf":[],"_links":{"self":[{"href":"https:\/\/esquell.eu\/fr\/wp-json\/wp\/v2\/product\/26493","targetHints":{"allow":["GET"]}}],"collection":[{"href":"https:\/\/esquell.eu\/fr\/wp-json\/wp\/v2\/product"}],"about":[{"href":"https:\/\/esquell.eu\/fr\/wp-json\/wp\/v2\/types\/product"}],"replies":[{"embeddable":true,"href":"https:\/\/esquell.eu\/fr\/wp-json\/wp\/v2\/comments?post=26493"}],"wp:featuredmedia":[{"embeddable":true,"href":"https:\/\/esquell.eu\/fr\/wp-json\/wp\/v2\/media\/7331"}],"wp:attachment":[{"href":"https:\/\/esquell.eu\/fr\/wp-json\/wp\/v2\/media?parent=26493"}],"wp:term":[{"taxonomy":"more","embeddable":true,"href":"https:\/\/esquell.eu\/fr\/wp-json\/wp\/v2\/more?post=26493"},{"taxonomy":"product_brand","embeddable":true,"href":"https:\/\/esquell.eu\/fr\/wp-json\/wp\/v2\/product_brand?post=26493"},{"taxonomy":"product_cat","embeddable":true,"href":"https:\/\/esquell.eu\/fr\/wp-json\/wp\/v2\/product_cat?post=26493"},{"taxonomy":"product_tag","embeddable":true,"href":"https:\/\/esquell.eu\/fr\/wp-json\/wp\/v2\/product_tag?post=26493"}],"curies":[{"name":"wp","href":"https:\/\/api.w.org\/{rel}","templated":true}]}}