{"id":26445,"date":"2025-04-03T09:22:46","date_gmt":"2025-04-03T09:22:46","guid":{"rendered":"https:\/\/esquell.eu\/product\/coupeuse-laterale-pour-bijoux-version-budget\/"},"modified":"2025-04-03T09:22:46","modified_gmt":"2025-04-03T09:22:46","slug":"coupeuse-laterale-pour-bijoux-version-budget","status":"publish","type":"product","link":"https:\/\/esquell.eu\/fr\/produit\/coupeuse-laterale-pour-bijoux-version-budget\/","title":{"rendered":"Coupeuse lat\u00e9rale pour bijoux Version budget"},"content":{"rendered":"<p>Couteau lat\u00e9ral indispensable pour la fabrication de bijoux. Les pinces sont dot\u00e9es de poign\u00e9es \u00e0 prise souple.<br \/>\nConception solide, confortable et ergonomique. Convient pour les travaux fins.  <\/p>\n","protected":false},"excerpt":{"rendered":"<p>Couteau lat\u00e9ral indispensable pour la fabrication de bijoux. Les pinces sont dot\u00e9es de poign\u00e9es \u00e0 prise souple.<x id=\"gid_0\"><\/x>Conception solide, confortable et ergonomique. Convient pour les travaux fins.  <\/p>\n<p>&nbsp;<\/p>\n","protected":false},"featured_media":7342,"comment_status":"closed","ping_status":"closed","template":"","meta":{"_acf_changed":false,"_seopress_robots_primary_cat":"none","_seopress_titles_title":"","_seopress_titles_desc":"","_seopress_robots_index":""},"more":[],"product_brand":[6398],"product_cat":[7397],"product_tag":[20345,20470,20330,20346,14037,20327,20344,20328,20343,20331,20347,20398,20329,20348],"class_list":{"0":"post-26445","1":"product","2":"type-product","3":"status-publish","4":"has-post-thumbnail","6":"product_brand-l1","7":"product_cat-pince-et-pince-a-epiler","8":"product_tag-coupeur-lateral","9":"product_tag-coupeur-lateral-2","10":"product_tag-cutter-4","11":"product_tag-cutter-5","12":"product_tag-fabrication-de-bijoux-3","13":"product_tag-pince-a-bijoux","14":"product_tag-pince-a-bijoux-2","15":"product_tag-pinces-4","16":"product_tag-pinces-5","17":"product_tag-pinces-de-bricolage","18":"product_tag-pinces-de-bricolage-2","19":"product_tag-pinces-de-bricolage-3","20":"product_tag-poignee-souple","21":"product_tag-tronconneuse","22":"product_shipping_class-standard","24":"first","25":"instock","26":"taxable","27":"shipping-taxable","28":"purchasable","29":"product-type-simple"},"acf":[],"_links":{"self":[{"href":"https:\/\/esquell.eu\/fr\/wp-json\/wp\/v2\/product\/26445","targetHints":{"allow":["GET"]}}],"collection":[{"href":"https:\/\/esquell.eu\/fr\/wp-json\/wp\/v2\/product"}],"about":[{"href":"https:\/\/esquell.eu\/fr\/wp-json\/wp\/v2\/types\/product"}],"replies":[{"embeddable":true,"href":"https:\/\/esquell.eu\/fr\/wp-json\/wp\/v2\/comments?post=26445"}],"wp:featuredmedia":[{"embeddable":true,"href":"https:\/\/esquell.eu\/fr\/wp-json\/wp\/v2\/media\/7342"}],"wp:attachment":[{"href":"https:\/\/esquell.eu\/fr\/wp-json\/wp\/v2\/media?parent=26445"}],"wp:term":[{"taxonomy":"more","embeddable":true,"href":"https:\/\/esquell.eu\/fr\/wp-json\/wp\/v2\/more?post=26445"},{"taxonomy":"product_brand","embeddable":true,"href":"https:\/\/esquell.eu\/fr\/wp-json\/wp\/v2\/product_brand?post=26445"},{"taxonomy":"product_cat","embeddable":true,"href":"https:\/\/esquell.eu\/fr\/wp-json\/wp\/v2\/product_cat?post=26445"},{"taxonomy":"product_tag","embeddable":true,"href":"https:\/\/esquell.eu\/fr\/wp-json\/wp\/v2\/product_tag?post=26445"}],"curies":[{"name":"wp","href":"https:\/\/api.w.org\/{rel}","templated":true}]}}