{"id":26440,"date":"2025-04-03T09:22:46","date_gmt":"2025-04-03T09:22:46","guid":{"rendered":"https:\/\/esquell.eu\/product\/pince-a-bec-anex-f-0441\/"},"modified":"2025-04-03T09:22:46","modified_gmt":"2025-04-03T09:22:46","slug":"pince-a-bec-anex-f-0441","status":"publish","type":"product","link":"https:\/\/esquell.eu\/fr\/produit\/pince-a-bec-anex-f-0441\/","title":{"rendered":"Pince \u00e0 bec Anex (F-0441)"},"content":{"rendered":"<p>Pointe \u00e9troite pour ramasser les petits objets. M\u00e9tal lisse pour \u00e9viter les rayures. Avec ressort. Pour les travaux d\u00e9licats   <\/p>\n","protected":false},"excerpt":{"rendered":"<p>Pointe \u00e9troite pour ramasser les petits objets. M\u00e9tal lisse pour \u00e9viter les rayures. Avec ressort. Pour les travaux d\u00e9licats, ne pas utiliser avec l&rsquo;acier doux et l&rsquo;acier inoxydable d&rsquo;une \u00e9paisseur sup\u00e9rieure \u00e0 0,8 mm, l&rsquo;aluminium d&rsquo;une \u00e9paisseur sup\u00e9rieure \u00e0 2 mm, le cuivre et le fil de laiton d&rsquo;une \u00e9paisseur sup\u00e9rieure \u00e0 1,2 mm. S\u00e9chez la pince apr\u00e8s utilisation pour \u00e9viter la rouille. Conservez-la de pr\u00e9f\u00e9rence \u00e0 l&rsquo;\u00e9cart des autres outils en acier. Taille de 135 mm      <\/p>\n","protected":false},"featured_media":5809,"comment_status":"closed","ping_status":"closed","template":"","meta":{"_acf_changed":false,"_seopress_robots_primary_cat":"none","_seopress_titles_title":"","_seopress_titles_desc":"","_seopress_robots_index":""},"more":[],"product_brand":[6382],"product_cat":[7397],"product_tag":[10187,6847,9122,10091,6473,6405,7567,6376,20459,6372,6402,6409,6706,20466,6743,20465,8222,6374,20457,7772,6634,6472,8220,10354,14490,6640,13276,7313,10082,6636,7422,13490,20467,20469,20463,14076,16966,14621,20461,6749,8603,6408],"class_list":{"0":"post-26440","1":"product","2":"type-product","3":"status-publish","4":"has-post-thumbnail","6":"product_brand-acs","7":"product_cat-pince-et-pince-a-epiler","8":"product_tag-acier-2","9":"product_tag-acier-inoxydable","10":"product_tag-acier-inoxydable-2","11":"product_tag-acier-inoxydable-3","12":"product_tag-argile-2","13":"product_tag-artclay","14":"product_tag-artclayacademy","15":"product_tag-artclaysilver","16":"product_tag-bec-pointu","17":"product_tag-bijoux","18":"product_tag-bon-marche","19":"product_tag-bricolage","20":"product_tag-commerce-de-gros","21":"product_tag-courber-2","22":"product_tag-distributeur","23":"product_tag-etroit","24":"product_tag-eu","25":"product_tag-faire","26":"product_tag-fils-2","27":"product_tag-gratter","28":"product_tag-largent-3","29":"product_tag-lart","30":"product_tag-leurope","31":"product_tag-leurope-2","32":"product_tag-lisse-2","33":"product_tag-maison","34":"product_tag-non-2","35":"product_tag-orfevre-2","36":"product_tag-orfevre-3","37":"product_tag-outils","38":"product_tag-outils-de-bijouterie","39":"product_tag-outils-de-bijouterie-4","40":"product_tag-pince-a-cintrer-2","41":"product_tag-pince-a-fil","42":"product_tag-pince-pointue","43":"product_tag-pinces","44":"product_tag-pinces-3","45":"product_tag-pointe-2","46":"product_tag-pointe-3","47":"product_tag-professionnel","48":"product_tag-professionnel-3","49":"product_tag-vous","50":"product_shipping_class-standard","52":"first","53":"instock","54":"taxable","55":"shipping-taxable","56":"purchasable","57":"product-type-simple"},"acf":[],"_links":{"self":[{"href":"https:\/\/esquell.eu\/fr\/wp-json\/wp\/v2\/product\/26440","targetHints":{"allow":["GET"]}}],"collection":[{"href":"https:\/\/esquell.eu\/fr\/wp-json\/wp\/v2\/product"}],"about":[{"href":"https:\/\/esquell.eu\/fr\/wp-json\/wp\/v2\/types\/product"}],"replies":[{"embeddable":true,"href":"https:\/\/esquell.eu\/fr\/wp-json\/wp\/v2\/comments?post=26440"}],"wp:featuredmedia":[{"embeddable":true,"href":"https:\/\/esquell.eu\/fr\/wp-json\/wp\/v2\/media\/5809"}],"wp:attachment":[{"href":"https:\/\/esquell.eu\/fr\/wp-json\/wp\/v2\/media?parent=26440"}],"wp:term":[{"taxonomy":"more","embeddable":true,"href":"https:\/\/esquell.eu\/fr\/wp-json\/wp\/v2\/more?post=26440"},{"taxonomy":"product_brand","embeddable":true,"href":"https:\/\/esquell.eu\/fr\/wp-json\/wp\/v2\/product_brand?post=26440"},{"taxonomy":"product_cat","embeddable":true,"href":"https:\/\/esquell.eu\/fr\/wp-json\/wp\/v2\/product_cat?post=26440"},{"taxonomy":"product_tag","embeddable":true,"href":"https:\/\/esquell.eu\/fr\/wp-json\/wp\/v2\/product_tag?post=26440"}],"curies":[{"name":"wp","href":"https:\/\/api.w.org\/{rel}","templated":true}]}}