{"id":26436,"date":"2025-04-03T09:22:46","date_gmt":"2025-04-03T09:22:46","guid":{"rendered":"https:\/\/esquell.eu\/product\/pince-a-epiler-en-plastique\/"},"modified":"2025-04-03T09:22:46","modified_gmt":"2025-04-03T09:22:46","slug":"pince-a-epiler-en-plastique","status":"publish","type":"product","link":"https:\/\/esquell.eu\/fr\/produit\/pince-a-epiler-en-plastique\/","title":{"rendered":"Pince \u00e0 \u00e9piler en plastique"},"content":{"rendered":"<p>Pince \u00e0 \u00e9piler en plastique, antistatique<\/p>\n","protected":false},"excerpt":{"rendered":"<p>Pince \u00e0 \u00e9piler en plastique<\/p>\n","protected":false},"featured_media":7346,"comment_status":"closed","ping_status":"closed","template":"","meta":{"_acf_changed":false,"_seopress_robots_primary_cat":"none","_seopress_titles_title":"","_seopress_titles_desc":"","_seopress_robots_index":""},"more":[],"product_brand":[6398],"product_cat":[7397],"product_tag":[6527,20452,6650,20453,13536,7926,8078,20451],"class_list":{"0":"post-26436","1":"product","2":"type-product","3":"status-publish","4":"has-post-thumbnail","6":"product_brand-l1","7":"product_cat-pince-et-pince-a-epiler","8":"product_tag-anti","9":"product_tag-antistatique","10":"product_tag-cuivre","11":"product_tag-decoction-2","12":"product_tag-pincettes","13":"product_tag-plastique","14":"product_tag-soudure","15":"product_tag-statique","16":"product_shipping_class-standard","18":"first","19":"instock","20":"taxable","21":"shipping-taxable","22":"purchasable","23":"product-type-simple"},"acf":[],"_links":{"self":[{"href":"https:\/\/esquell.eu\/fr\/wp-json\/wp\/v2\/product\/26436","targetHints":{"allow":["GET"]}}],"collection":[{"href":"https:\/\/esquell.eu\/fr\/wp-json\/wp\/v2\/product"}],"about":[{"href":"https:\/\/esquell.eu\/fr\/wp-json\/wp\/v2\/types\/product"}],"replies":[{"embeddable":true,"href":"https:\/\/esquell.eu\/fr\/wp-json\/wp\/v2\/comments?post=26436"}],"wp:featuredmedia":[{"embeddable":true,"href":"https:\/\/esquell.eu\/fr\/wp-json\/wp\/v2\/media\/7346"}],"wp:attachment":[{"href":"https:\/\/esquell.eu\/fr\/wp-json\/wp\/v2\/media?parent=26436"}],"wp:term":[{"taxonomy":"more","embeddable":true,"href":"https:\/\/esquell.eu\/fr\/wp-json\/wp\/v2\/more?post=26436"},{"taxonomy":"product_brand","embeddable":true,"href":"https:\/\/esquell.eu\/fr\/wp-json\/wp\/v2\/product_brand?post=26436"},{"taxonomy":"product_cat","embeddable":true,"href":"https:\/\/esquell.eu\/fr\/wp-json\/wp\/v2\/product_cat?post=26436"},{"taxonomy":"product_tag","embeddable":true,"href":"https:\/\/esquell.eu\/fr\/wp-json\/wp\/v2\/product_tag?post=26436"}],"curies":[{"name":"wp","href":"https:\/\/api.w.org\/{rel}","templated":true}]}}