{"id":26431,"date":"2025-04-03T09:22:46","date_gmt":"2025-04-03T09:22:46","guid":{"rendered":"https:\/\/esquell.eu\/product\/pince-a-bijoux-pour-realiser-des-oeillets-sur-le-fil-de-fer\/"},"modified":"2025-12-22T11:14:50","modified_gmt":"2025-12-22T11:14:50","slug":"pince-a-bijoux-pour-realiser-des-oeillets-sur-le-fil-de-fer","status":"publish","type":"product","link":"https:\/\/esquell.eu\/fr\/produit\/pince-a-bijoux-pour-realiser-des-oeillets-sur-le-fil-de-fer\/","title":{"rendered":"Pince \u00e0 bijoux pour r\u00e9aliser des \u0153illets sur le fil de fer"},"content":{"rendered":"<p>Pince \u00e0 bijoux permettant de r\u00e9aliser facilement des bagues en fil de fer, des boucles et autres embellissements de diff\u00e9rentes tailles.<br \/>\nLa pince poss\u00e8de une pointe dont le diam\u00e8tre augmente.<br \/>\nL&rsquo;autre c\u00f4t\u00e9 des m\u00e2choires est creux et permet d&rsquo;arrondir uniform\u00e9ment le fil de fer.<\/p>\n","protected":false},"excerpt":{"rendered":"<p>Pince \u00e0 bijoux permettant de r\u00e9aliser facilement des anneaux en fil de fer, des boucles et d&rsquo;autres d\u00e9corations de diff\u00e9rentes tailles.<br \/>\nLa pince a une pointe dont le diam\u00e8tre augmente. L&rsquo;autre c\u00f4t\u00e9 des m\u00e2choires est creux et permet d&rsquo;arrondir uniform\u00e9ment le fil. <\/p>\n","protected":false},"featured_media":29175,"comment_status":"closed","ping_status":"closed","template":"","meta":{"_acf_changed":false,"_seopress_robots_primary_cat":"none","_seopress_titles_title":"","_seopress_titles_desc":"","_seopress_robots_index":""},"more":[],"product_brand":[6398],"product_cat":[7397],"product_tag":[12642,20444,21864,20445,14037,12392,20446,20344,20448,20331,20347],"class_list":{"0":"post-26431","1":"product","2":"type-product","3":"status-publish","4":"has-post-thumbnail","6":"product_brand-l1","7":"product_cat-pince-et-pince-a-epiler","8":"product_tag-bijoux-en-fil-de-fer-2","9":"product_tag-bijoux-en-fil-de-fer-3","10":"product_tag-bijoux-en-fil-de-fer-4","11":"product_tag-bouclage","12":"product_tag-fabrication-de-bijoux-3","13":"product_tag-fil-de-fer-2","14":"product_tag-pince-2","15":"product_tag-pince-a-bijoux-2","16":"product_tag-pince-a-boucler-les-fils","17":"product_tag-pinces-de-bricolage","18":"product_tag-pinces-de-bricolage-2","19":"product_shipping_class-standard","21":"first","22":"instock","23":"taxable","24":"shipping-taxable","25":"purchasable","26":"product-type-simple"},"acf":[],"_links":{"self":[{"href":"https:\/\/esquell.eu\/fr\/wp-json\/wp\/v2\/product\/26431","targetHints":{"allow":["GET"]}}],"collection":[{"href":"https:\/\/esquell.eu\/fr\/wp-json\/wp\/v2\/product"}],"about":[{"href":"https:\/\/esquell.eu\/fr\/wp-json\/wp\/v2\/types\/product"}],"replies":[{"embeddable":true,"href":"https:\/\/esquell.eu\/fr\/wp-json\/wp\/v2\/comments?post=26431"}],"wp:featuredmedia":[{"embeddable":true,"href":"https:\/\/esquell.eu\/fr\/wp-json\/wp\/v2\/media\/29175"}],"wp:attachment":[{"href":"https:\/\/esquell.eu\/fr\/wp-json\/wp\/v2\/media?parent=26431"}],"wp:term":[{"taxonomy":"more","embeddable":true,"href":"https:\/\/esquell.eu\/fr\/wp-json\/wp\/v2\/more?post=26431"},{"taxonomy":"product_brand","embeddable":true,"href":"https:\/\/esquell.eu\/fr\/wp-json\/wp\/v2\/product_brand?post=26431"},{"taxonomy":"product_cat","embeddable":true,"href":"https:\/\/esquell.eu\/fr\/wp-json\/wp\/v2\/product_cat?post=26431"},{"taxonomy":"product_tag","embeddable":true,"href":"https:\/\/esquell.eu\/fr\/wp-json\/wp\/v2\/product_tag?post=26431"}],"curies":[{"name":"wp","href":"https:\/\/api.w.org\/{rel}","templated":true}]}}