{"id":26423,"date":"2025-04-03T09:22:46","date_gmt":"2025-04-03T09:22:46","guid":{"rendered":"https:\/\/esquell.eu\/product\/pince-a-epiler-en-laiton\/"},"modified":"2025-04-03T09:22:46","modified_gmt":"2025-04-03T09:22:46","slug":"pince-a-epiler-en-laiton","status":"publish","type":"product","link":"https:\/\/esquell.eu\/fr\/produit\/pince-a-epiler-en-laiton\/","title":{"rendered":"Pince \u00e0 \u00e9piler en laiton"},"content":{"rendered":"<p>Pince \u00e0 \u00e9piler en laiton.<\/p>\n<p>Pince \u00e0 \u00e9piler acide.<\/p>\n","protected":false},"excerpt":{"rendered":"<p>Pince \u00e0 \u00e9piler en laiton. Pince \u00e0 \u00e9piler acide. <\/p>\n","protected":false},"featured_media":7344,"comment_status":"closed","ping_status":"closed","template":"","meta":{"_acf_changed":false,"_seopress_robots_primary_cat":"none","_seopress_titles_title":"","_seopress_titles_desc":"","_seopress_robots_index":""},"more":[],"product_brand":[6363],"product_cat":[7397],"product_tag":[10252,20429,7353,13536,20427,20428,20430,13395,6664,8069,13523],"class_list":{"0":"post-26423","1":"product","2":"type-product","3":"status-publish","4":"has-post-thumbnail","6":"product_brand-bm","7":"product_cat-pince-et-pince-a-epiler","8":"product_tag-acide","9":"product_tag-la-securite-2","10":"product_tag-orfevres-3","11":"product_tag-pincettes","12":"product_tag-solutions","13":"product_tag-solutions-acides","14":"product_tag-soudage-forgeage","15":"product_tag-sur","16":"product_tag-tache","17":"product_tag-tache-eclair-2","18":"product_tag-vitrex","19":"product_shipping_class-standard","21":"first","22":"instock","23":"taxable","24":"shipping-taxable","25":"purchasable","26":"product-type-simple"},"acf":[],"_links":{"self":[{"href":"https:\/\/esquell.eu\/fr\/wp-json\/wp\/v2\/product\/26423","targetHints":{"allow":["GET"]}}],"collection":[{"href":"https:\/\/esquell.eu\/fr\/wp-json\/wp\/v2\/product"}],"about":[{"href":"https:\/\/esquell.eu\/fr\/wp-json\/wp\/v2\/types\/product"}],"replies":[{"embeddable":true,"href":"https:\/\/esquell.eu\/fr\/wp-json\/wp\/v2\/comments?post=26423"}],"wp:featuredmedia":[{"embeddable":true,"href":"https:\/\/esquell.eu\/fr\/wp-json\/wp\/v2\/media\/7344"}],"wp:attachment":[{"href":"https:\/\/esquell.eu\/fr\/wp-json\/wp\/v2\/media?parent=26423"}],"wp:term":[{"taxonomy":"more","embeddable":true,"href":"https:\/\/esquell.eu\/fr\/wp-json\/wp\/v2\/more?post=26423"},{"taxonomy":"product_brand","embeddable":true,"href":"https:\/\/esquell.eu\/fr\/wp-json\/wp\/v2\/product_brand?post=26423"},{"taxonomy":"product_cat","embeddable":true,"href":"https:\/\/esquell.eu\/fr\/wp-json\/wp\/v2\/product_cat?post=26423"},{"taxonomy":"product_tag","embeddable":true,"href":"https:\/\/esquell.eu\/fr\/wp-json\/wp\/v2\/product_tag?post=26423"}],"curies":[{"name":"wp","href":"https:\/\/api.w.org\/{rel}","templated":true}]}}