{"id":26392,"date":"2025-04-03T09:22:46","date_gmt":"2025-04-03T09:22:46","guid":{"rendered":"https:\/\/esquell.eu\/product\/jeu-de-5-pinces-a-bijoux\/"},"modified":"2025-12-22T11:14:43","modified_gmt":"2025-12-22T11:14:43","slug":"jeu-de-5-pinces-a-bijoux","status":"publish","type":"product","link":"https:\/\/esquell.eu\/fr\/produit\/jeu-de-5-pinces-a-bijoux\/","title":{"rendered":"Jeu de 5 pinces \u00e0 bijoux."},"content":{"rendered":"<p>Ensemble professionnel de 5 pinces \u00e0 bijoux en acier inoxydable. Voir les photos pour plus de d\u00e9tails. <\/p>\n<p>Dans une pochette pratique.<\/p>\n<p>L&rsquo;ensemble est compos\u00e9 de<\/p>\n<p>M\u00e8che plate<\/p>\n<p>Pince \u00e0 becs pointus<\/p>\n<p>Pince \u00e0 becs ronds<\/p>\n<p>pince h\u00e9misph\u00e9rique\/plate<\/p>\n<p>pince ronde\/plate.<\/p>\n","protected":false},"excerpt":{"rendered":"<p>Ensemble professionnel de 5 pinces \u00e0 bijoux en acier inoxydable. Voir les photos pour plus de d\u00e9tails. <\/p>\n<p>Dans une pochette pratique.<\/p>\n<p>L&rsquo;ensemble est compos\u00e9 de<\/p>\n<p>M\u00e8che plate<\/p>\n<p>Pince \u00e0 becs pointus<\/p>\n<p>Pince \u00e0 becs ronds<\/p>\n<p>pince h\u00e9misph\u00e9rique\/plate<\/p>\n<p>pince ronde\/plate.<\/p>\n<p>&nbsp;<\/p>\n<p>&nbsp;<\/p>\n<p>&nbsp;<\/p>\n<p>&nbsp;<\/p>\n","protected":false},"featured_media":26394,"comment_status":"closed","ping_status":"closed","template":"","meta":{"_acf_changed":false,"_seopress_robots_primary_cat":"none","_seopress_titles_title":"","_seopress_titles_desc":"","_seopress_robots_index":""},"more":[],"product_brand":[6363],"product_cat":[7397],"product_tag":[20345,20470,20330,20346,14037,20327,20344,20328,20343,20331,20347,20398,20329,20348],"class_list":{"0":"post-26392","1":"product","2":"type-product","3":"status-publish","4":"has-post-thumbnail","6":"product_brand-bm","7":"product_cat-pince-et-pince-a-epiler","8":"product_tag-coupeur-lateral","9":"product_tag-coupeur-lateral-2","10":"product_tag-cutter-4","11":"product_tag-cutter-5","12":"product_tag-fabrication-de-bijoux-3","13":"product_tag-pince-a-bijoux","14":"product_tag-pince-a-bijoux-2","15":"product_tag-pinces-4","16":"product_tag-pinces-5","17":"product_tag-pinces-de-bricolage","18":"product_tag-pinces-de-bricolage-2","19":"product_tag-pinces-de-bricolage-3","20":"product_tag-poignee-souple","21":"product_tag-tronconneuse","22":"product_shipping_class-standard","24":"first","25":"instock","26":"taxable","27":"shipping-taxable","28":"purchasable","29":"product-type-simple"},"acf":[],"_links":{"self":[{"href":"https:\/\/esquell.eu\/fr\/wp-json\/wp\/v2\/product\/26392","targetHints":{"allow":["GET"]}}],"collection":[{"href":"https:\/\/esquell.eu\/fr\/wp-json\/wp\/v2\/product"}],"about":[{"href":"https:\/\/esquell.eu\/fr\/wp-json\/wp\/v2\/types\/product"}],"replies":[{"embeddable":true,"href":"https:\/\/esquell.eu\/fr\/wp-json\/wp\/v2\/comments?post=26392"}],"wp:featuredmedia":[{"embeddable":true,"href":"https:\/\/esquell.eu\/fr\/wp-json\/wp\/v2\/media\/26394"}],"wp:attachment":[{"href":"https:\/\/esquell.eu\/fr\/wp-json\/wp\/v2\/media?parent=26392"}],"wp:term":[{"taxonomy":"more","embeddable":true,"href":"https:\/\/esquell.eu\/fr\/wp-json\/wp\/v2\/more?post=26392"},{"taxonomy":"product_brand","embeddable":true,"href":"https:\/\/esquell.eu\/fr\/wp-json\/wp\/v2\/product_brand?post=26392"},{"taxonomy":"product_cat","embeddable":true,"href":"https:\/\/esquell.eu\/fr\/wp-json\/wp\/v2\/product_cat?post=26392"},{"taxonomy":"product_tag","embeddable":true,"href":"https:\/\/esquell.eu\/fr\/wp-json\/wp\/v2\/product_tag?post=26392"}],"curies":[{"name":"wp","href":"https:\/\/api.w.org\/{rel}","templated":true}]}}