{"id":26364,"date":"2025-04-03T09:22:39","date_gmt":"2025-04-03T09:22:39","guid":{"rendered":"https:\/\/esquell.eu\/product\/micro-limes-set-of-5\/"},"modified":"2025-11-18T08:09:35","modified_gmt":"2025-11-18T08:09:35","slug":"micro-limes-set-of-5","status":"publish","type":"product","link":"https:\/\/esquell.eu\/fr\/produit\/micro-limes-set-of-5\/","title":{"rendered":"Micro limes set of 5"},"content":{"rendered":"<p>Limes micro diamant\u00e9es, limes \u00e0 main, petites. Pour la fabrication de bijoux, par exemple. Jeu de 5 tailles diff\u00e9rentes. Micro limes   <\/p>\n<p>Lime \u00e0 main diamant\u00e9e. <\/p>\n<p>Longueur 10 cm<\/p>\n","protected":false},"excerpt":{"rendered":"<p>Limes micro diamant\u00e9es, limes \u00e0 main, petites. Pour la fabrication de bijoux, par exemple. Jeu de 5 tailles diff\u00e9rentes. Micro limes   <\/p>\n<p>Lime \u00e0 main diamant\u00e9e. <\/p>\n<p>Longueur 10 cm<\/p>\n","protected":false},"featured_media":26366,"comment_status":"closed","ping_status":"closed","template":"","meta":{"_acf_changed":false,"_seopress_robots_primary_cat":"none","_seopress_titles_title":"","_seopress_titles_desc":"","_seopress_robots_index":""},"more":[],"product_brand":[6398],"product_cat":[6366,6809],"product_tag":[9303,6386,6638,7339,6473,6404,20055,6378,6376,6393,6396,8238,6372,6642,9352,6658,6641,6409,6412,6528,7546,6650,7104,20054,9797,8222,6763,6374,14618,19877,20053,10192,14553,19876,11839,6855,6635,6401,7479,6761,6381,6369,6634,6472,8220,10354,6403,7215,7287,6559,6400,6656,6640,6426,9105,6821,6652,6636,6391,6710,6644,7670,8861,8743,7486,7488,8301,7774,9894,6407,6722,20056,8304,14589,9892,7055],"class_list":{"0":"post-26364","1":"product","2":"type-product","3":"status-publish","4":"has-post-thumbnail","6":"product_brand-l1","7":"product_cat-poncage-limage-et-polissage","8":"product_cat-vente","9":"product_tag-9303","10":"product_tag-aida","11":"product_tag-anneaux","12":"product_tag-argent-malleable","13":"product_tag-argile-2","14":"product_tag-argile-argentee","15":"product_tag-argile-argentee-6","16":"product_tag-argile-metallique","17":"product_tag-artclaysilver","18":"product_tag-belgique","19":"product_tag-belgique-2","20":"product_tag-benelux","21":"product_tag-bijoux","22":"product_tag-bijoux-2","23":"product_tag-bijoux-diy","24":"product_tag-bijoux-en-argile","25":"product_tag-boucles-doreilles","26":"product_tag-bricolage","27":"product_tag-bronze","28":"product_tag-bronze-2","29":"product_tag-bronze-3","30":"product_tag-cuivre","31":"product_tag-cuivre-2","32":"product_tag-differentes-tailles","33":"product_tag-epoxy","34":"product_tag-eu","35":"product_tag-facebook","36":"product_tag-faire","37":"product_tag-fichier","38":"product_tag-fichier-2","39":"product_tag-fichier-3","40":"product_tag-fichiers","41":"product_tag-fichiers-2","42":"product_tag-fichiers-3","43":"product_tag-finition-2","44":"product_tag-fixer","45":"product_tag-fournitures","46":"product_tag-france","47":"product_tag-france-2","48":"product_tag-instagram","49":"product_tag-japon","50":"product_tag-largent","51":"product_tag-largent-3","52":"product_tag-lart","53":"product_tag-leurope","54":"product_tag-leurope-2","55":"product_tag-lor","56":"product_tag-lor-2","57":"product_tag-lor-3","58":"product_tag-lignes-dartisanat","59":"product_tag-luxembourg","60":"product_tag-luxembourg-2","61":"product_tag-maison","62":"product_tag-malleable","63":"product_tag-micro","64":"product_tag-mini","65":"product_tag-orfevres","66":"product_tag-outils","67":"product_tag-pays-bas","68":"product_tag-pendentifs","69":"product_tag-pieces","70":"product_tag-pinterest","71":"product_tag-polissage","72":"product_tag-poncage","73":"product_tag-porcelaine","74":"product_tag-porcelin","75":"product_tag-precision","76":"product_tag-resine","77":"product_tag-resine-2","78":"product_tag-silverclay-co-uk","79":"product_tag-silveribelgie","80":"product_tag-tempete-de-sable-2","81":"product_tag-travail","82":"product_tag-travaux","83":"product_tag-uv","84":"product_tag-verre","85":"product_shipping_class-standard","87":"first","88":"instock","89":"sale","90":"taxable","91":"shipping-taxable","92":"purchasable","93":"product-type-simple"},"acf":[],"_links":{"self":[{"href":"https:\/\/esquell.eu\/fr\/wp-json\/wp\/v2\/product\/26364","targetHints":{"allow":["GET"]}}],"collection":[{"href":"https:\/\/esquell.eu\/fr\/wp-json\/wp\/v2\/product"}],"about":[{"href":"https:\/\/esquell.eu\/fr\/wp-json\/wp\/v2\/types\/product"}],"replies":[{"embeddable":true,"href":"https:\/\/esquell.eu\/fr\/wp-json\/wp\/v2\/comments?post=26364"}],"wp:featuredmedia":[{"embeddable":true,"href":"https:\/\/esquell.eu\/fr\/wp-json\/wp\/v2\/media\/26366"}],"wp:attachment":[{"href":"https:\/\/esquell.eu\/fr\/wp-json\/wp\/v2\/media?parent=26364"}],"wp:term":[{"taxonomy":"more","embeddable":true,"href":"https:\/\/esquell.eu\/fr\/wp-json\/wp\/v2\/more?post=26364"},{"taxonomy":"product_brand","embeddable":true,"href":"https:\/\/esquell.eu\/fr\/wp-json\/wp\/v2\/product_brand?post=26364"},{"taxonomy":"product_cat","embeddable":true,"href":"https:\/\/esquell.eu\/fr\/wp-json\/wp\/v2\/product_cat?post=26364"},{"taxonomy":"product_tag","embeddable":true,"href":"https:\/\/esquell.eu\/fr\/wp-json\/wp\/v2\/product_tag?post=26364"}],"curies":[{"name":"wp","href":"https:\/\/api.w.org\/{rel}","templated":true}]}}