{"id":26359,"date":"2025-04-03T09:22:39","date_gmt":"2025-04-03T09:22:39","guid":{"rendered":"https:\/\/esquell.eu\/product\/rouleaux-de-poncage-pour-mulittool-jeu-de-4-rouleaux\/"},"modified":"2025-04-03T09:22:39","modified_gmt":"2025-04-03T09:22:39","slug":"rouleaux-de-poncage-pour-mulittool-jeu-de-4-rouleaux","status":"publish","type":"product","link":"https:\/\/esquell.eu\/fr\/produit\/rouleaux-de-poncage-pour-mulittool-jeu-de-4-rouleaux\/","title":{"rendered":"Rouleaux de pon\u00e7age pour mulittool. Jeu de 4 rouleaux."},"content":{"rendered":"<p>Rouleaux de pon\u00e7age pour Dremel ou autres outils multiples. Jeu de 4. <\/p>\n<p>Pour le pon\u00e7age et le polissage des m\u00e9taux, du bois, du plastique, de la pierre naturelle, du verre, de l&rsquo;\u00e9poxy, etc.<\/p>\n<p>Arbre 3mm<\/p>\n<p>Le courage :<\/p>\n<p>#400<br \/>\n#600<br \/>\n#1000<\/p>\n<p>Les rouleaux sont durables \u00e0 l&rsquo;usage.<br \/>\nL&rsquo;ext\u00e9rieur us\u00e9 peut \u00eatre coup\u00e9 et le rouleau est \u00e0 nouveau comme neuf.<\/p>\n","protected":false},"excerpt":{"rendered":"<p>Rouleaux de pon\u00e7age pour Dremel ou autres outils multiples. Jeu de 4. <\/p>\n<p>Pour le pon\u00e7age et le polissage des m\u00e9taux, du bois, du plastique, de la pierre naturelle, du verre, de l&rsquo;\u00e9poxy, etc.<\/p>\n<p>Arbre 3mm<\/p>\n<p>Le courage :<\/p>\n<p>#400<\/p>\n<p>#600<\/p>\n<p>#1000<\/p>\n<p>#1500<\/p>\n<p>Les rouleaux sont durables.<\/p>\n<p>La partie ext\u00e9rieure us\u00e9e peut \u00eatre coup\u00e9e et le rouleau est \u00e0 nouveau comme neuf.<\/p>\n","protected":false},"featured_media":4252,"comment_status":"closed","ping_status":"closed","template":"","meta":{"_acf_changed":false,"_seopress_robots_primary_cat":"none","_seopress_titles_title":"","_seopress_titles_desc":"","_seopress_robots_index":""},"more":[],"product_brand":[6398],"product_cat":[6366],"product_tag":[9296,8450,16617,6847,7016,8074,14502,6372,6642,10132,10197,10294,15607,20281,6412,15229,8332,20285,6650,10110,11278,9793,11992,6369,6403,6426,6759,20282,10255,7405,14032,12082,8861,13868,10199,20286,8743,7506,20283,20284,13402,7055],"class_list":{"0":"post-26359","1":"product","2":"type-product","3":"status-publish","4":"has-post-thumbnail","6":"product_brand-l1","7":"product_cat-poncage-limage-et-polissage","8":"product_tag-9296","9":"product_tag-8450","10":"product_tag-3mm","11":"product_tag-acier-inoxydable","12":"product_tag-amende-2","13":"product_tag-antique","14":"product_tag-arbre-2","15":"product_tag-bijoux","16":"product_tag-bijoux-2","17":"product_tag-brillant","18":"product_tag-brillant-2","19":"product_tag-brillant-3","20":"product_tag-brillant-5","21":"product_tag-brillant-7","22":"product_tag-bronze","23":"product_tag-bronzite","24":"product_tag-broyage","25":"product_tag-broyeur","26":"product_tag-cuivre","27":"product_tag-fait","28":"product_tag-grossier","29":"product_tag-humidifier","30":"product_tag-inoxydable","31":"product_tag-largent","32":"product_tag-lor","33":"product_tag-malleable","34":"product_tag-metal","35":"product_tag-miroir","36":"product_tag-mm","37":"product_tag-outil-2","38":"product_tag-perles-6","39":"product_tag-plaque-or-2","40":"product_tag-polissage","41":"product_tag-polissage-3","42":"product_tag-polissage-du-miroir","43":"product_tag-politique-2","44":"product_tag-poncage","45":"product_tag-pour","46":"product_tag-rouleau-de-poncage","47":"product_tag-rouleaux-de-poncage","48":"product_tag-tenir-2","49":"product_tag-verre","50":"product_shipping_class-standard","52":"first","53":"instock","54":"taxable","55":"shipping-taxable","56":"purchasable","57":"product-type-simple"},"acf":[],"_links":{"self":[{"href":"https:\/\/esquell.eu\/fr\/wp-json\/wp\/v2\/product\/26359","targetHints":{"allow":["GET"]}}],"collection":[{"href":"https:\/\/esquell.eu\/fr\/wp-json\/wp\/v2\/product"}],"about":[{"href":"https:\/\/esquell.eu\/fr\/wp-json\/wp\/v2\/types\/product"}],"replies":[{"embeddable":true,"href":"https:\/\/esquell.eu\/fr\/wp-json\/wp\/v2\/comments?post=26359"}],"wp:featuredmedia":[{"embeddable":true,"href":"https:\/\/esquell.eu\/fr\/wp-json\/wp\/v2\/media\/4252"}],"wp:attachment":[{"href":"https:\/\/esquell.eu\/fr\/wp-json\/wp\/v2\/media?parent=26359"}],"wp:term":[{"taxonomy":"more","embeddable":true,"href":"https:\/\/esquell.eu\/fr\/wp-json\/wp\/v2\/more?post=26359"},{"taxonomy":"product_brand","embeddable":true,"href":"https:\/\/esquell.eu\/fr\/wp-json\/wp\/v2\/product_brand?post=26359"},{"taxonomy":"product_cat","embeddable":true,"href":"https:\/\/esquell.eu\/fr\/wp-json\/wp\/v2\/product_cat?post=26359"},{"taxonomy":"product_tag","embeddable":true,"href":"https:\/\/esquell.eu\/fr\/wp-json\/wp\/v2\/product_tag?post=26359"}],"curies":[{"name":"wp","href":"https:\/\/api.w.org\/{rel}","templated":true}]}}