{"id":26353,"date":"2025-04-03T09:22:39","date_gmt":"2025-04-03T09:22:39","guid":{"rendered":"https:\/\/esquell.eu\/product\/stylo-de-polissage-de-la-pierre-dagate-acs\/"},"modified":"2026-01-10T14:33:56","modified_gmt":"2026-01-10T14:33:56","slug":"stylo-de-polissage-de-la-pierre-dagate-acs","status":"publish","type":"product","link":"https:\/\/esquell.eu\/fr\/produit\/stylo-de-polissage-de-la-pierre-dagate-acs\/","title":{"rendered":"Stylo de polissage de la pierre d&rsquo;agate ACS"},"content":{"rendered":"<p>Stylo \u00e0 polir. Support en acier inoxydable et pierre d&rsquo;agate polie pour le polissage brillant et miroir de l&rsquo;argile m\u00e9tallique.<br \/>\nLe polissage avec la pierre d&rsquo;agate se fait en frottant avec une l\u00e9g\u00e8re pression sur la surface \u00e0 polir jusqu&rsquo;\u00e0 ce que la brillance apparaisse.<br \/>\nUtilisez le c\u00f4t\u00e9 long. La pointe peut provoquer des rayures.  <\/p>\n","protected":false},"excerpt":{"rendered":"<p>Stylo \u00e0 polir. Support en acier inoxydable et pierre d&rsquo;agate polie pour le polissage brillant et miroir de l&rsquo;argile m\u00e9tallique. <\/p>\n<p>Le polissage de la pierre d&rsquo;agate se fait en frottant la surface \u00e0 polir avec une l\u00e9g\u00e8re pression jusqu&rsquo;\u00e0 ce que la brillance apparaisse.<\/p>\n<p>Utilisez le c\u00f4t\u00e9 long. La pointe peut provoquer des rayures. <\/p>\n","protected":false},"featured_media":26356,"comment_status":"closed","ping_status":"closed","template":"","meta":{"_acf_changed":false,"_seopress_robots_primary_cat":"none","_seopress_titles_title":"","_seopress_titles_desc":"","_seopress_robots_index":""},"more":[],"product_brand":[6398],"product_cat":[6366,6809],"product_tag":[6470,6476,6645,7760,8284,6646,6939,9048,15433,7016,7098,6638,6473,6404,6378,6390,6376,20272,6393,13299,6372,6642,9795,6941,6409,10197,6412,6649,11342,6650,6655,6647,9051,20271,7689,13278,10080,7677,9961,6763,6374,6798,7671,11839,8031,9773,6653,6651,6801,6761,6369,6634,6472,6403,6559,14490,6759,8701,10137,6661,6637,7313,10082,6652,6643,7405,6636,15039,7422,6391,6665,12932,7670,7029,10185,8861,10199,6922,6954,6778,6407,6964,18874,6919,14912,20270,20269,6663,6807,6776,6667,19030],"class_list":{"0":"post-26353","1":"product","2":"type-product","3":"status-publish","4":"has-post-thumbnail","6":"product_brand-l1","7":"product_cat-poncage-limage-et-polissage","8":"product_cat-vente","9":"product_tag-6470","10":"product_tag-6476","11":"product_tag-a","12":"product_tag-achats-2","13":"product_tag-achats-3","14":"product_tag-acheter","15":"product_tag-acheter-2","16":"product_tag-agate","17":"product_tag-agates","18":"product_tag-amende-2","19":"product_tag-anneau","20":"product_tag-anneaux","21":"product_tag-argile-2","22":"product_tag-argile-argentee","23":"product_tag-argile-metallique","24":"product_tag-argile-metallique-2","25":"product_tag-artclaysilver","26":"product_tag-artcly","27":"product_tag-belgique","28":"product_tag-bijouterie","29":"product_tag-bijoux","30":"product_tag-bijoux-2","31":"product_tag-bloc-de-metal","32":"product_tag-brabant","33":"product_tag-bricolage","34":"product_tag-brillant-2","35":"product_tag-bronze","36":"product_tag-commande","37":"product_tag-contenu-2","38":"product_tag-cuivre","39":"product_tag-drenthe","40":"product_tag-en-ligne","41":"product_tag-epingle-en-agate","42":"product_tag-epingles-en-agate","43":"product_tag-etsy","44":"product_tag-fabrication-de-bagues","45":"product_tag-fabrication-de-bijoux-2","46":"product_tag-fabrication-de-bijoux-par-soi-meme","47":"product_tag-fabrication-de-bijoux-par-soi-meme-2","48":"product_tag-facebook","49":"product_tag-faire","50":"product_tag-faire-2","51":"product_tag-faire-soi-meme","52":"product_tag-finition-2","53":"product_tag-fournitures-pour-bijoux","54":"product_tag-fournitures-pour-largile-argentee","55":"product_tag-frise","56":"product_tag-groningue","57":"product_tag-il","58":"product_tag-instagram","59":"product_tag-largent","60":"product_tag-largent-3","61":"product_tag-lart","62":"product_tag-lor","63":"product_tag-lignes-dartisanat","64":"product_tag-lisse-2","65":"product_tag-metal","66":"product_tag-metal-3","67":"product_tag-metal-precieux","68":"product_tag-nord","69":"product_tag-orfevre","70":"product_tag-orfevre-2","71":"product_tag-orfevre-3","72":"product_tag-orfevres","73":"product_tag-ou","74":"product_tag-outil-2","75":"product_tag-outils","76":"product_tag-outils-a-main","77":"product_tag-outils-de-bijouterie","78":"product_tag-pays-bas","79":"product_tag-pays-bas-2","80":"product_tag-pierres-dagate","81":"product_tag-pinterest","82":"product_tag-pmc","83":"product_tag-polir-3","84":"product_tag-polissage","85":"product_tag-polissage-du-miroir","86":"product_tag-pur","87":"product_tag-pur-2","88":"product_tag-reel","89":"product_tag-silverclay-co-uk","90":"product_tag-sollid","91":"product_tag-sonnerie-automatique","92":"product_tag-sterling","93":"product_tag-stylo-de-polissage","94":"product_tag-stylo-de-polissage-brunisseur","95":"product_tag-stylos-a-polir","96":"product_tag-sud","97":"product_tag-vous-2","98":"product_tag-vraiment","99":"product_tag-zelande","100":"product_tag-zilverklei-be","101":"product_shipping_class-standard","103":"first","104":"instock","105":"sale","106":"taxable","107":"shipping-taxable","108":"purchasable","109":"product-type-simple"},"acf":[],"_links":{"self":[{"href":"https:\/\/esquell.eu\/fr\/wp-json\/wp\/v2\/product\/26353","targetHints":{"allow":["GET"]}}],"collection":[{"href":"https:\/\/esquell.eu\/fr\/wp-json\/wp\/v2\/product"}],"about":[{"href":"https:\/\/esquell.eu\/fr\/wp-json\/wp\/v2\/types\/product"}],"replies":[{"embeddable":true,"href":"https:\/\/esquell.eu\/fr\/wp-json\/wp\/v2\/comments?post=26353"}],"wp:featuredmedia":[{"embeddable":true,"href":"https:\/\/esquell.eu\/fr\/wp-json\/wp\/v2\/media\/26356"}],"wp:attachment":[{"href":"https:\/\/esquell.eu\/fr\/wp-json\/wp\/v2\/media?parent=26353"}],"wp:term":[{"taxonomy":"more","embeddable":true,"href":"https:\/\/esquell.eu\/fr\/wp-json\/wp\/v2\/more?post=26353"},{"taxonomy":"product_brand","embeddable":true,"href":"https:\/\/esquell.eu\/fr\/wp-json\/wp\/v2\/product_brand?post=26353"},{"taxonomy":"product_cat","embeddable":true,"href":"https:\/\/esquell.eu\/fr\/wp-json\/wp\/v2\/product_cat?post=26353"},{"taxonomy":"product_tag","embeddable":true,"href":"https:\/\/esquell.eu\/fr\/wp-json\/wp\/v2\/product_tag?post=26353"}],"curies":[{"name":"wp","href":"https:\/\/api.w.org\/{rel}","templated":true}]}}