{"id":26311,"date":"2025-04-03T09:22:39","date_gmt":"2025-04-03T09:22:39","guid":{"rendered":"https:\/\/esquell.eu\/product\/blocs-pour-le-poncage-et-le-polissage\/"},"modified":"2025-04-03T09:22:39","modified_gmt":"2025-04-03T09:22:39","slug":"blocs-pour-le-poncage-et-le-polissage","status":"publish","type":"product","link":"https:\/\/esquell.eu\/fr\/produit\/blocs-pour-le-poncage-et-le-polissage\/","title":{"rendered":"Blocs pour le pon\u00e7age et le polissage."},"content":{"rendered":"<p>Blocs pour le pon\u00e7age et le polissage.<\/p>\n<p>Chaque c\u00f4t\u00e9 a un grain diff\u00e9rent.<\/p>\n","protected":false},"excerpt":{"rendered":"<p>Blocs pour le pon\u00e7age et le polissage.<\/p>\n<p>Chaque c\u00f4t\u00e9 a un grain diff\u00e9rent.<\/p>\n","protected":false},"featured_media":7365,"comment_status":"closed","ping_status":"closed","template":"","meta":{"_acf_changed":false,"_seopress_robots_primary_cat":"none","_seopress_titles_title":"","_seopress_titles_desc":"","_seopress_robots_index":""},"more":[],"product_brand":[6398],"product_cat":[7504,6366],"product_tag":[6386,6388,6741,6404,6405,6376,6658,6579,6706,6743,9797,6381,6559,20235,11371,6816,8861,8743,7774,9894],"class_list":{"0":"post-26311","1":"product","2":"type-product","3":"status-publish","4":"has-post-thumbnail","6":"product_brand-l1","7":"product_cat-argile","8":"product_cat-poncage-limage-et-polissage","9":"product_tag-aida","10":"product_tag-argile","11":"product_tag-argile-3","12":"product_tag-argile-argentee","13":"product_tag-artclay","14":"product_tag-artclaysilver","15":"product_tag-bijoux-en-argile","16":"product_tag-certifie","17":"product_tag-commerce-de-gros","18":"product_tag-distributeur","19":"product_tag-epoxy","20":"product_tag-japon","21":"product_tag-lignes-dartisanat","22":"product_tag-oedkoop","23":"product_tag-papier-de-verre","24":"product_tag-pate-polymere","25":"product_tag-polissage","26":"product_tag-poncage","27":"product_tag-resine","28":"product_tag-resine-2","29":"product_shipping_class-standard","31":"first","32":"instock","33":"taxable","34":"shipping-taxable","35":"purchasable","36":"product-type-simple"},"acf":[],"_links":{"self":[{"href":"https:\/\/esquell.eu\/fr\/wp-json\/wp\/v2\/product\/26311","targetHints":{"allow":["GET"]}}],"collection":[{"href":"https:\/\/esquell.eu\/fr\/wp-json\/wp\/v2\/product"}],"about":[{"href":"https:\/\/esquell.eu\/fr\/wp-json\/wp\/v2\/types\/product"}],"replies":[{"embeddable":true,"href":"https:\/\/esquell.eu\/fr\/wp-json\/wp\/v2\/comments?post=26311"}],"wp:featuredmedia":[{"embeddable":true,"href":"https:\/\/esquell.eu\/fr\/wp-json\/wp\/v2\/media\/7365"}],"wp:attachment":[{"href":"https:\/\/esquell.eu\/fr\/wp-json\/wp\/v2\/media?parent=26311"}],"wp:term":[{"taxonomy":"more","embeddable":true,"href":"https:\/\/esquell.eu\/fr\/wp-json\/wp\/v2\/more?post=26311"},{"taxonomy":"product_brand","embeddable":true,"href":"https:\/\/esquell.eu\/fr\/wp-json\/wp\/v2\/product_brand?post=26311"},{"taxonomy":"product_cat","embeddable":true,"href":"https:\/\/esquell.eu\/fr\/wp-json\/wp\/v2\/product_cat?post=26311"},{"taxonomy":"product_tag","embeddable":true,"href":"https:\/\/esquell.eu\/fr\/wp-json\/wp\/v2\/product_tag?post=26311"}],"curies":[{"name":"wp","href":"https:\/\/api.w.org\/{rel}","templated":true}]}}